{"id":3852,"date":"2025-03-23T19:26:42","date_gmt":"2025-03-23T17:26:42","guid":{"rendered":"https:\/\/dumont.ee\/?page_id=3852\/"},"modified":"2026-04-10T11:16:15","modified_gmt":"2026-04-10T09:16:15","slug":"off-grid-lahendused","status":"publish","type":"page","link":"https:\/\/dumont.ee\/ru\/off-grid-lahendused\/","title":{"rendered":"Off-grid t\u00f6\u00f6d"},"content":{"rendered":"<div data-elementor-type=\"wp-page\" data-elementor-id=\"3852\" class=\"elementor elementor-3852\">\n\t\t\t\t<div class=\"elementor-element elementor-element-4bb17470 e-flex e-con-boxed e-con e-parent\" data-id=\"4bb17470\" data-element_type=\"container\" data-e-type=\"container\" data-settings=\"{&quot;background_background&quot;:&quot;classic&quot;}\">\n\t\t\t\t\t<div class=\"e-con-inner\">\n\t\t\t\t<div class=\"elementor-element elementor-element-367cf2a5 elementor-widget elementor-widget-heading\" data-id=\"367cf2a5\" data-element_type=\"widget\" data-e-type=\"widget\" data-widget_type=\"heading.default\">\n\t\t\t\t\t<h1 class=\"elementor-heading-title elementor-size-default\">\u0420\u0435\u0448\u0435\u043d\u0438\u044f \u0434\u043b\u044f \u0430\u0432\u0442\u043e\u043d\u043e\u043c\u043d\u043e\u0433\u043e \u044d\u043d\u0435\u0440\u0433\u043e\u0441\u043d\u0430\u0431\u0436\u0435\u043d\u0438\u044f<\/h1>\t\t\t\t<\/div>\n\t\t\t\t\t<\/div>\n\t\t\t\t<\/div>\n\t\t<div class=\"elementor-element elementor-element-2398690d e-flex e-con-boxed e-con e-parent\" data-id=\"2398690d\" data-element_type=\"container\" data-e-type=\"container\" data-settings=\"{&quot;background_background&quot;:&quot;classic&quot;}\">\n\t\t\t\t\t<div class=\"e-con-inner\">\n\t\t\t\t<div class=\"elementor-element elementor-element-35a01f7 elementor-widget elementor-widget-heading\" data-id=\"35a01f7\" data-element_type=\"widget\" data-e-type=\"widget\" data-widget_type=\"heading.default\">\n\t\t\t\t\t<h2 class=\"elementor-heading-title elementor-size-default\">\u041d\u0435\u0437\u0430\u0432\u0438\u0441\u0438\u043c\u043e\u0435 \u044d\u043b\u0435\u043a\u0442\u0440\u043e\u0441\u043d\u0430\u0431\u0436\u0435\u043d\u0438\u0435 \u0432 \u043c\u0435\u0441\u0442\u0430\u0445, \u0433\u0434\u0435 \u043f\u043e\u0434\u043a\u043b\u044e\u0447\u0435\u043d\u0438\u0435 \u043a \u044d\u043b\u0435\u043a\u0442\u0440\u043e\u0441\u0435\u0442\u0438 \u043d\u0435 \u044f\u0432\u043b\u044f\u0435\u0442\u0441\u044f \u0435\u0434\u0438\u043d\u0441\u0442\u0432\u0435\u043d\u043d\u044b\u043c \u0432\u0430\u0440\u0438\u0430\u043d\u0442\u043e\u043c<\/h2>\t\t\t\t<\/div>\n\t\t\t\t<div class=\"elementor-element elementor-element-17029f7a elementor-widget elementor-widget-text-editor\" data-id=\"17029f7a\" data-element_type=\"widget\" data-e-type=\"widget\" data-widget_type=\"text-editor.default\">\n\t\t\t\t\t\t\t\t\t<p data-start=\"135\" data-end=\"416\">\u0410\u0432\u0442\u043e\u043d\u043e\u043c\u043d\u043e\u0435 \u0440\u0435\u0448\u0435\u043d\u0438\u0435 \u043f\u043e\u0437\u0432\u043e\u043b\u044f\u0435\u0442 \u0441\u043e\u0437\u0434\u0430\u0442\u044c \u043d\u0430\u0434\u0435\u0436\u043d\u0443\u044e \u0441\u0438\u0441\u0442\u0435\u043c\u0443 \u044d\u043b\u0435\u043a\u0442\u0440\u043e\u0441\u043d\u0430\u0431\u0436\u0435\u043d\u0438\u044f \u0434\u0430\u0436\u0435 \u0442\u0430\u043c, \u0433\u0434\u0435 \u043d\u0435\u0442 \u0432\u043e\u0437\u043c\u043e\u0436\u043d\u043e\u0441\u0442\u0438 \u043f\u043e\u0434\u043a\u043b\u044e\u0447\u0438\u0442\u044c\u0441\u044f \u043a \u044d\u043b\u0435\u043a\u0442\u0440\u043e\u0441\u0435\u0442\u0438 \u0438\u043b\u0438 \u0433\u0434\u0435 \u0435\u0435 \u0441\u0442\u0440\u043e\u0438\u0442\u0435\u043b\u044c\u0441\u0442\u0432\u043e \u043e\u0431\u043e\u0439\u0434\u0435\u0442\u0441\u044f \u043d\u0435\u043f\u043e\u043c\u0435\u0440\u043d\u043e \u0434\u043e\u0440\u043e\u0433\u043e. \u0425\u043e\u0440\u043e\u0448\u043e \u0441\u043f\u0440\u043e\u0435\u043a\u0442\u0438\u0440\u043e\u0432\u0430\u043d\u043d\u0430\u044f \u0441\u0438\u0441\u0442\u0435\u043c\u0430 \u043e\u0431\u044a\u0435\u0434\u0438\u043d\u044f\u0435\u0442 \u0432 \u0435\u0434\u0438\u043d\u043e\u0435 \u0446\u0435\u043b\u043e\u0435 \u043f\u0440\u043e\u0438\u0437\u0432\u043e\u0434\u0441\u0442\u0432\u043e \u044d\u043b\u0435\u043a\u0442\u0440\u043e\u044d\u043d\u0435\u0440\u0433\u0438\u0438, \u0435\u0435 \u0445\u0440\u0430\u043d\u0435\u043d\u0438\u0435 \u0438 \u0440\u0435\u0437\u0435\u0440\u0432\u043d\u043e\u0435 \u043f\u0438\u0442\u0430\u043d\u0438\u0435, \u043e\u0431\u0435\u0441\u043f\u0435\u0447\u0438\u0432\u0430\u044f \u0443\u0434\u043e\u0431\u0441\u0442\u0432\u043e \u043f\u043e\u0432\u0441\u0435\u0434\u043d\u0435\u0432\u043d\u043e\u0433\u043e \u0438\u0441\u043f\u043e\u043b\u044c\u0437\u043e\u0432\u0430\u043d\u0438\u044f \u0438 \u0431\u0435\u0437\u043e\u043f\u0430\u0441\u043d\u043e\u0441\u0442\u044c.<\/p><p data-start=\"418\" data-end=\"759\" data-is-last-node=\"\" data-is-only-node=\"\">\u041d\u0430 \u044d\u0442\u043e\u0439 \u0441\u0442\u0440\u0430\u043d\u0438\u0446\u0435 \u0432\u044b \u043d\u0430\u0439\u0434\u0435\u0442\u0435 \u043f\u0440\u0438\u043c\u0435\u0440\u044b \u0440\u0435\u0448\u0435\u043d\u0438\u0439 \u0430\u0432\u0442\u043e\u043d\u043e\u043c\u043d\u043e\u0433\u043e \u044d\u043d\u0435\u0440\u0433\u043e\u0441\u043d\u0430\u0431\u0436\u0435\u043d\u0438\u044f, \u0440\u0435\u0430\u043b\u0438\u0437\u043e\u0432\u0430\u043d\u043d\u044b\u0445 \u043a\u043e\u043c\u043f\u0430\u043d\u0438\u0435\u0439 Dumont O\u00dc, \u0432 \u043a\u043e\u0442\u043e\u0440\u044b\u0445 \u043c\u044b \u043e\u0431\u044a\u0435\u0434\u0438\u043d\u0438\u043b\u0438 \u0432 \u0435\u0434\u0438\u043d\u0443\u044e \u0444\u0443\u043d\u043a\u0446\u0438\u043e\u043d\u0438\u0440\u0443\u044e\u0449\u0443\u044e \u0441\u0438\u0441\u0442\u0435\u043c\u0443 \u0430\u043a\u043a\u0443\u043c\u0443\u043b\u044f\u0442\u043e\u0440\u043d\u044b\u0435 \u0431\u0430\u0442\u0430\u0440\u0435\u0438, \u0438\u043d\u0432\u0435\u0440\u0442\u043e\u0440\u044b, \u0441\u043e\u043b\u043d\u0435\u0447\u043d\u044b\u0435 \u043f\u0430\u043d\u0435\u043b\u0438 \u0438, \u043f\u0440\u0438 \u043d\u0435\u043e\u0431\u0445\u043e\u0434\u0438\u043c\u043e\u0441\u0442\u0438, \u0433\u0435\u043d\u0435\u0440\u0430\u0442\u043e\u0440. \u041a\u0430\u0436\u0434\u043e\u0435 \u0440\u0435\u0448\u0435\u043d\u0438\u0435 \u0430\u0434\u0430\u043f\u0442\u0438\u0440\u0443\u0435\u0442\u0441\u044f \u043a \u043f\u043e\u0442\u0440\u0435\u0431\u043d\u043e\u0441\u0442\u044f\u043c \u043e\u0431\u044a\u0435\u043a\u0442\u0430 \u0432 \u044d\u043d\u0435\u0440\u0433\u0438\u0438 \u0438 \u043b\u043e\u0433\u0438\u043a\u0435 \u0438\u0441\u043f\u043e\u043b\u044c\u0437\u043e\u0432\u0430\u043d\u0438\u044f, \u0447\u0442\u043e\u0431\u044b \u0440\u0435\u0437\u0443\u043b\u044c\u0442\u0430\u0442 \u0431\u044b\u043b \u0441\u0442\u0430\u0431\u0438\u043b\u044c\u043d\u044b\u043c, \u0440\u0430\u0437\u0443\u043c\u043d\u043e \u0443\u043f\u0440\u0430\u0432\u043b\u044f\u0435\u043c\u044b\u043c \u0438 \u043d\u0430\u0434\u0435\u0436\u043d\u044b\u043c \u0432 \u0434\u043e\u043b\u0433\u043e\u0441\u0440\u043e\u0447\u043d\u043e\u0439 \u043f\u0435\u0440\u0441\u043f\u0435\u043a\u0442\u0438\u0432\u0435.<\/p>\t\t\t\t\t\t\t\t<\/div>\n\t\t\t\t\t<\/div>\n\t\t\t\t<\/div>\n\t\t<div class=\"elementor-element elementor-element-2211fd4 e-flex e-con-boxed e-con e-parent\" data-id=\"2211fd4\" data-element_type=\"container\" data-e-type=\"container\" data-settings=\"{&quot;background_background&quot;:&quot;classic&quot;}\">\n\t\t\t\t\t<div class=\"e-con-inner\">\n\t\t\t\t<div class=\"elementor-element elementor-element-d62c909 elementor-widget elementor-widget-twbb_gallery\" data-id=\"d62c909\" data-element_type=\"widget\" data-e-type=\"widget\" data-settings=\"{&quot;gallery_layout&quot;:&quot;masonry&quot;,&quot;lazyload&quot;:&quot;yes&quot;,&quot;columns&quot;:4,&quot;columns_tablet&quot;:2,&quot;columns_mobile&quot;:1,&quot;gap&quot;:{&quot;unit&quot;:&quot;px&quot;,&quot;size&quot;:10,&quot;sizes&quot;:[]},&quot;gap_tablet&quot;:{&quot;unit&quot;:&quot;px&quot;,&quot;size&quot;:10,&quot;sizes&quot;:[]},&quot;gap_mobile&quot;:{&quot;unit&quot;:&quot;px&quot;,&quot;size&quot;:10,&quot;sizes&quot;:[]},&quot;hgap&quot;:{&quot;unit&quot;:&quot;px&quot;,&quot;size&quot;:10,&quot;sizes&quot;:[]},&quot;hgap_tablet&quot;:{&quot;unit&quot;:&quot;px&quot;,&quot;size&quot;:10,&quot;sizes&quot;:[]},&quot;hgap_mobile&quot;:{&quot;unit&quot;:&quot;px&quot;,&quot;size&quot;:10,&quot;sizes&quot;:[]},&quot;link_to&quot;:&quot;file&quot;,&quot;overlay_background&quot;:&quot;yes&quot;,&quot;content_hover_animation&quot;:&quot;fade-in&quot;}\" data-widget_type=\"twbb_gallery.default\">\n\t\t\t\t<div class=\"elementor-widget-container\">\n\t\t\t\t\t        <div class=\"elementor-single-gallery-title-description-wrapper elementor-field-group elementor-column elementor-col-100 elementor-widget-wrap elementor-widget-heading\">\n          <div class=\"elementor-single-gallery-title elementor-element elementor-heading-title\"><\/div>        <\/div>\n        \t\t<div class=\"elementor-gallery__container\">\n\t\t\t\t\t\t\t<a\n                class=\"e-gallery-item elementor-gallery-item twbb-flex-end-item elementor-animated-content\" href=\"https:\/\/dumont.ee\/wp-content\/uploads\/2025\/03\/2024-03-11_13-43_Vallipere-Naissaar-scaled.jpg\" data-elementor-open-lightbox=\"yes\" data-elementor-lightbox-slideshow=\"all-d62c909\" data-e-action-hash=\"#elementor-action%3Aaction%3Dlightbox%26settings%3DeyJpZCI6Mzg2MSwidXJsIjoiaHR0cHM6XC9cL2R1bW9udC5lZVwvd3AtY29udGVudFwvdXBsb2Fkc1wvMjAyNVwvMDNcLzIwMjQtMDMtMTFfMTMtNDNfVmFsbGlwZXJlLU5haXNzYWFyLXNjYWxlZC5qcGciLCJzbGlkZXNob3ciOiJhbGwtZDYyYzkwOSJ9\">\n        \n        <div class=\"twbb_item_image_section\">\n          <div class=\"e-gallery-image elementor-gallery-item__image\" data-thumbnail=\"https:\/\/dumont.ee\/wp-content\/uploads\/2025\/03\/2024-03-11_13-43_Vallipere-Naissaar-768x1024.jpg\" data-width=\"640\" data-height=\"853\" alt=\"\" ><\/div>\n                      <div class=\"elementor-gallery-item__overlay\"><\/div>\n                  <\/div>\n               <\/a>\n      \t\t\t\t<a\n                class=\"e-gallery-item elementor-gallery-item twbb-flex-end-item elementor-animated-content\" href=\"https:\/\/dumont.ee\/wp-content\/uploads\/2025\/03\/2024-03-11_13-04_Vallipere-Naissaar-scaled.jpg\" data-elementor-open-lightbox=\"yes\" data-elementor-lightbox-slideshow=\"all-d62c909\" data-e-action-hash=\"#elementor-action%3Aaction%3Dlightbox%26settings%3DeyJpZCI6Mzg2MCwidXJsIjoiaHR0cHM6XC9cL2R1bW9udC5lZVwvd3AtY29udGVudFwvdXBsb2Fkc1wvMjAyNVwvMDNcLzIwMjQtMDMtMTFfMTMtMDRfVmFsbGlwZXJlLU5haXNzYWFyLXNjYWxlZC5qcGciLCJzbGlkZXNob3ciOiJhbGwtZDYyYzkwOSJ9\">\n        \n        <div class=\"twbb_item_image_section\">\n          <div class=\"e-gallery-image elementor-gallery-item__image\" data-thumbnail=\"https:\/\/dumont.ee\/wp-content\/uploads\/2025\/03\/2024-03-11_13-04_Vallipere-Naissaar-768x1024.jpg\" data-width=\"640\" data-height=\"853\" alt=\"\" ><\/div>\n                      <div class=\"elementor-gallery-item__overlay\"><\/div>\n                  <\/div>\n               <\/a>\n      \t\t\t\t<a\n                class=\"e-gallery-item elementor-gallery-item twbb-flex-end-item elementor-animated-content\" href=\"https:\/\/dumont.ee\/wp-content\/uploads\/2025\/03\/2022-06-08_17-04_Kuuseheki-Hatu_Paikesepaneeli-paigaldus-1-scaled.jpg\" data-elementor-open-lightbox=\"yes\" data-elementor-lightbox-slideshow=\"all-d62c909\" data-e-action-hash=\"#elementor-action%3Aaction%3Dlightbox%26settings%3DeyJpZCI6Mzg3MiwidXJsIjoiaHR0cHM6XC9cL2R1bW9udC5lZVwvd3AtY29udGVudFwvdXBsb2Fkc1wvMjAyNVwvMDNcLzIwMjItMDYtMDhfMTctMDRfS3V1c2VoZWtpLUhhdHVfUGFpa2VzZXBhbmVlbGktcGFpZ2FsZHVzLTEtc2NhbGVkLmpwZyIsInNsaWRlc2hvdyI6ImFsbC1kNjJjOTA5In0%3D\">\n        \n        <div class=\"twbb_item_image_section\">\n          <div class=\"e-gallery-image elementor-gallery-item__image\" data-thumbnail=\"https:\/\/dumont.ee\/wp-content\/uploads\/2025\/03\/2022-06-08_17-04_Kuuseheki-Hatu_Paikesepaneeli-paigaldus-1-768x432.jpg\" data-width=\"640\" data-height=\"360\" alt=\"\" ><\/div>\n                      <div class=\"elementor-gallery-item__overlay\"><\/div>\n                  <\/div>\n               <\/a>\n      \t\t\t\t<a\n                class=\"e-gallery-item elementor-gallery-item twbb-flex-end-item elementor-animated-content\" href=\"https:\/\/dumont.ee\/wp-content\/uploads\/2025\/03\/2022-10-10_18-30_Hindreku-2.jpg\" data-elementor-open-lightbox=\"yes\" data-elementor-lightbox-slideshow=\"all-d62c909\" data-e-action-hash=\"#elementor-action%3Aaction%3Dlightbox%26settings%3DeyJpZCI6Mzg1OCwidXJsIjoiaHR0cHM6XC9cL2R1bW9udC5lZVwvd3AtY29udGVudFwvdXBsb2Fkc1wvMjAyNVwvMDNcLzIwMjItMTAtMTBfMTgtMzBfSGluZHJla3UtMi5qcGciLCJzbGlkZXNob3ciOiJhbGwtZDYyYzkwOSJ9\">\n        \n        <div class=\"twbb_item_image_section\">\n          <div class=\"e-gallery-image elementor-gallery-item__image\" data-thumbnail=\"https:\/\/dumont.ee\/wp-content\/uploads\/2025\/03\/2022-10-10_18-30_Hindreku-2-768x1365.jpg\" data-width=\"640\" data-height=\"1138\" alt=\"\" ><\/div>\n                      <div class=\"elementor-gallery-item__overlay\"><\/div>\n                  <\/div>\n               <\/a>\n      \t\t\t\t<a\n                class=\"e-gallery-item elementor-gallery-item twbb-flex-end-item elementor-animated-content\" href=\"https:\/\/dumont.ee\/wp-content\/uploads\/2025\/03\/2022-10-10_18-30_Hindreku-1.jpg\" data-elementor-open-lightbox=\"yes\" data-elementor-lightbox-slideshow=\"all-d62c909\" data-e-action-hash=\"#elementor-action%3Aaction%3Dlightbox%26settings%3DeyJpZCI6Mzg3NCwidXJsIjoiaHR0cHM6XC9cL2R1bW9udC5lZVwvd3AtY29udGVudFwvdXBsb2Fkc1wvMjAyNVwvMDNcLzIwMjItMTAtMTBfMTgtMzBfSGluZHJla3UtMS5qcGciLCJzbGlkZXNob3ciOiJhbGwtZDYyYzkwOSJ9\">\n        \n        <div class=\"twbb_item_image_section\">\n          <div class=\"e-gallery-image elementor-gallery-item__image\" data-thumbnail=\"https:\/\/dumont.ee\/wp-content\/uploads\/2025\/03\/2022-10-10_18-30_Hindreku-1-768x1365.jpg\" data-width=\"640\" data-height=\"1138\" alt=\"\" ><\/div>\n                      <div class=\"elementor-gallery-item__overlay\"><\/div>\n                  <\/div>\n               <\/a>\n      \t\t\t\t<a\n                class=\"e-gallery-item elementor-gallery-item twbb-flex-end-item elementor-animated-content\" href=\"https:\/\/dumont.ee\/wp-content\/uploads\/2025\/03\/Screenshot-2025-03-23-at-19.40.10-1.png\" data-elementor-open-lightbox=\"yes\" data-elementor-lightbox-slideshow=\"all-d62c909\" data-e-action-hash=\"#elementor-action%3Aaction%3Dlightbox%26settings%3DeyJpZCI6Mzg4NSwidXJsIjoiaHR0cHM6XC9cL2R1bW9udC5lZVwvd3AtY29udGVudFwvdXBsb2Fkc1wvMjAyNVwvMDNcL1NjcmVlbnNob3QtMjAyNS0wMy0yMy1hdC0xOS40MC4xMC0xLnBuZyIsInNsaWRlc2hvdyI6ImFsbC1kNjJjOTA5In0%3D\">\n        \n        <div class=\"twbb_item_image_section\">\n          <div class=\"e-gallery-image elementor-gallery-item__image\" data-thumbnail=\"https:\/\/dumont.ee\/wp-content\/uploads\/2025\/03\/Screenshot-2025-03-23-at-19.40.10-1-768x1088.png\" data-width=\"640\" data-height=\"907\" alt=\"\" ><\/div>\n                      <div class=\"elementor-gallery-item__overlay\"><\/div>\n                  <\/div>\n               <\/a>\n      \t\t\t\t<a\n                class=\"e-gallery-item elementor-gallery-item twbb-flex-end-item elementor-animated-content\" href=\"https:\/\/dumont.ee\/wp-content\/uploads\/2025\/03\/Tesvolt-desarrolla-una-bateria-de-ion-litio-con-6_000-ciclos-y-30-anos-de-vida.jpg\" data-elementor-open-lightbox=\"yes\" data-elementor-lightbox-slideshow=\"all-d62c909\" data-e-action-hash=\"#elementor-action%3Aaction%3Dlightbox%26settings%3DeyJpZCI6Mzg3MSwidXJsIjoiaHR0cHM6XC9cL2R1bW9udC5lZVwvd3AtY29udGVudFwvdXBsb2Fkc1wvMjAyNVwvMDNcL1Rlc3ZvbHQtZGVzYXJyb2xsYS11bmEtYmF0ZXJpYS1kZS1pb24tbGl0aW8tY29uLTZfMDAwLWNpY2xvcy15LTMwLWFub3MtZGUtdmlkYS5qcGciLCJzbGlkZXNob3ciOiJhbGwtZDYyYzkwOSJ9\">\n        \n        <div class=\"twbb_item_image_section\">\n          <div class=\"e-gallery-image elementor-gallery-item__image\" data-thumbnail=\"https:\/\/dumont.ee\/wp-content\/uploads\/2025\/03\/Tesvolt-desarrolla-una-bateria-de-ion-litio-con-6_000-ciclos-y-30-anos-de-vida.jpg\" data-width=\"640\" data-height=\"348\" alt=\"\" ><\/div>\n                      <div class=\"elementor-gallery-item__overlay\"><\/div>\n                  <\/div>\n               <\/a>\n      \t\t\t\t<a\n                class=\"e-gallery-item elementor-gallery-item twbb-flex-end-item elementor-animated-content\" href=\"https:\/\/dumont.ee\/wp-content\/uploads\/2025\/03\/Screenshot-2025-03-23-at-19.38.00.png\" data-elementor-open-lightbox=\"yes\" data-elementor-lightbox-slideshow=\"all-d62c909\" data-e-action-hash=\"#elementor-action%3Aaction%3Dlightbox%26settings%3DeyJpZCI6Mzg2OSwidXJsIjoiaHR0cHM6XC9cL2R1bW9udC5lZVwvd3AtY29udGVudFwvdXBsb2Fkc1wvMjAyNVwvMDNcL1NjcmVlbnNob3QtMjAyNS0wMy0yMy1hdC0xOS4zOC4wMC5wbmciLCJzbGlkZXNob3ciOiJhbGwtZDYyYzkwOSJ9\">\n        \n        <div class=\"twbb_item_image_section\">\n          <div class=\"e-gallery-image elementor-gallery-item__image\" data-thumbnail=\"https:\/\/dumont.ee\/wp-content\/uploads\/2025\/03\/Screenshot-2025-03-23-at-19.38.00-768x1085.png\" data-width=\"640\" data-height=\"904\" alt=\"\" ><\/div>\n                      <div class=\"elementor-gallery-item__overlay\"><\/div>\n                  <\/div>\n               <\/a>\n      \t\t\t\t<a\n                class=\"e-gallery-item elementor-gallery-item twbb-flex-end-item elementor-animated-content\" href=\"https:\/\/dumont.ee\/wp-content\/uploads\/2025\/03\/Screenshot-2025-03-23-at-19.37.29.png\" data-elementor-open-lightbox=\"yes\" data-elementor-lightbox-slideshow=\"all-d62c909\" data-e-action-hash=\"#elementor-action%3Aaction%3Dlightbox%26settings%3DeyJpZCI6Mzg2OCwidXJsIjoiaHR0cHM6XC9cL2R1bW9udC5lZVwvd3AtY29udGVudFwvdXBsb2Fkc1wvMjAyNVwvMDNcL1NjcmVlbnNob3QtMjAyNS0wMy0yMy1hdC0xOS4zNy4yOS5wbmciLCJzbGlkZXNob3ciOiJhbGwtZDYyYzkwOSJ9\">\n        \n        <div class=\"twbb_item_image_section\">\n          <div class=\"e-gallery-image elementor-gallery-item__image\" data-thumbnail=\"https:\/\/dumont.ee\/wp-content\/uploads\/2025\/03\/Screenshot-2025-03-23-at-19.37.29-768x615.png\" data-width=\"640\" data-height=\"513\" alt=\"\" ><\/div>\n                      <div class=\"elementor-gallery-item__overlay\"><\/div>\n                  <\/div>\n               <\/a>\n      \t\t\t\t<a\n                class=\"e-gallery-item elementor-gallery-item twbb-flex-end-item elementor-animated-content\" href=\"https:\/\/dumont.ee\/wp-content\/uploads\/2025\/03\/Screenshot-2025-03-23-at-19.33.46.png\" data-elementor-open-lightbox=\"yes\" data-elementor-lightbox-slideshow=\"all-d62c909\" data-e-action-hash=\"#elementor-action%3Aaction%3Dlightbox%26settings%3DeyJpZCI6Mzg2NCwidXJsIjoiaHR0cHM6XC9cL2R1bW9udC5lZVwvd3AtY29udGVudFwvdXBsb2Fkc1wvMjAyNVwvMDNcL1NjcmVlbnNob3QtMjAyNS0wMy0yMy1hdC0xOS4zMy40Ni5wbmciLCJzbGlkZXNob3ciOiJhbGwtZDYyYzkwOSJ9\">\n        \n        <div class=\"twbb_item_image_section\">\n          <div class=\"e-gallery-image elementor-gallery-item__image\" data-thumbnail=\"https:\/\/dumont.ee\/wp-content\/uploads\/2025\/03\/Screenshot-2025-03-23-at-19.33.46-768x536.png\" data-width=\"640\" data-height=\"447\" alt=\"\" ><\/div>\n                      <div class=\"elementor-gallery-item__overlay\"><\/div>\n                  <\/div>\n               <\/a>\n      \t\t\t\t<a\n                class=\"e-gallery-item elementor-gallery-item twbb-flex-end-item elementor-animated-content\" href=\"https:\/\/dumont.ee\/wp-content\/uploads\/2025\/03\/Screenshot-2025-03-23-at-19.33.20.png\" data-elementor-open-lightbox=\"yes\" data-elementor-lightbox-slideshow=\"all-d62c909\" data-e-action-hash=\"#elementor-action%3Aaction%3Dlightbox%26settings%3DeyJpZCI6Mzg2MywidXJsIjoiaHR0cHM6XC9cL2R1bW9udC5lZVwvd3AtY29udGVudFwvdXBsb2Fkc1wvMjAyNVwvMDNcL1NjcmVlbnNob3QtMjAyNS0wMy0yMy1hdC0xOS4zMy4yMC5wbmciLCJzbGlkZXNob3ciOiJhbGwtZDYyYzkwOSJ9\">\n        \n        <div class=\"twbb_item_image_section\">\n          <div class=\"e-gallery-image elementor-gallery-item__image\" data-thumbnail=\"https:\/\/dumont.ee\/wp-content\/uploads\/2025\/03\/Screenshot-2025-03-23-at-19.33.20-768x308.png\" data-width=\"640\" data-height=\"257\" alt=\"\" ><\/div>\n                      <div class=\"elementor-gallery-item__overlay\"><\/div>\n                  <\/div>\n               <\/a>\n      \t\t\t\t<a\n                class=\"e-gallery-item elementor-gallery-item twbb-flex-end-item elementor-animated-content\" href=\"https:\/\/dumont.ee\/wp-content\/uploads\/2025\/03\/Screenshot-2025-03-23-at-19.36.51.png\" data-elementor-open-lightbox=\"yes\" data-elementor-lightbox-slideshow=\"all-d62c909\" data-e-action-hash=\"#elementor-action%3Aaction%3Dlightbox%26settings%3DeyJpZCI6Mzg2NiwidXJsIjoiaHR0cHM6XC9cL2R1bW9udC5lZVwvd3AtY29udGVudFwvdXBsb2Fkc1wvMjAyNVwvMDNcL1NjcmVlbnNob3QtMjAyNS0wMy0yMy1hdC0xOS4zNi41MS5wbmciLCJzbGlkZXNob3ciOiJhbGwtZDYyYzkwOSJ9\">\n        \n        <div class=\"twbb_item_image_section\">\n          <div class=\"e-gallery-image elementor-gallery-item__image\" data-thumbnail=\"https:\/\/dumont.ee\/wp-content\/uploads\/2025\/03\/Screenshot-2025-03-23-at-19.36.51-768x631.png\" data-width=\"640\" data-height=\"526\" alt=\"\" ><\/div>\n                      <div class=\"elementor-gallery-item__overlay\"><\/div>\n                  <\/div>\n               <\/a>\n      \t\t\t\t<a\n                class=\"e-gallery-item elementor-gallery-item twbb-flex-end-item elementor-animated-content\" href=\"https:\/\/dumont.ee\/wp-content\/uploads\/2025\/03\/Screenshot-2025-03-23-at-19.37.00.png\" data-elementor-open-lightbox=\"yes\" data-elementor-lightbox-slideshow=\"all-d62c909\" data-e-action-hash=\"#elementor-action%3Aaction%3Dlightbox%26settings%3DeyJpZCI6Mzg2NywidXJsIjoiaHR0cHM6XC9cL2R1bW9udC5lZVwvd3AtY29udGVudFwvdXBsb2Fkc1wvMjAyNVwvMDNcL1NjcmVlbnNob3QtMjAyNS0wMy0yMy1hdC0xOS4zNy4wMC5wbmciLCJzbGlkZXNob3ciOiJhbGwtZDYyYzkwOSJ9\">\n        \n        <div class=\"twbb_item_image_section\">\n          <div class=\"e-gallery-image elementor-gallery-item__image\" data-thumbnail=\"https:\/\/dumont.ee\/wp-content\/uploads\/2025\/03\/Screenshot-2025-03-23-at-19.37.00-768x448.png\" data-width=\"640\" data-height=\"373\" alt=\"\" ><\/div>\n                      <div class=\"elementor-gallery-item__overlay\"><\/div>\n                  <\/div>\n               <\/a>\n      \t\t\t\t<a\n                class=\"e-gallery-item elementor-gallery-item twbb-flex-end-item elementor-animated-content\" href=\"https:\/\/dumont.ee\/wp-content\/uploads\/2025\/03\/Screenshot-2025-03-23-at-19.36.44.png\" data-elementor-open-lightbox=\"yes\" data-elementor-lightbox-slideshow=\"all-d62c909\" data-e-action-hash=\"#elementor-action%3Aaction%3Dlightbox%26settings%3DeyJpZCI6Mzg2NSwidXJsIjoiaHR0cHM6XC9cL2R1bW9udC5lZVwvd3AtY29udGVudFwvdXBsb2Fkc1wvMjAyNVwvMDNcL1NjcmVlbnNob3QtMjAyNS0wMy0yMy1hdC0xOS4zNi40NC5wbmciLCJzbGlkZXNob3ciOiJhbGwtZDYyYzkwOSJ9\">\n        \n        <div class=\"twbb_item_image_section\">\n          <div class=\"e-gallery-image elementor-gallery-item__image\" data-thumbnail=\"https:\/\/dumont.ee\/wp-content\/uploads\/2025\/03\/Screenshot-2025-03-23-at-19.36.44-768x493.png\" data-width=\"640\" data-height=\"411\" alt=\"\" ><\/div>\n                      <div class=\"elementor-gallery-item__overlay\"><\/div>\n                  <\/div>\n               <\/a>\n            <\/div>\n\n      \t\t\t\t<\/div>\n\t\t\t\t<\/div>\n\t\t\t\t\t<\/div>\n\t\t\t\t<\/div>\n\t\t\t\t<\/div>","protected":false},"excerpt":{"rendered":"<p>Off-grid energialahendused S\u00f5ltumatu elektrilahendus kohtadesse, kus v\u00f5rgu\u00fchendus ei ole ainus v\u00f5imalus Off-grid lahendus v\u00f5imaldab luua t\u00f6\u00f6kindla elektris\u00fcsteemi ka seal, kus v\u00f5rgu\u00fchendus puudub v\u00f5i selle rajamine oleks ebam\u00f5istlikult kallis. H\u00e4sti l\u00e4bim\u00f5eldud s\u00fcsteem \u00fchendab energiatootmise, salvestuse ja varutoite \u00fchtseks tervikuks, et tagada igap\u00e4evane kasutusmugavus ja kindlus. Siit lehelt leiad n\u00e4iteid Dumont O\u00dc teostatud off-grid energialahendustest, kus oleme [&hellip;]<\/p>\n","protected":false},"author":3,"featured_media":0,"parent":0,"menu_order":0,"comment_status":"closed","ping_status":"closed","template":"","meta":{"two_page_speed":[],"footnotes":""},"class_list":["post-3852","page","type-page","status-publish","hentry"],"_links":{"self":[{"href":"https:\/\/dumont.ee\/ru\/wp-json\/wp\/v2\/pages\/3852","targetHints":{"allow":["GET"]}}],"collection":[{"href":"https:\/\/dumont.ee\/ru\/wp-json\/wp\/v2\/pages"}],"about":[{"href":"https:\/\/dumont.ee\/ru\/wp-json\/wp\/v2\/types\/page"}],"author":[{"embeddable":true,"href":"https:\/\/dumont.ee\/ru\/wp-json\/wp\/v2\/users\/3"}],"replies":[{"embeddable":true,"href":"https:\/\/dumont.ee\/ru\/wp-json\/wp\/v2\/comments?post=3852"}],"version-history":[{"count":7,"href":"https:\/\/dumont.ee\/ru\/wp-json\/wp\/v2\/pages\/3852\/revisions"}],"predecessor-version":[{"id":4466,"href":"https:\/\/dumont.ee\/ru\/wp-json\/wp\/v2\/pages\/3852\/revisions\/4466"}],"wp:attachment":[{"href":"https:\/\/dumont.ee\/ru\/wp-json\/wp\/v2\/media?parent=3852"}],"curies":[{"name":"wp","href":"https:\/\/api.w.org\/{rel}","templated":true}]}}