{"id":3831,"date":"2025-03-23T19:10:03","date_gmt":"2025-03-23T17:10:03","guid":{"rendered":"https:\/\/dumont.ee\/?page_id=3831\/"},"modified":"2026-04-10T11:09:15","modified_gmt":"2026-04-10T09:09:15","slug":"automaatika","status":"publish","type":"page","link":"https:\/\/dumont.ee\/ru\/automaatika\/","title":{"rendered":"Automaatika t\u00f6\u00f6d"},"content":{"rendered":"<div data-elementor-type=\"wp-page\" data-elementor-id=\"3831\" class=\"elementor elementor-3831\">\n\t\t\t\t<div class=\"elementor-element elementor-element-5a65bdd2 e-flex e-con-boxed e-con e-parent\" data-id=\"5a65bdd2\" data-element_type=\"container\" data-e-type=\"container\" data-settings=\"{&quot;background_background&quot;:&quot;classic&quot;}\">\n\t\t\t\t\t<div class=\"e-con-inner\">\n\t\t\t\t<div class=\"elementor-element elementor-element-6198bae1 elementor-widget elementor-widget-heading\" data-id=\"6198bae1\" data-element_type=\"widget\" data-e-type=\"widget\" data-widget_type=\"heading.default\">\n\t\t\t\t\t<h1 class=\"elementor-heading-title elementor-size-default\">\u0414\u043e\u043c\u0430\u0448\u043d\u044f\u044f \u0430\u0432\u0442\u043e\u043c\u0430\u0442\u0438\u0437\u0430\u0446\u0438\u044f KNX<\/h1>\t\t\t\t<\/div>\n\t\t\t\t\t<\/div>\n\t\t\t\t<\/div>\n\t\t<div class=\"elementor-element elementor-element-8b35eeb e-flex e-con-boxed e-con e-parent\" data-id=\"8b35eeb\" data-element_type=\"container\" data-e-type=\"container\" data-settings=\"{&quot;background_background&quot;:&quot;classic&quot;}\">\n\t\t\t\t\t<div class=\"e-con-inner\">\n\t\t\t\t<div class=\"elementor-element elementor-element-54388783 elementor-widget elementor-widget-heading\" data-id=\"54388783\" data-element_type=\"widget\" data-e-type=\"widget\" data-widget_type=\"heading.default\">\n\t\t\t\t\t<h2 class=\"elementor-heading-title elementor-size-default\">\u0418\u043d\u0442\u0435\u043b\u043b\u0435\u043a\u0442\u0443\u0430\u043b\u044c\u043d\u044b\u0435 \u0440\u0435\u0448\u0435\u043d\u0438\u044f, \u043e\u0431\u044a\u0435\u0434\u0438\u043d\u044f\u044e\u0449\u0438\u0435 \u0443\u043f\u0440\u0430\u0432\u043b\u0435\u043d\u0438\u0435 \u0432\u0441\u0435\u043c \u0434\u043e\u043c\u043e\u043c \u0432 \u0435\u0434\u0438\u043d\u0443\u044e \u0441\u0438\u0441\u0442\u0435\u043c\u0443<\/h2>\t\t\t\t<\/div>\n\t\t\t\t<div class=\"elementor-element elementor-element-5d66f106 elementor-widget elementor-widget-text-editor\" data-id=\"5d66f106\" data-element_type=\"widget\" data-e-type=\"widget\" data-widget_type=\"text-editor.default\">\n\t\t\t\t\t\t\t\t\t<p data-start=\"116\" data-end=\"342\">\u0414\u043e\u043c\u0430\u0448\u043d\u044f\u044f \u0430\u0432\u0442\u043e\u043c\u0430\u0442\u0438\u0437\u0430\u0446\u0438\u044f KNX \u043f\u043e\u0437\u0432\u043e\u043b\u044f\u0435\u0442 \u043e\u0431\u044a\u0435\u0434\u0438\u043d\u0438\u0442\u044c \u043e\u0441\u0432\u0435\u0449\u0435\u043d\u0438\u0435, \u043e\u0442\u043e\u043f\u043b\u0435\u043d\u0438\u0435, \u043e\u0445\u043b\u0430\u0436\u0434\u0435\u043d\u0438\u0435, \u0448\u0442\u043e\u0440\u044b \u0438 \u0434\u0440\u0443\u0433\u0438\u0435 \u0442\u0435\u0445\u043d\u0438\u0447\u0435\u0441\u043a\u0438\u0435 \u0441\u0438\u0441\u0442\u0435\u043c\u044b \u0432 \u0435\u0434\u0438\u043d\u043e\u0435 \u0446\u0435\u043b\u043e\u0435. \u0425\u043e\u0440\u043e\u0448\u043e \u043f\u0440\u043e\u0434\u0443\u043c\u0430\u043d\u043d\u043e\u0435 \u0440\u0435\u0448\u0435\u043d\u0438\u0435 \u0434\u0435\u043b\u0430\u0435\u0442 \u0432\u0430\u0448 \u0434\u043e\u043c \u0431\u043e\u043b\u0435\u0435 \u043a\u043e\u043c\u0444\u043e\u0440\u0442\u043d\u044b\u043c, \u044d\u043d\u0435\u0440\u0433\u043e\u044d\u0444\u0444\u0435\u043a\u0442\u0438\u0432\u043d\u044b\u043c \u0438 \u043e\u0431\u043b\u0435\u0433\u0447\u0430\u0435\u0442 \u043f\u043e\u0432\u0441\u0435\u0434\u043d\u0435\u0432\u043d\u043e\u0435 \u0443\u043f\u0440\u0430\u0432\u043b\u0435\u043d\u0438\u0435.<\/p><p data-start=\"344\" data-end=\"605\" data-is-last-node=\"\" data-is-only-node=\"\">\u041d\u0430 \u044d\u0442\u043e\u0439 \u0441\u0442\u0440\u0430\u043d\u0438\u0446\u0435 \u0432\u044b \u043d\u0430\u0439\u0434\u0435\u0442\u0435 \u043f\u0440\u0438\u043c\u0435\u0440\u044b \u0440\u0435\u0448\u0435\u043d\u0438\u0439 \u0430\u0432\u0442\u043e\u043c\u0430\u0442\u0438\u0437\u0430\u0446\u0438\u0438 KNX, \u0440\u0435\u0430\u043b\u0438\u0437\u043e\u0432\u0430\u043d\u043d\u044b\u0445 \u043a\u043e\u043c\u043f\u0430\u043d\u0438\u0435\u0439 Dumont O\u00dc, \u043a\u043e\u0442\u043e\u0440\u044b\u0435 \u0441\u043e\u0437\u0434\u0430\u044e\u0442\u0441\u044f \u0432 \u0441\u043e\u043e\u0442\u0432\u0435\u0442\u0441\u0442\u0432\u0438\u0438 \u0441 \u043f\u043e\u0442\u0440\u0435\u0431\u043d\u043e\u0441\u0442\u044f\u043c\u0438 \u043a\u0430\u0436\u0434\u043e\u0433\u043e \u043e\u0431\u044a\u0435\u043a\u0442\u0430 \u0438 \u0437\u0430\u043a\u0430\u0437\u0447\u0438\u043a\u0430. \u041a\u0430\u0436\u0434\u0430\u044f \u0441\u0438\u0441\u0442\u0435\u043c\u0430 \u0440\u0430\u0437\u0440\u0430\u0431\u0430\u0442\u044b\u0432\u0430\u0435\u0442\u0441\u044f \u0441 \u0446\u0435\u043b\u044c\u044e \u0441\u043e\u0437\u0434\u0430\u043d\u0438\u044f \u043d\u0430\u0434\u0435\u0436\u043d\u043e\u0433\u043e, \u0433\u0438\u0431\u043a\u043e\u0433\u043e \u0438 \u043f\u0435\u0440\u0441\u043f\u0435\u043a\u0442\u0438\u0432\u043d\u043e\u0433\u043e \u0446\u0435\u043b\u043e\u0433\u043e, \u043f\u043e\u0434\u0434\u0435\u0440\u0436\u0438\u0432\u0430\u044e\u0449\u0435\u0433\u043e \u043a\u043e\u043c\u0444\u043e\u0440\u0442\u043d\u0443\u044e \u0438 \u0443\u043c\u043d\u0443\u044e \u0441\u0440\u0435\u0434\u0443 \u043e\u0431\u0438\u0442\u0430\u043d\u0438\u044f.<\/p>\t\t\t\t\t\t\t\t<\/div>\n\t\t\t\t\t<\/div>\n\t\t\t\t<\/div>\n\t\t<div class=\"elementor-element elementor-element-558fb92 e-flex e-con-boxed e-con e-parent\" data-id=\"558fb92\" data-element_type=\"container\" data-e-type=\"container\" data-settings=\"{&quot;background_background&quot;:&quot;classic&quot;}\">\n\t\t\t\t\t<div class=\"e-con-inner\">\n\t\t\t\t<div class=\"elementor-element elementor-element-e38b166 elementor-widget elementor-widget-twbb_gallery\" data-id=\"e38b166\" data-element_type=\"widget\" data-e-type=\"widget\" data-settings=\"{&quot;gallery_layout&quot;:&quot;masonry&quot;,&quot;lazyload&quot;:&quot;yes&quot;,&quot;columns&quot;:4,&quot;columns_tablet&quot;:2,&quot;columns_mobile&quot;:1,&quot;gap&quot;:{&quot;unit&quot;:&quot;px&quot;,&quot;size&quot;:10,&quot;sizes&quot;:[]},&quot;gap_tablet&quot;:{&quot;unit&quot;:&quot;px&quot;,&quot;size&quot;:10,&quot;sizes&quot;:[]},&quot;gap_mobile&quot;:{&quot;unit&quot;:&quot;px&quot;,&quot;size&quot;:10,&quot;sizes&quot;:[]},&quot;hgap&quot;:{&quot;unit&quot;:&quot;px&quot;,&quot;size&quot;:10,&quot;sizes&quot;:[]},&quot;hgap_tablet&quot;:{&quot;unit&quot;:&quot;px&quot;,&quot;size&quot;:10,&quot;sizes&quot;:[]},&quot;hgap_mobile&quot;:{&quot;unit&quot;:&quot;px&quot;,&quot;size&quot;:10,&quot;sizes&quot;:[]},&quot;link_to&quot;:&quot;file&quot;,&quot;overlay_background&quot;:&quot;yes&quot;,&quot;content_hover_animation&quot;:&quot;fade-in&quot;}\" data-widget_type=\"twbb_gallery.default\">\n\t\t\t\t<div class=\"elementor-widget-container\">\n\t\t\t\t\t        <div class=\"elementor-single-gallery-title-description-wrapper elementor-field-group elementor-column elementor-col-100 elementor-widget-wrap elementor-widget-heading\">\n          <div class=\"elementor-single-gallery-title elementor-element elementor-heading-title\"><\/div>        <\/div>\n        \t\t<div class=\"elementor-gallery__container\">\n\t\t\t\t\t\t\t<a\n                class=\"e-gallery-item elementor-gallery-item twbb-flex-end-item elementor-animated-content\" href=\"https:\/\/dumont.ee\/wp-content\/uploads\/2025\/03\/Viveroo-USA-Premium-iPad-Mounting-Solutions.jpg\" data-elementor-open-lightbox=\"yes\" data-elementor-lightbox-slideshow=\"all-e38b166\" data-e-action-hash=\"#elementor-action%3Aaction%3Dlightbox%26settings%3DeyJpZCI6Mzg0MSwidXJsIjoiaHR0cHM6XC9cL2R1bW9udC5lZVwvd3AtY29udGVudFwvdXBsb2Fkc1wvMjAyNVwvMDNcL1ZpdmVyb28tVVNBLVByZW1pdW0taVBhZC1Nb3VudGluZy1Tb2x1dGlvbnMuanBnIiwic2xpZGVzaG93IjoiYWxsLWUzOGIxNjYifQ%3D%3D\">\n        \n        <div class=\"twbb_item_image_section\">\n          <div class=\"e-gallery-image elementor-gallery-item__image\" data-thumbnail=\"https:\/\/dumont.ee\/wp-content\/uploads\/2025\/03\/Viveroo-USA-Premium-iPad-Mounting-Solutions.jpg\" data-width=\"640\" data-height=\"480\" alt=\"\" ><\/div>\n                      <div class=\"elementor-gallery-item__overlay\"><\/div>\n                  <\/div>\n               <\/a>\n      \t\t\t\t<a\n                class=\"e-gallery-item elementor-gallery-item twbb-flex-end-item elementor-animated-content\" href=\"https:\/\/dumont.ee\/wp-content\/uploads\/2025\/03\/Smarte-Jalousiesteuerung.jpg\" data-elementor-open-lightbox=\"yes\" data-elementor-lightbox-slideshow=\"all-e38b166\" data-e-action-hash=\"#elementor-action%3Aaction%3Dlightbox%26settings%3DeyJpZCI6Mzg0MCwidXJsIjoiaHR0cHM6XC9cL2R1bW9udC5lZVwvd3AtY29udGVudFwvdXBsb2Fkc1wvMjAyNVwvMDNcL1NtYXJ0ZS1KYWxvdXNpZXN0ZXVlcnVuZy5qcGciLCJzbGlkZXNob3ciOiJhbGwtZTM4YjE2NiJ9\">\n        \n        <div class=\"twbb_item_image_section\">\n          <div class=\"e-gallery-image elementor-gallery-item__image\" data-thumbnail=\"https:\/\/dumont.ee\/wp-content\/uploads\/2025\/03\/Smarte-Jalousiesteuerung.jpg\" data-width=\"640\" data-height=\"960\" alt=\"\" ><\/div>\n                      <div class=\"elementor-gallery-item__overlay\"><\/div>\n                  <\/div>\n               <\/a>\n      \t\t\t\t<a\n                class=\"e-gallery-item elementor-gallery-item twbb-flex-end-item elementor-animated-content\" href=\"https:\/\/dumont.ee\/wp-content\/uploads\/2025\/03\/Smart-solutions-for-your-home.jpg\" data-elementor-open-lightbox=\"yes\" data-elementor-lightbox-slideshow=\"all-e38b166\" data-e-action-hash=\"#elementor-action%3Aaction%3Dlightbox%26settings%3DeyJpZCI6MzgzOSwidXJsIjoiaHR0cHM6XC9cL2R1bW9udC5lZVwvd3AtY29udGVudFwvdXBsb2Fkc1wvMjAyNVwvMDNcL1NtYXJ0LXNvbHV0aW9ucy1mb3IteW91ci1ob21lLmpwZyIsInNsaWRlc2hvdyI6ImFsbC1lMzhiMTY2In0%3D\">\n        \n        <div class=\"twbb_item_image_section\">\n          <div class=\"e-gallery-image elementor-gallery-item__image\" data-thumbnail=\"https:\/\/dumont.ee\/wp-content\/uploads\/2025\/03\/Smart-solutions-for-your-home.jpg\" data-width=\"640\" data-height=\"360\" alt=\"\" ><\/div>\n                      <div class=\"elementor-gallery-item__overlay\"><\/div>\n                  <\/div>\n               <\/a>\n      \t\t\t\t<a\n                class=\"e-gallery-item elementor-gallery-item twbb-flex-end-item elementor-animated-content\" href=\"https:\/\/dumont.ee\/wp-content\/uploads\/2025\/03\/Gira-X1-\u2013-kleiner-Smart-Home-Server-viel-Leistung.jpg\" data-elementor-open-lightbox=\"yes\" data-elementor-lightbox-slideshow=\"all-e38b166\" data-e-action-hash=\"#elementor-action%3Aaction%3Dlightbox%26settings%3DeyJpZCI6MzgzOCwidXJsIjoiaHR0cHM6XC9cL2R1bW9udC5lZVwvd3AtY29udGVudFwvdXBsb2Fkc1wvMjAyNVwvMDNcL0dpcmEtWDEtXHUyMDEzLWtsZWluZXItU21hcnQtSG9tZS1TZXJ2ZXItdmllbC1MZWlzdHVuZy5qcGciLCJzbGlkZXNob3ciOiJhbGwtZTM4YjE2NiJ9\">\n        \n        <div class=\"twbb_item_image_section\">\n          <div class=\"e-gallery-image elementor-gallery-item__image\" data-thumbnail=\"https:\/\/dumont.ee\/wp-content\/uploads\/2025\/03\/Gira-X1-\u2013-kleiner-Smart-Home-Server-viel-Leistung.jpg\" data-width=\"640\" data-height=\"396\" alt=\"\" ><\/div>\n                      <div class=\"elementor-gallery-item__overlay\"><\/div>\n                  <\/div>\n               <\/a>\n      \t\t\t\t<a\n                class=\"e-gallery-item elementor-gallery-item twbb-flex-end-item elementor-animated-content\" href=\"https:\/\/dumont.ee\/wp-content\/uploads\/2025\/03\/Gira-X1-\u2013-kleiner-Smart-Home-Server-viel-Leistung-2.jpg\" data-elementor-open-lightbox=\"yes\" data-elementor-lightbox-slideshow=\"all-e38b166\" data-e-action-hash=\"#elementor-action%3Aaction%3Dlightbox%26settings%3DeyJpZCI6MzgzNywidXJsIjoiaHR0cHM6XC9cL2R1bW9udC5lZVwvd3AtY29udGVudFwvdXBsb2Fkc1wvMjAyNVwvMDNcL0dpcmEtWDEtXHUyMDEzLWtsZWluZXItU21hcnQtSG9tZS1TZXJ2ZXItdmllbC1MZWlzdHVuZy0yLmpwZyIsInNsaWRlc2hvdyI6ImFsbC1lMzhiMTY2In0%3D\">\n        \n        <div class=\"twbb_item_image_section\">\n          <div class=\"e-gallery-image elementor-gallery-item__image\" data-thumbnail=\"https:\/\/dumont.ee\/wp-content\/uploads\/2025\/03\/Gira-X1-\u2013-kleiner-Smart-Home-Server-viel-Leistung-2.jpg\" data-width=\"640\" data-height=\"396\" alt=\"\" ><\/div>\n                      <div class=\"elementor-gallery-item__overlay\"><\/div>\n                  <\/div>\n               <\/a>\n      \t\t\t\t<a\n                class=\"e-gallery-item elementor-gallery-item twbb-flex-end-item elementor-animated-content\" href=\"https:\/\/dumont.ee\/wp-content\/uploads\/2025\/03\/Gallery-of-Gira-HomeServer-app-Home-automation-1.jpg\" data-elementor-open-lightbox=\"yes\" data-elementor-lightbox-slideshow=\"all-e38b166\" data-e-action-hash=\"#elementor-action%3Aaction%3Dlightbox%26settings%3DeyJpZCI6MzgzNiwidXJsIjoiaHR0cHM6XC9cL2R1bW9udC5lZVwvd3AtY29udGVudFwvdXBsb2Fkc1wvMjAyNVwvMDNcL0dhbGxlcnktb2YtR2lyYS1Ib21lU2VydmVyLWFwcC1Ib21lLWF1dG9tYXRpb24tMS5qcGciLCJzbGlkZXNob3ciOiJhbGwtZTM4YjE2NiJ9\">\n        \n        <div class=\"twbb_item_image_section\">\n          <div class=\"e-gallery-image elementor-gallery-item__image\" data-thumbnail=\"https:\/\/dumont.ee\/wp-content\/uploads\/2025\/03\/Gallery-of-Gira-HomeServer-app-Home-automation-1.jpg\" data-width=\"640\" data-height=\"342\" alt=\"\" ><\/div>\n                      <div class=\"elementor-gallery-item__overlay\"><\/div>\n                  <\/div>\n               <\/a>\n      \t\t\t\t<a\n                class=\"e-gallery-item elementor-gallery-item twbb-flex-end-item elementor-animated-content\" href=\"https:\/\/dumont.ee\/wp-content\/uploads\/2025\/03\/Ekinex-la-domotica-KNX-che-semplifica-la-vita.jpg\" data-elementor-open-lightbox=\"yes\" data-elementor-lightbox-slideshow=\"all-e38b166\" data-e-action-hash=\"#elementor-action%3Aaction%3Dlightbox%26settings%3DeyJpZCI6MzgzNSwidXJsIjoiaHR0cHM6XC9cL2R1bW9udC5lZVwvd3AtY29udGVudFwvdXBsb2Fkc1wvMjAyNVwvMDNcL0VraW5leC1sYS1kb21vdGljYS1LTlgtY2hlLXNlbXBsaWZpY2EtbGEtdml0YS5qcGciLCJzbGlkZXNob3ciOiJhbGwtZTM4YjE2NiJ9\">\n        \n        <div class=\"twbb_item_image_section\">\n          <div class=\"e-gallery-image elementor-gallery-item__image\" data-thumbnail=\"https:\/\/dumont.ee\/wp-content\/uploads\/2025\/03\/Ekinex-la-domotica-KNX-che-semplifica-la-vita.jpg\" data-width=\"640\" data-height=\"1097\" alt=\"\" ><\/div>\n                      <div class=\"elementor-gallery-item__overlay\"><\/div>\n                  <\/div>\n               <\/a>\n      \t\t\t\t<a\n                class=\"e-gallery-item elementor-gallery-item twbb-flex-end-item elementor-animated-content\" href=\"https:\/\/dumont.ee\/wp-content\/uploads\/2025\/03\/2024-09-27_12-35_Alvari-Tammistu-kula_Soit.jpg\" data-elementor-open-lightbox=\"yes\" data-elementor-lightbox-slideshow=\"all-e38b166\" data-e-action-hash=\"#elementor-action%3Aaction%3Dlightbox%26settings%3DeyJpZCI6MzgzNCwidXJsIjoiaHR0cHM6XC9cL2R1bW9udC5lZVwvd3AtY29udGVudFwvdXBsb2Fkc1wvMjAyNVwvMDNcLzIwMjQtMDktMjdfMTItMzVfQWx2YXJpLVRhbW1pc3R1LWt1bGFfU29pdC5qcGciLCJzbGlkZXNob3ciOiJhbGwtZTM4YjE2NiJ9\">\n        \n        <div class=\"twbb_item_image_section\">\n          <div class=\"e-gallery-image elementor-gallery-item__image\" data-thumbnail=\"https:\/\/dumont.ee\/wp-content\/uploads\/2025\/03\/2024-09-27_12-35_Alvari-Tammistu-kula_Soit-768x1024.jpg\" data-width=\"640\" data-height=\"853\" alt=\"\" ><\/div>\n                      <div class=\"elementor-gallery-item__overlay\"><\/div>\n                  <\/div>\n               <\/a>\n      \t\t\t\t<a\n                class=\"e-gallery-item elementor-gallery-item twbb-flex-end-item elementor-animated-content\" href=\"https:\/\/dumont.ee\/wp-content\/uploads\/2025\/03\/00525BB6-FE51-4F33-B407-2BF05DEA6DD3_1_105_c-1.jpeg\" data-elementor-open-lightbox=\"yes\" data-elementor-lightbox-slideshow=\"all-e38b166\" data-e-action-hash=\"#elementor-action%3Aaction%3Dlightbox%26settings%3DeyJpZCI6MzgzMywidXJsIjoiaHR0cHM6XC9cL2R1bW9udC5lZVwvd3AtY29udGVudFwvdXBsb2Fkc1wvMjAyNVwvMDNcLzAwNTI1QkI2LUZFNTEtNEYzMy1CNDA3LTJCRjA1REVBNkREM18xXzEwNV9jLTEuanBlZyIsInNsaWRlc2hvdyI6ImFsbC1lMzhiMTY2In0%3D\">\n        \n        <div class=\"twbb_item_image_section\">\n          <div class=\"e-gallery-image elementor-gallery-item__image\" data-thumbnail=\"https:\/\/dumont.ee\/wp-content\/uploads\/2025\/03\/00525BB6-FE51-4F33-B407-2BF05DEA6DD3_1_105_c-1.jpeg\" data-width=\"640\" data-height=\"853\" alt=\"\" ><\/div>\n                      <div class=\"elementor-gallery-item__overlay\"><\/div>\n                  <\/div>\n               <\/a>\n      \t\t\t\t<a\n                class=\"e-gallery-item elementor-gallery-item twbb-flex-end-item elementor-animated-content\" href=\"https:\/\/dumont.ee\/wp-content\/uploads\/2025\/03\/9B152034-9C80-4282-8A78-8DDB48CB96BC_1_105_c-1.jpeg\" data-elementor-open-lightbox=\"yes\" data-elementor-lightbox-slideshow=\"all-e38b166\" data-e-action-hash=\"#elementor-action%3Aaction%3Dlightbox%26settings%3DeyJpZCI6MzgzMiwidXJsIjoiaHR0cHM6XC9cL2R1bW9udC5lZVwvd3AtY29udGVudFwvdXBsb2Fkc1wvMjAyNVwvMDNcLzlCMTUyMDM0LTlDODAtNDI4Mi04QTc4LThEREI0OENCOTZCQ18xXzEwNV9jLTEuanBlZyIsInNsaWRlc2hvdyI6ImFsbC1lMzhiMTY2In0%3D\">\n        \n        <div class=\"twbb_item_image_section\">\n          <div class=\"e-gallery-image elementor-gallery-item__image\" data-thumbnail=\"https:\/\/dumont.ee\/wp-content\/uploads\/2025\/03\/9B152034-9C80-4282-8A78-8DDB48CB96BC_1_105_c-1.jpeg\" data-width=\"640\" data-height=\"853\" alt=\"\" ><\/div>\n                      <div class=\"elementor-gallery-item__overlay\"><\/div>\n                  <\/div>\n               <\/a>\n            <\/div>\n\n      \t\t\t\t<\/div>\n\t\t\t\t<\/div>\n\t\t\t\t\t<\/div>\n\t\t\t\t<\/div>\n\t\t\t\t<\/div>","protected":false},"excerpt":{"rendered":"<p>KNX koduautomaatika Nutikad lahendused, mis toovad kogu kodu juhtimise \u00fchte s\u00fcsteemi KNX koduautomaatika v\u00f5imaldab \u00fchendada valgustuse, k\u00fctte, jahutuse, kardinad ja teised tehnos\u00fcsteemid \u00fcheks tervikuks. H\u00e4sti l\u00e4bim\u00f5eldud lahendus muudab kodu mugavamaks, energiat\u00f5husamaks ja igap\u00e4evaselt lihtsamini juhitavaks. Siit lehelt leiad n\u00e4iteid Dumont O\u00dc teostatud KNX automaatikalahendustest, mis on loodud vastavalt iga objekti ja kliendi vajadustele. Iga s\u00fcsteem [&hellip;]<\/p>\n","protected":false},"author":3,"featured_media":0,"parent":0,"menu_order":0,"comment_status":"closed","ping_status":"closed","template":"","meta":{"two_page_speed":[],"footnotes":""},"class_list":["post-3831","page","type-page","status-publish","hentry"],"_links":{"self":[{"href":"https:\/\/dumont.ee\/ru\/wp-json\/wp\/v2\/pages\/3831","targetHints":{"allow":["GET"]}}],"collection":[{"href":"https:\/\/dumont.ee\/ru\/wp-json\/wp\/v2\/pages"}],"about":[{"href":"https:\/\/dumont.ee\/ru\/wp-json\/wp\/v2\/types\/page"}],"author":[{"embeddable":true,"href":"https:\/\/dumont.ee\/ru\/wp-json\/wp\/v2\/users\/3"}],"replies":[{"embeddable":true,"href":"https:\/\/dumont.ee\/ru\/wp-json\/wp\/v2\/comments?post=3831"}],"version-history":[{"count":7,"href":"https:\/\/dumont.ee\/ru\/wp-json\/wp\/v2\/pages\/3831\/revisions"}],"predecessor-version":[{"id":4462,"href":"https:\/\/dumont.ee\/ru\/wp-json\/wp\/v2\/pages\/3831\/revisions\/4462"}],"wp:attachment":[{"href":"https:\/\/dumont.ee\/ru\/wp-json\/wp\/v2\/media?parent=3831"}],"curies":[{"name":"wp","href":"https:\/\/api.w.org\/{rel}","templated":true}]}}