{"id":3712,"date":"2025-03-23T12:49:12","date_gmt":"2025-03-23T10:49:12","guid":{"rendered":"https:\/\/dumont.ee\/?page_id=3712\/"},"modified":"2026-04-10T13:05:22","modified_gmt":"2026-04-10T11:05:22","slug":"jaotuskilbid","status":"publish","type":"page","link":"https:\/\/dumont.ee\/ru\/jaotuskilbid\/","title":{"rendered":"Jaotuskilbi t\u00f6\u00f6d"},"content":{"rendered":"<div data-elementor-type=\"wp-page\" data-elementor-id=\"3712\" class=\"elementor elementor-3712\">\n\t\t\t\t<div class=\"elementor-element elementor-element-00d772f e-flex e-con-boxed e-con e-parent\" data-id=\"00d772f\" data-element_type=\"container\" data-e-type=\"container\" data-settings=\"{&quot;background_background&quot;:&quot;classic&quot;}\">\n\t\t\t\t\t<div class=\"e-con-inner\">\n\t\t\t\t<div class=\"elementor-element elementor-element-c965f73 elementor-widget elementor-widget-heading\" data-id=\"c965f73\" data-element_type=\"widget\" data-e-type=\"widget\" data-widget_type=\"heading.default\">\n\t\t\t\t\t<h1 class=\"elementor-heading-title elementor-size-default\">\u0420\u0430\u0441\u043f\u0440\u0435\u0434\u0435\u043b\u0438\u0442\u0435\u043b\u044c\u043d\u044b\u0435 \u043f\u043b\u0430\u0441\u0442\u0438\u043d\u044b \u0438 \u0430\u0432\u0442\u043e\u043c\u0430\u0442\u0438\u0447\u0435\u0441\u043a\u0438\u0435 \u043f\u043b\u0430\u0441\u0442\u0438\u043d\u044b<\/h1>\t\t\t\t<\/div>\n\t\t\t\t\t<\/div>\n\t\t\t\t<\/div>\n\t\t<div class=\"elementor-element elementor-element-cee8299 e-flex e-con-boxed e-con e-parent\" data-id=\"cee8299\" data-element_type=\"container\" data-e-type=\"container\" data-settings=\"{&quot;background_background&quot;:&quot;classic&quot;}\">\n\t\t\t\t\t<div class=\"e-con-inner\">\n\t\t\t\t<div class=\"elementor-element elementor-element-fa26fae elementor-widget elementor-widget-heading\" data-id=\"fa26fae\" data-element_type=\"widget\" data-e-type=\"widget\" data-widget_type=\"heading.default\">\n\t\t\t\t\t<h2 class=\"elementor-heading-title elementor-size-default\">\u041f\u0440\u0430\u0432\u0438\u043b\u044c\u043d\u043e \u043f\u043e\u0441\u0442\u0440\u043e\u0435\u043d\u043d\u044b\u0435 \u044d\u043a\u0440\u0430\u043d\u044b \u043e\u0431\u0435\u0441\u043f\u0435\u0447\u0438\u0432\u0430\u044e\u0442 \u043d\u0430\u0434\u0435\u0436\u043d\u043e\u0441\u0442\u044c \u0438 \u0447\u0435\u0442\u043a\u043e\u0441\u0442\u044c \u0441\u0438\u0441\u0442\u0435\u043c\u044b<\/h2>\t\t\t\t<\/div>\n\t\t\t\t<div class=\"elementor-element elementor-element-8d8a1aa elementor-widget elementor-widget-text-editor\" data-id=\"8d8a1aa\" data-element_type=\"widget\" data-e-type=\"widget\" data-widget_type=\"text-editor.default\">\n\t\t\t\t\t\t\t\t\t<p data-start=\"181\" data-end=\"433\">\u0425\u043e\u0440\u043e\u0448\u043e \u0441\u043f\u0440\u043e\u0435\u043a\u0442\u0438\u0440\u043e\u0432\u0430\u043d\u043d\u044b\u0439 \u0440\u0430\u0441\u043f\u0440\u0435\u0434\u0435\u043b\u0438\u0442\u0435\u043b\u044c\u043d\u044b\u0439 \u0449\u0438\u0442 \u0438\u043b\u0438 \u0430\u0432\u0442\u043e\u043c\u0430\u0442\u0438\u0447\u0435\u0441\u043a\u0438\u0439 \u0440\u0430\u0441\u043f\u0440\u0435\u0434\u0435\u043b\u0438\u0442\u0435\u043b\u044c\u043d\u044b\u0439 \u0449\u0438\u0442 \u044f\u0432\u043b\u044f\u0435\u0442\u0441\u044f \u0432\u0430\u0436\u043d\u043e\u0439 \u0447\u0430\u0441\u0442\u044c\u044e \u043e\u0431\u0449\u0435\u0439 \u0441\u0438\u0441\u0442\u0435\u043c\u044b \u044d\u043b\u0435\u043a\u0442\u0440\u043e\u0441\u043d\u0430\u0431\u0436\u0435\u043d\u0438\u044f \u0438 \u0443\u043f\u0440\u0430\u0432\u043b\u0435\u043d\u0438\u044f. \u041e\u043d \u043f\u0440\u0435\u0434\u043d\u0430\u0437\u043d\u0430\u0447\u0435\u043d \u0434\u043b\u044f \u043e\u0431\u0435\u0441\u043f\u0435\u0447\u0435\u043d\u0438\u044f \u0431\u0435\u0437\u043e\u043f\u0430\u0441\u043d\u043e\u0433\u043e, \u043b\u043e\u0433\u0438\u0447\u043d\u043e\u0433\u043e \u0438 \u043d\u0430\u0434\u0435\u0436\u043d\u043e\u0433\u043e \u0440\u0435\u0448\u0435\u043d\u0438\u044f, \u043a\u043e\u0442\u043e\u0440\u043e\u0435 \u043f\u043e\u0434\u0434\u0435\u0440\u0436\u0438\u0432\u0430\u0435\u0442 \u043f\u043e\u0432\u0441\u0435\u0434\u043d\u0435\u0432\u043d\u0443\u044e \u0440\u0430\u0431\u043e\u0442\u0443 \u0441\u0438\u0441\u0442\u0435\u043c\u044b \u0438 \u043e\u0431\u043b\u0435\u0433\u0447\u0430\u0435\u0442 \u043f\u043e\u0441\u043b\u0435\u0434\u0443\u044e\u0449\u0435\u0435 \u043e\u0431\u0441\u043b\u0443\u0436\u0438\u0432\u0430\u043d\u0438\u0435 \u0438 \u0443\u043f\u0440\u0430\u0432\u043b\u0435\u043d\u0438\u0435.<\/p><p data-start=\"435\" data-end=\"758\">\u041d\u0430 \u044d\u0442\u043e\u0439 \u0441\u0442\u0440\u0430\u043d\u0438\u0446\u0435 \u0432\u044b \u043d\u0430\u0439\u0434\u0435\u0442\u0435 \u043f\u0440\u0438\u043c\u0435\u0440\u044b \u0440\u0435\u0448\u0435\u043d\u0438\u0439 \u0440\u0430\u0441\u043f\u0440\u0435\u0434\u0435\u043b\u0438\u0442\u0435\u043b\u044c\u043d\u044b\u0445 \u0438 \u0430\u0432\u0442\u043e\u043c\u0430\u0442\u0438\u0447\u0435\u0441\u043a\u0438\u0445 \u0449\u0438\u0442\u043e\u0432 \u043a\u043e\u043c\u043f\u0430\u043d\u0438\u0438 Dumont O\u00dc. \u041a\u0430\u0436\u0434\u044b\u0439 \u0449\u0438\u0442 \u0440\u0430\u0437\u0440\u0430\u0431\u0430\u0442\u044b\u0432\u0430\u0435\u0442\u0441\u044f \u0432 \u0441\u043e\u043e\u0442\u0432\u0435\u0442\u0441\u0442\u0432\u0438\u0438 \u0441 \u043f\u043e\u0442\u0440\u0435\u0431\u043d\u043e\u0441\u0442\u044f\u043c\u0438 \u043e\u0431\u044a\u0435\u043a\u0442\u0430, \u0441 \u0443\u0447\u0435\u0442\u043e\u043c \u0430\u0440\u0445\u0438\u0442\u0435\u043a\u0442\u0443\u0440\u044b \u0441\u0438\u0441\u0442\u0435\u043c\u044b, \u043b\u043e\u0433\u0438\u043a\u0438 \u0438\u0441\u043f\u043e\u043b\u044c\u0437\u043e\u0432\u0430\u043d\u0438\u044f \u0438 \u0432\u043e\u0437\u043c\u043e\u0436\u043d\u044b\u0445 \u0431\u0443\u0434\u0443\u0449\u0438\u0445 \u0440\u0430\u0441\u0448\u0438\u0440\u0435\u043d\u0438\u0439. \u041d\u0430\u0448 \u043f\u043e\u0434\u0445\u043e\u0434 \u0432\u0441\u0435\u0433\u0434\u0430 \u043e\u0434\u0438\u043d\u0430\u043a\u043e\u0432: \u0447\u0435\u0442\u043a\u043e\u0435 \u0446\u0435\u043b\u043e\u0435, \u043f\u0440\u0430\u0432\u0438\u043b\u044c\u043d\u043e\u0435 \u0438\u0441\u043f\u043e\u043b\u043d\u0435\u043d\u0438\u0435 \u0438 \u0440\u0435\u0448\u0435\u043d\u0438\u0435, \u0440\u0430\u0441\u0441\u0447\u0438\u0442\u0430\u043d\u043d\u043e\u0435 \u043d\u0430 \u0434\u043e\u043b\u0433\u0438\u0439 \u0441\u0440\u043e\u043a \u0441\u043b\u0443\u0436\u0431\u044b.<\/p>\t\t\t\t\t\t\t\t<\/div>\n\t\t\t\t\t<\/div>\n\t\t\t\t<\/div>\n\t\t<div class=\"elementor-element elementor-element-ca8defd e-flex e-con-boxed e-con e-parent\" data-id=\"ca8defd\" data-element_type=\"container\" data-e-type=\"container\" data-settings=\"{&quot;background_background&quot;:&quot;classic&quot;}\">\n\t\t\t\t\t<div class=\"e-con-inner\">\n\t\t\t\t<div class=\"elementor-element elementor-element-cddd935 elementor-widget elementor-widget-twbb_gallery\" data-id=\"cddd935\" data-element_type=\"widget\" data-e-type=\"widget\" data-settings=\"{&quot;gallery_layout&quot;:&quot;masonry&quot;,&quot;gap&quot;:{&quot;unit&quot;:&quot;px&quot;,&quot;size&quot;:20,&quot;sizes&quot;:[]},&quot;hgap&quot;:{&quot;unit&quot;:&quot;px&quot;,&quot;size&quot;:20,&quot;sizes&quot;:[]},&quot;lazyload&quot;:&quot;yes&quot;,&quot;columns&quot;:4,&quot;columns_tablet&quot;:2,&quot;columns_mobile&quot;:1,&quot;gap_tablet&quot;:{&quot;unit&quot;:&quot;px&quot;,&quot;size&quot;:10,&quot;sizes&quot;:[]},&quot;gap_mobile&quot;:{&quot;unit&quot;:&quot;px&quot;,&quot;size&quot;:10,&quot;sizes&quot;:[]},&quot;hgap_tablet&quot;:{&quot;unit&quot;:&quot;px&quot;,&quot;size&quot;:10,&quot;sizes&quot;:[]},&quot;hgap_mobile&quot;:{&quot;unit&quot;:&quot;px&quot;,&quot;size&quot;:10,&quot;sizes&quot;:[]},&quot;link_to&quot;:&quot;file&quot;,&quot;overlay_background&quot;:&quot;yes&quot;,&quot;content_hover_animation&quot;:&quot;fade-in&quot;}\" data-widget_type=\"twbb_gallery.default\">\n\t\t\t\t<div class=\"elementor-widget-container\">\n\t\t\t\t\t\t\t<div class=\"elementor-gallery__container\">\n\t\t\t\t\t\t\t<a\n                class=\"e-gallery-item elementor-gallery-item twbb-flex-end-item elementor-animated-content\" href=\"https:\/\/dumont.ee\/wp-content\/uploads\/2025\/03\/E148EA8A-4538-4A13-9838-D8B160649ED4_1_105_c.jpeg\" data-elementor-open-lightbox=\"yes\" data-elementor-lightbox-slideshow=\"all-cddd935\" data-e-action-hash=\"#elementor-action%3Aaction%3Dlightbox%26settings%3DeyJpZCI6MzY4NCwidXJsIjoiaHR0cHM6XC9cL2R1bW9udC5lZVwvd3AtY29udGVudFwvdXBsb2Fkc1wvMjAyNVwvMDNcL0UxNDhFQThBLTQ1MzgtNEExMy05ODM4LUQ4QjE2MDY0OUVENF8xXzEwNV9jLmpwZWciLCJzbGlkZXNob3ciOiJhbGwtY2RkZDkzNSJ9\">\n        \n        <div class=\"twbb_item_image_section\">\n          <div class=\"e-gallery-image elementor-gallery-item__image\" data-thumbnail=\"https:\/\/dumont.ee\/wp-content\/uploads\/2025\/03\/E148EA8A-4538-4A13-9838-D8B160649ED4_1_105_c.jpeg\" data-width=\"640\" data-height=\"853\" alt=\"\" ><\/div>\n                      <div class=\"elementor-gallery-item__overlay\"><\/div>\n                  <\/div>\n               <\/a>\n      \t\t\t\t<a\n                class=\"e-gallery-item elementor-gallery-item twbb-flex-end-item elementor-animated-content\" href=\"https:\/\/dumont.ee\/wp-content\/uploads\/2025\/03\/BA5C75B4-F0D5-41D4-922C-90B1C153284D_1_105_c.jpeg\" data-elementor-open-lightbox=\"yes\" data-elementor-lightbox-slideshow=\"all-cddd935\" data-e-action-hash=\"#elementor-action%3Aaction%3Dlightbox%26settings%3DeyJpZCI6MzY4MywidXJsIjoiaHR0cHM6XC9cL2R1bW9udC5lZVwvd3AtY29udGVudFwvdXBsb2Fkc1wvMjAyNVwvMDNcL0JBNUM3NUI0LUYwRDUtNDFENC05MjJDLTkwQjFDMTUzMjg0RF8xXzEwNV9jLmpwZWciLCJzbGlkZXNob3ciOiJhbGwtY2RkZDkzNSJ9\">\n        \n        <div class=\"twbb_item_image_section\">\n          <div class=\"e-gallery-image elementor-gallery-item__image\" data-thumbnail=\"https:\/\/dumont.ee\/wp-content\/uploads\/2025\/03\/BA5C75B4-F0D5-41D4-922C-90B1C153284D_1_105_c.jpeg\" data-width=\"640\" data-height=\"853\" alt=\"\" ><\/div>\n                      <div class=\"elementor-gallery-item__overlay\"><\/div>\n                  <\/div>\n               <\/a>\n      \t\t\t\t<a\n                class=\"e-gallery-item elementor-gallery-item twbb-flex-end-item elementor-animated-content\" href=\"https:\/\/dumont.ee\/wp-content\/uploads\/2025\/03\/ADB2DAF8-BC66-4312-BC37-6C72FA1D10A3_1_105_c.jpeg\" data-elementor-open-lightbox=\"yes\" data-elementor-lightbox-slideshow=\"all-cddd935\" data-e-action-hash=\"#elementor-action%3Aaction%3Dlightbox%26settings%3DeyJpZCI6MzY4MiwidXJsIjoiaHR0cHM6XC9cL2R1bW9udC5lZVwvd3AtY29udGVudFwvdXBsb2Fkc1wvMjAyNVwvMDNcL0FEQjJEQUY4LUJDNjYtNDMxMi1CQzM3LTZDNzJGQTFEMTBBM18xXzEwNV9jLmpwZWciLCJzbGlkZXNob3ciOiJhbGwtY2RkZDkzNSJ9\">\n        \n        <div class=\"twbb_item_image_section\">\n          <div class=\"e-gallery-image elementor-gallery-item__image\" data-thumbnail=\"https:\/\/dumont.ee\/wp-content\/uploads\/2025\/03\/ADB2DAF8-BC66-4312-BC37-6C72FA1D10A3_1_105_c.jpeg\" data-width=\"640\" data-height=\"853\" alt=\"\" ><\/div>\n                      <div class=\"elementor-gallery-item__overlay\"><\/div>\n                  <\/div>\n               <\/a>\n      \t\t\t\t<a\n                class=\"e-gallery-item elementor-gallery-item twbb-flex-end-item elementor-animated-content\" href=\"https:\/\/dumont.ee\/wp-content\/uploads\/2025\/03\/5287F725-1A5A-4050-84E2-D0433025EC14_1_105_c.jpeg\" data-elementor-open-lightbox=\"yes\" data-elementor-lightbox-slideshow=\"all-cddd935\" data-e-action-hash=\"#elementor-action%3Aaction%3Dlightbox%26settings%3DeyJpZCI6MzY4MSwidXJsIjoiaHR0cHM6XC9cL2R1bW9udC5lZVwvd3AtY29udGVudFwvdXBsb2Fkc1wvMjAyNVwvMDNcLzUyODdGNzI1LTFBNUEtNDA1MC04NEUyLUQwNDMzMDI1RUMxNF8xXzEwNV9jLmpwZWciLCJzbGlkZXNob3ciOiJhbGwtY2RkZDkzNSJ9\">\n        \n        <div class=\"twbb_item_image_section\">\n          <div class=\"e-gallery-image elementor-gallery-item__image\" data-thumbnail=\"https:\/\/dumont.ee\/wp-content\/uploads\/2025\/03\/5287F725-1A5A-4050-84E2-D0433025EC14_1_105_c.jpeg\" data-width=\"640\" data-height=\"853\" alt=\"\" ><\/div>\n                      <div class=\"elementor-gallery-item__overlay\"><\/div>\n                  <\/div>\n               <\/a>\n      \t\t\t\t<a\n                class=\"e-gallery-item elementor-gallery-item twbb-flex-end-item elementor-animated-content\" href=\"https:\/\/dumont.ee\/wp-content\/uploads\/2025\/03\/2025-03-06_17-51_Jaama-28-Haapsalu_Peenhaalestus-scaled.jpg\" data-elementor-open-lightbox=\"yes\" data-elementor-lightbox-slideshow=\"all-cddd935\" data-e-action-hash=\"#elementor-action%3Aaction%3Dlightbox%26settings%3DeyJpZCI6MzY4MCwidXJsIjoiaHR0cHM6XC9cL2R1bW9udC5lZVwvd3AtY29udGVudFwvdXBsb2Fkc1wvMjAyNVwvMDNcLzIwMjUtMDMtMDZfMTctNTFfSmFhbWEtMjgtSGFhcHNhbHVfUGVlbmhhYWxlc3R1cy1zY2FsZWQuanBnIiwic2xpZGVzaG93IjoiYWxsLWNkZGQ5MzUifQ%3D%3D\">\n        \n        <div class=\"twbb_item_image_section\">\n          <div class=\"e-gallery-image elementor-gallery-item__image\" data-thumbnail=\"https:\/\/dumont.ee\/wp-content\/uploads\/2025\/03\/2025-03-06_17-51_Jaama-28-Haapsalu_Peenhaalestus-768x1024.jpg\" data-width=\"640\" data-height=\"853\" alt=\"\" ><\/div>\n                      <div class=\"elementor-gallery-item__overlay\"><\/div>\n                  <\/div>\n               <\/a>\n      \t\t\t\t<a\n                class=\"e-gallery-item elementor-gallery-item twbb-flex-end-item elementor-animated-content\" href=\"https:\/\/dumont.ee\/wp-content\/uploads\/2025\/03\/2025-03-05_11-37_Rahnu-poik-7-Lohusalu_Peajaotuskilp-scaled.jpg\" data-elementor-open-lightbox=\"yes\" data-elementor-lightbox-slideshow=\"all-cddd935\" data-e-action-hash=\"#elementor-action%3Aaction%3Dlightbox%26settings%3DeyJpZCI6MzY3OSwidXJsIjoiaHR0cHM6XC9cL2R1bW9udC5lZVwvd3AtY29udGVudFwvdXBsb2Fkc1wvMjAyNVwvMDNcLzIwMjUtMDMtMDVfMTEtMzdfUmFobnUtcG9pay03LUxvaHVzYWx1X1BlYWphb3R1c2tpbHAtc2NhbGVkLmpwZyIsInNsaWRlc2hvdyI6ImFsbC1jZGRkOTM1In0%3D\">\n        \n        <div class=\"twbb_item_image_section\">\n          <div class=\"e-gallery-image elementor-gallery-item__image\" data-thumbnail=\"https:\/\/dumont.ee\/wp-content\/uploads\/2025\/03\/2025-03-05_11-37_Rahnu-poik-7-Lohusalu_Peajaotuskilp-768x576.jpg\" data-width=\"640\" data-height=\"480\" alt=\"\" ><\/div>\n                      <div class=\"elementor-gallery-item__overlay\"><\/div>\n                  <\/div>\n               <\/a>\n      \t\t\t\t<a\n                class=\"e-gallery-item elementor-gallery-item twbb-flex-end-item elementor-animated-content\" href=\"https:\/\/dumont.ee\/wp-content\/uploads\/2025\/03\/5B15C484-AF77-40C9-9EE8-6CBF760AFB96_1_105_c.jpeg\" data-elementor-open-lightbox=\"yes\" data-elementor-lightbox-slideshow=\"all-cddd935\" data-e-action-hash=\"#elementor-action%3Aaction%3Dlightbox%26settings%3DeyJpZCI6MzY3MywidXJsIjoiaHR0cHM6XC9cL2R1bW9udC5lZVwvd3AtY29udGVudFwvdXBsb2Fkc1wvMjAyNVwvMDNcLzVCMTVDNDg0LUFGNzctNDBDOS05RUU4LTZDQkY3NjBBRkI5Nl8xXzEwNV9jLmpwZWciLCJzbGlkZXNob3ciOiJhbGwtY2RkZDkzNSJ9\">\n        \n        <div class=\"twbb_item_image_section\">\n          <div class=\"e-gallery-image elementor-gallery-item__image\" data-thumbnail=\"https:\/\/dumont.ee\/wp-content\/uploads\/2025\/03\/5B15C484-AF77-40C9-9EE8-6CBF760AFB96_1_105_c.jpeg\" data-width=\"640\" data-height=\"853\" alt=\"\" ><\/div>\n                      <div class=\"elementor-gallery-item__overlay\"><\/div>\n                  <\/div>\n               <\/a>\n      \t\t\t\t<a\n                class=\"e-gallery-item elementor-gallery-item twbb-flex-end-item elementor-animated-content\" href=\"https:\/\/dumont.ee\/wp-content\/uploads\/2025\/03\/9B152034-9C80-4282-8A78-8DDB48CB96BC_1_105_c.jpeg\" data-elementor-open-lightbox=\"yes\" data-elementor-lightbox-slideshow=\"all-cddd935\" data-e-action-hash=\"#elementor-action%3Aaction%3Dlightbox%26settings%3DeyJpZCI6MzY3NCwidXJsIjoiaHR0cHM6XC9cL2R1bW9udC5lZVwvd3AtY29udGVudFwvdXBsb2Fkc1wvMjAyNVwvMDNcLzlCMTUyMDM0LTlDODAtNDI4Mi04QTc4LThEREI0OENCOTZCQ18xXzEwNV9jLmpwZWciLCJzbGlkZXNob3ciOiJhbGwtY2RkZDkzNSJ9\">\n        \n        <div class=\"twbb_item_image_section\">\n          <div class=\"e-gallery-image elementor-gallery-item__image\" data-thumbnail=\"https:\/\/dumont.ee\/wp-content\/uploads\/2025\/03\/9B152034-9C80-4282-8A78-8DDB48CB96BC_1_105_c.jpeg\" data-width=\"640\" data-height=\"853\" alt=\"\" ><\/div>\n                      <div class=\"elementor-gallery-item__overlay\"><\/div>\n                  <\/div>\n               <\/a>\n      \t\t\t\t<a\n                class=\"e-gallery-item elementor-gallery-item twbb-flex-end-item elementor-animated-content\" href=\"https:\/\/dumont.ee\/wp-content\/uploads\/2025\/03\/68C12F4B-74DB-4F10-8DB7-8C554832C3B4_1_105_c.jpeg\" data-elementor-open-lightbox=\"yes\" data-elementor-lightbox-slideshow=\"all-cddd935\" data-e-action-hash=\"#elementor-action%3Aaction%3Dlightbox%26settings%3DeyJpZCI6MzY3NSwidXJsIjoiaHR0cHM6XC9cL2R1bW9udC5lZVwvd3AtY29udGVudFwvdXBsb2Fkc1wvMjAyNVwvMDNcLzY4QzEyRjRCLTc0REItNEYxMC04REI3LThDNTU0ODMyQzNCNF8xXzEwNV9jLmpwZWciLCJzbGlkZXNob3ciOiJhbGwtY2RkZDkzNSJ9\">\n        \n        <div class=\"twbb_item_image_section\">\n          <div class=\"e-gallery-image elementor-gallery-item__image\" data-thumbnail=\"https:\/\/dumont.ee\/wp-content\/uploads\/2025\/03\/68C12F4B-74DB-4F10-8DB7-8C554832C3B4_1_105_c.jpeg\" data-width=\"640\" data-height=\"853\" alt=\"\" ><\/div>\n                      <div class=\"elementor-gallery-item__overlay\"><\/div>\n                  <\/div>\n               <\/a>\n      \t\t\t\t<a\n                class=\"e-gallery-item elementor-gallery-item twbb-flex-end-item elementor-animated-content\" href=\"https:\/\/dumont.ee\/wp-content\/uploads\/2025\/03\/00525BB6-FE51-4F33-B407-2BF05DEA6DD3_1_105_c.jpeg\" data-elementor-open-lightbox=\"yes\" data-elementor-lightbox-slideshow=\"all-cddd935\" data-e-action-hash=\"#elementor-action%3Aaction%3Dlightbox%26settings%3DeyJpZCI6MzY3NiwidXJsIjoiaHR0cHM6XC9cL2R1bW9udC5lZVwvd3AtY29udGVudFwvdXBsb2Fkc1wvMjAyNVwvMDNcLzAwNTI1QkI2LUZFNTEtNEYzMy1CNDA3LTJCRjA1REVBNkREM18xXzEwNV9jLmpwZWciLCJzbGlkZXNob3ciOiJhbGwtY2RkZDkzNSJ9\">\n        \n        <div class=\"twbb_item_image_section\">\n          <div class=\"e-gallery-image elementor-gallery-item__image\" data-thumbnail=\"https:\/\/dumont.ee\/wp-content\/uploads\/2025\/03\/00525BB6-FE51-4F33-B407-2BF05DEA6DD3_1_105_c.jpeg\" data-width=\"640\" data-height=\"853\" alt=\"\" ><\/div>\n                      <div class=\"elementor-gallery-item__overlay\"><\/div>\n                  <\/div>\n               <\/a>\n      \t\t\t\t<a\n                class=\"e-gallery-item elementor-gallery-item twbb-flex-end-item elementor-animated-content\" href=\"https:\/\/dumont.ee\/wp-content\/uploads\/2025\/03\/917CBBE2-71D8-4468-88A3-0642179CED2A_1_105_c.jpeg\" data-elementor-open-lightbox=\"yes\" data-elementor-lightbox-slideshow=\"all-cddd935\" data-e-action-hash=\"#elementor-action%3Aaction%3Dlightbox%26settings%3DeyJpZCI6MzY3NywidXJsIjoiaHR0cHM6XC9cL2R1bW9udC5lZVwvd3AtY29udGVudFwvdXBsb2Fkc1wvMjAyNVwvMDNcLzkxN0NCQkUyLTcxRDgtNDQ2OC04OEEzLTA2NDIxNzlDRUQyQV8xXzEwNV9jLmpwZWciLCJzbGlkZXNob3ciOiJhbGwtY2RkZDkzNSJ9\">\n        \n        <div class=\"twbb_item_image_section\">\n          <div class=\"e-gallery-image elementor-gallery-item__image\" data-thumbnail=\"https:\/\/dumont.ee\/wp-content\/uploads\/2025\/03\/917CBBE2-71D8-4468-88A3-0642179CED2A_1_105_c.jpeg\" data-width=\"640\" data-height=\"853\" alt=\"\" ><\/div>\n                      <div class=\"elementor-gallery-item__overlay\"><\/div>\n                  <\/div>\n               <\/a>\n      \t\t\t\t<a\n                class=\"e-gallery-item elementor-gallery-item twbb-flex-end-item elementor-animated-content\" href=\"https:\/\/dumont.ee\/wp-content\/uploads\/2025\/03\/2023-11-28_13-42_Jaama-28-Haapsalu-scaled.jpg\" data-elementor-open-lightbox=\"yes\" data-elementor-lightbox-slideshow=\"all-cddd935\" data-e-action-hash=\"#elementor-action%3Aaction%3Dlightbox%26settings%3DeyJpZCI6MzY3OCwidXJsIjoiaHR0cHM6XC9cL2R1bW9udC5lZVwvd3AtY29udGVudFwvdXBsb2Fkc1wvMjAyNVwvMDNcLzIwMjMtMTEtMjhfMTMtNDJfSmFhbWEtMjgtSGFhcHNhbHUtc2NhbGVkLmpwZyIsInNsaWRlc2hvdyI6ImFsbC1jZGRkOTM1In0%3D\">\n        \n        <div class=\"twbb_item_image_section\">\n          <div class=\"e-gallery-image elementor-gallery-item__image\" data-thumbnail=\"https:\/\/dumont.ee\/wp-content\/uploads\/2025\/03\/2023-11-28_13-42_Jaama-28-Haapsalu-768x1024.jpg\" data-width=\"640\" data-height=\"853\" alt=\"\" ><\/div>\n                      <div class=\"elementor-gallery-item__overlay\"><\/div>\n                  <\/div>\n               <\/a>\n      \t\t\t\t<a\n                class=\"e-gallery-item elementor-gallery-item twbb-flex-end-item elementor-animated-content\" href=\"https:\/\/dumont.ee\/wp-content\/uploads\/2018\/06\/Photo-25-05-2018-19-03-43.jpg\" data-elementor-open-lightbox=\"yes\" data-elementor-lightbox-slideshow=\"all-cddd935\" data-e-action-hash=\"#elementor-action%3Aaction%3Dlightbox%26settings%3DeyJpZCI6MjE2MiwidXJsIjoiaHR0cHM6XC9cL2R1bW9udC5lZVwvd3AtY29udGVudFwvdXBsb2Fkc1wvMjAxOFwvMDZcL1Bob3RvLTI1LTA1LTIwMTgtMTktMDMtNDMuanBnIiwic2xpZGVzaG93IjoiYWxsLWNkZGQ5MzUifQ%3D%3D\">\n        \n        <div class=\"twbb_item_image_section\">\n          <div class=\"e-gallery-image elementor-gallery-item__image\" data-thumbnail=\"https:\/\/dumont.ee\/wp-content\/uploads\/2018\/06\/Photo-25-05-2018-19-03-43.jpg\" data-width=\"450\" data-height=\"600\" alt=\"\" ><\/div>\n                      <div class=\"elementor-gallery-item__overlay\"><\/div>\n                  <\/div>\n               <\/a>\n      \t\t\t\t<a\n                class=\"e-gallery-item elementor-gallery-item twbb-flex-end-item elementor-animated-content\" href=\"https:\/\/dumont.ee\/wp-content\/uploads\/2018\/06\/Photo-23-04-2018-11-56-20.jpg\" data-elementor-open-lightbox=\"yes\" data-elementor-lightbox-slideshow=\"all-cddd935\" data-e-action-hash=\"#elementor-action%3Aaction%3Dlightbox%26settings%3DeyJpZCI6MjE1NSwidXJsIjoiaHR0cHM6XC9cL2R1bW9udC5lZVwvd3AtY29udGVudFwvdXBsb2Fkc1wvMjAxOFwvMDZcL1Bob3RvLTIzLTA0LTIwMTgtMTEtNTYtMjAuanBnIiwic2xpZGVzaG93IjoiYWxsLWNkZGQ5MzUifQ%3D%3D\">\n        \n        <div class=\"twbb_item_image_section\">\n          <div class=\"e-gallery-image elementor-gallery-item__image\" data-thumbnail=\"https:\/\/dumont.ee\/wp-content\/uploads\/2018\/06\/Photo-23-04-2018-11-56-20.jpg\" data-width=\"450\" data-height=\"600\" alt=\"\" ><\/div>\n                      <div class=\"elementor-gallery-item__overlay\"><\/div>\n                  <\/div>\n               <\/a>\n      \t\t\t\t<a\n                class=\"e-gallery-item elementor-gallery-item twbb-flex-end-item elementor-animated-content\" href=\"https:\/\/dumont.ee\/wp-content\/uploads\/2018\/06\/Photo-25-05-2018-19-03-20.jpg\" data-elementor-open-lightbox=\"yes\" data-elementor-lightbox-slideshow=\"all-cddd935\" data-e-action-hash=\"#elementor-action%3Aaction%3Dlightbox%26settings%3DeyJpZCI6MjE1OCwidXJsIjoiaHR0cHM6XC9cL2R1bW9udC5lZVwvd3AtY29udGVudFwvdXBsb2Fkc1wvMjAxOFwvMDZcL1Bob3RvLTI1LTA1LTIwMTgtMTktMDMtMjAuanBnIiwic2xpZGVzaG93IjoiYWxsLWNkZGQ5MzUifQ%3D%3D\">\n        \n        <div class=\"twbb_item_image_section\">\n          <div class=\"e-gallery-image elementor-gallery-item__image\" data-thumbnail=\"https:\/\/dumont.ee\/wp-content\/uploads\/2018\/06\/Photo-25-05-2018-19-03-20.jpg\" data-width=\"640\" data-height=\"480\" alt=\"\" ><\/div>\n                      <div class=\"elementor-gallery-item__overlay\"><\/div>\n                  <\/div>\n               <\/a>\n      \t\t\t\t<a\n                class=\"e-gallery-item elementor-gallery-item twbb-flex-end-item elementor-animated-content\" href=\"https:\/\/dumont.ee\/wp-content\/uploads\/2018\/06\/Photo-25-05-2018-19-03-32.jpg\" data-elementor-open-lightbox=\"yes\" data-elementor-lightbox-slideshow=\"all-cddd935\" data-e-action-hash=\"#elementor-action%3Aaction%3Dlightbox%26settings%3DeyJpZCI6MjE2MCwidXJsIjoiaHR0cHM6XC9cL2R1bW9udC5lZVwvd3AtY29udGVudFwvdXBsb2Fkc1wvMjAxOFwvMDZcL1Bob3RvLTI1LTA1LTIwMTgtMTktMDMtMzIuanBnIiwic2xpZGVzaG93IjoiYWxsLWNkZGQ5MzUifQ%3D%3D\">\n        \n        <div class=\"twbb_item_image_section\">\n          <div class=\"e-gallery-image elementor-gallery-item__image\" data-thumbnail=\"https:\/\/dumont.ee\/wp-content\/uploads\/2018\/06\/Photo-25-05-2018-19-03-32.jpg\" data-width=\"640\" data-height=\"480\" alt=\"\" ><\/div>\n                      <div class=\"elementor-gallery-item__overlay\"><\/div>\n                  <\/div>\n               <\/a>\n      \t\t\t\t<a\n                class=\"e-gallery-item elementor-gallery-item twbb-flex-end-item elementor-animated-content\" href=\"https:\/\/dumont.ee\/wp-content\/uploads\/2014\/08\/IMG_5560-scaled.jpeg\" data-elementor-open-lightbox=\"yes\" data-elementor-lightbox-slideshow=\"all-cddd935\" data-e-action-hash=\"#elementor-action%3Aaction%3Dlightbox%26settings%3DeyJpZCI6MjQ0OCwidXJsIjoiaHR0cHM6XC9cL2R1bW9udC5lZVwvd3AtY29udGVudFwvdXBsb2Fkc1wvMjAxNFwvMDhcL0lNR181NTYwLXNjYWxlZC5qcGVnIiwic2xpZGVzaG93IjoiYWxsLWNkZGQ5MzUifQ%3D%3D\">\n        \n        <div class=\"twbb_item_image_section\">\n          <div class=\"e-gallery-image elementor-gallery-item__image\" data-thumbnail=\"https:\/\/dumont.ee\/wp-content\/uploads\/2014\/08\/IMG_5560-scaled.jpeg\" data-width=\"640\" data-height=\"853\" alt=\"\" ><\/div>\n                      <div class=\"elementor-gallery-item__overlay\"><\/div>\n                  <\/div>\n               <\/a>\n            <\/div>\n\n      \t\t\t\t<\/div>\n\t\t\t\t<\/div>\n\t\t\t\t\t<\/div>\n\t\t\t\t<\/div>\n\t\t\t\t<\/div>","protected":false},"excerpt":{"rendered":"<p>Jaotuskilbid ja automaatikakilbid Korralikult ehitatud kilbid, mis tagavad s\u00fcsteemi t\u00f6\u00f6kindluse ja selguse H\u00e4sti koostatud jaotuskilp v\u00f5i automaatikakilp on kogu elektri- ja juhtimiss\u00fcsteemi oluline osa. Selle eesm\u00e4rk on tagada ohutu, loogiline ja t\u00f6\u00f6kindel lahendus, mis toetab s\u00fcsteemi igap\u00e4evast toimimist ning teeb hilisema hoolduse ja halduse lihtsamaks. Siit lehelt leiad n\u00e4iteid Dumont O\u00dc teostatud jaotuskilpide ja automaatikakilpide [&hellip;]<\/p>\n","protected":false},"author":3,"featured_media":0,"parent":0,"menu_order":0,"comment_status":"closed","ping_status":"closed","template":"","meta":{"two_page_speed":[],"footnotes":""},"class_list":["post-3712","page","type-page","status-publish","hentry"],"_links":{"self":[{"href":"https:\/\/dumont.ee\/ru\/wp-json\/wp\/v2\/pages\/3712","targetHints":{"allow":["GET"]}}],"collection":[{"href":"https:\/\/dumont.ee\/ru\/wp-json\/wp\/v2\/pages"}],"about":[{"href":"https:\/\/dumont.ee\/ru\/wp-json\/wp\/v2\/types\/page"}],"author":[{"embeddable":true,"href":"https:\/\/dumont.ee\/ru\/wp-json\/wp\/v2\/users\/3"}],"replies":[{"embeddable":true,"href":"https:\/\/dumont.ee\/ru\/wp-json\/wp\/v2\/comments?post=3712"}],"version-history":[{"count":25,"href":"https:\/\/dumont.ee\/ru\/wp-json\/wp\/v2\/pages\/3712\/revisions"}],"predecessor-version":[{"id":4492,"href":"https:\/\/dumont.ee\/ru\/wp-json\/wp\/v2\/pages\/3712\/revisions\/4492"}],"wp:attachment":[{"href":"https:\/\/dumont.ee\/ru\/wp-json\/wp\/v2\/media?parent=3712"}],"curies":[{"name":"wp","href":"https:\/\/api.w.org\/{rel}","templated":true}]}}