{"id":3783,"date":"2025-03-23T16:16:14","date_gmt":"2025-03-23T14:16:14","guid":{"rendered":"https:\/\/dumont.ee\/?page_id=3783\/"},"modified":"2026-04-10T11:08:08","modified_gmt":"2026-04-10T09:08:08","slug":"valve-susteemid","status":"publish","type":"page","link":"https:\/\/dumont.ee\/fr\/valve-susteemid\/","title":{"rendered":"Valve s\u00fcsteemid t\u00f6\u00f6d"},"content":{"rendered":"<div data-elementor-type=\"wp-page\" data-elementor-id=\"3783\" class=\"elementor elementor-3783\">\n\t\t\t\t<div class=\"elementor-element elementor-element-4453b310 e-flex e-con-boxed e-con e-parent\" data-id=\"4453b310\" data-element_type=\"container\" data-e-type=\"container\" data-settings=\"{&quot;background_background&quot;:&quot;classic&quot;}\">\n\t\t\t\t\t<div class=\"e-con-inner\">\n\t\t\t\t<div class=\"elementor-element elementor-element-18563834 elementor-widget elementor-widget-heading\" data-id=\"18563834\" data-element_type=\"widget\" data-e-type=\"widget\" data-widget_type=\"heading.default\">\n\t\t\t\t\t<h1 class=\"elementor-heading-title elementor-size-default\">Vid\u00e9osurveillance, syst\u00e8mes de s\u00e9curit\u00e9 et contr\u00f4le d'acc\u00e8s<\/h1>\t\t\t\t<\/div>\n\t\t\t\t\t<\/div>\n\t\t\t\t<\/div>\n\t\t<div class=\"elementor-element elementor-element-35f3baad e-flex e-con-boxed e-con e-parent\" data-id=\"35f3baad\" data-element_type=\"container\" data-e-type=\"container\" data-settings=\"{&quot;background_background&quot;:&quot;classic&quot;}\">\n\t\t\t\t\t<div class=\"e-con-inner\">\n\t\t\t\t<div class=\"elementor-element elementor-element-67e8a798 elementor-widget elementor-widget-heading\" data-id=\"67e8a798\" data-element_type=\"widget\" data-e-type=\"widget\" data-widget_type=\"heading.default\">\n\t\t\t\t\t<h2 class=\"elementor-heading-title elementor-size-default\">Des solutions de s\u00e9curit\u00e9 qui fonctionnent en toute s\u00e9curit\u00e9 et sans \u00eatre d\u00e9tect\u00e9es en arri\u00e8re-plan<\/h2>\t\t\t\t<\/div>\n\t\t\t\t<div class=\"elementor-element elementor-element-27d7cd48 elementor-widget elementor-widget-text-editor\" data-id=\"27d7cd48\" data-element_type=\"widget\" data-e-type=\"widget\" data-widget_type=\"text-editor.default\">\n\t\t\t\t\t\t\t\t\t<p data-start=\"141\" data-end=\"359\">La s\u00e9curit\u00e9 d'une maison ou d'une entreprise commence par un syst\u00e8me bien con\u00e7u. La vid\u00e9osurveillance, les syst\u00e8mes de s\u00e9curit\u00e9 et le contr\u00f4le d'acc\u00e8s peuvent vous aider \u00e0 garder un \u0153il sur les lieux, \u00e0 restreindre l'acc\u00e8s et \u00e0 r\u00e9agir rapidement lorsque la situation l'exige.<\/p><p data-start=\"361\" data-end=\"671\" data-is-last-node=\"\" data-is-only-node=\"\">Sur cette page, vous trouverez des exemples de solutions de s\u00e9curit\u00e9 install\u00e9es par Dumont O\u00dc, o\u00f9 nous avons combin\u00e9 la vid\u00e9osurveillance, le contr\u00f4le d'acc\u00e8s, les syst\u00e8mes de s\u00e9curit\u00e9 et divers capteurs de s\u00e9curit\u00e9. Chaque solution est adapt\u00e9e aux besoins du site, de sorte que le r\u00e9sultat est fiable, bien g\u00e9r\u00e9 et fiable dans l'utilisation quotidienne.<\/p>\t\t\t\t\t\t\t\t<\/div>\n\t\t\t\t\t<\/div>\n\t\t\t\t<\/div>\n\t\t<div class=\"elementor-element elementor-element-7d4dbb4 e-flex e-con-boxed e-con e-parent\" data-id=\"7d4dbb4\" data-element_type=\"container\" data-e-type=\"container\" data-settings=\"{&quot;background_background&quot;:&quot;classic&quot;}\">\n\t\t\t\t\t<div class=\"e-con-inner\">\n\t\t\t\t<div class=\"elementor-element elementor-element-148c0c2 elementor-widget elementor-widget-twbb_gallery\" data-id=\"148c0c2\" data-element_type=\"widget\" data-e-type=\"widget\" data-settings=\"{&quot;gallery_layout&quot;:&quot;masonry&quot;,&quot;lazyload&quot;:&quot;yes&quot;,&quot;columns&quot;:4,&quot;columns_tablet&quot;:2,&quot;columns_mobile&quot;:1,&quot;gap&quot;:{&quot;unit&quot;:&quot;px&quot;,&quot;size&quot;:10,&quot;sizes&quot;:[]},&quot;gap_tablet&quot;:{&quot;unit&quot;:&quot;px&quot;,&quot;size&quot;:10,&quot;sizes&quot;:[]},&quot;gap_mobile&quot;:{&quot;unit&quot;:&quot;px&quot;,&quot;size&quot;:10,&quot;sizes&quot;:[]},&quot;hgap&quot;:{&quot;unit&quot;:&quot;px&quot;,&quot;size&quot;:10,&quot;sizes&quot;:[]},&quot;hgap_tablet&quot;:{&quot;unit&quot;:&quot;px&quot;,&quot;size&quot;:10,&quot;sizes&quot;:[]},&quot;hgap_mobile&quot;:{&quot;unit&quot;:&quot;px&quot;,&quot;size&quot;:10,&quot;sizes&quot;:[]},&quot;link_to&quot;:&quot;file&quot;,&quot;overlay_background&quot;:&quot;yes&quot;,&quot;content_hover_animation&quot;:&quot;fade-in&quot;}\" data-widget_type=\"twbb_gallery.default\">\n\t\t\t\t<div class=\"elementor-widget-container\">\n\t\t\t\t\t        <div class=\"elementor-single-gallery-title-description-wrapper elementor-field-group elementor-column elementor-col-100 elementor-widget-wrap elementor-widget-heading\">\n          <div class=\"elementor-single-gallery-title elementor-element elementor-heading-title\"><\/div>        <\/div>\n        \t\t<div class=\"elementor-gallery__container\">\n\t\t\t\t\t\t\t<a\n                class=\"e-gallery-item elementor-gallery-item twbb-flex-end-item elementor-animated-content\" href=\"https:\/\/dumont.ee\/wp-content\/uploads\/2025\/03\/UniFi-Video-Cam-soluciones-video-vigilancia-UniFi-ubiquiti-UVC-VideoCam-camera-ipcamera-WiFiCanarias.jpg\" data-elementor-open-lightbox=\"yes\" data-elementor-lightbox-slideshow=\"all-148c0c2\" data-e-action-hash=\"#elementor-action%3Aaction%3Dlightbox%26settings%3DeyJpZCI6MzgwMywidXJsIjoiaHR0cHM6XC9cL2R1bW9udC5lZVwvd3AtY29udGVudFwvdXBsb2Fkc1wvMjAyNVwvMDNcL1VuaUZpLVZpZGVvLUNhbS1zb2x1Y2lvbmVzLXZpZGVvLXZpZ2lsYW5jaWEtVW5pRmktdWJpcXVpdGktVVZDLVZpZGVvQ2FtLWNhbWVyYS1pcGNhbWVyYS1XaUZpQ2FuYXJpYXMuanBnIiwic2xpZGVzaG93IjoiYWxsLTE0OGMwYzIifQ%3D%3D\">\n        \n        <div class=\"twbb_item_image_section\">\n          <div class=\"e-gallery-image elementor-gallery-item__image\" data-thumbnail=\"https:\/\/dumont.ee\/wp-content\/uploads\/2025\/03\/UniFi-Video-Cam-soluciones-video-vigilancia-UniFi-ubiquiti-UVC-VideoCam-camera-ipcamera-WiFiCanarias.jpg\" data-width=\"640\" data-height=\"640\" alt=\"\" ><\/div>\n                      <div class=\"elementor-gallery-item__overlay\"><\/div>\n                  <\/div>\n               <\/a>\n      \t\t\t\t<a\n                class=\"e-gallery-item elementor-gallery-item twbb-flex-end-item elementor-animated-content\" href=\"https:\/\/dumont.ee\/wp-content\/uploads\/2025\/03\/Ubiquiti-UniFi-Protect-UVC-AI-BULLET.jpg\" data-elementor-open-lightbox=\"yes\" data-elementor-lightbox-slideshow=\"all-148c0c2\" data-e-action-hash=\"#elementor-action%3Aaction%3Dlightbox%26settings%3DeyJpZCI6MzgwMiwidXJsIjoiaHR0cHM6XC9cL2R1bW9udC5lZVwvd3AtY29udGVudFwvdXBsb2Fkc1wvMjAyNVwvMDNcL1ViaXF1aXRpLVVuaUZpLVByb3RlY3QtVVZDLUFJLUJVTExFVC5qcGciLCJzbGlkZXNob3ciOiJhbGwtMTQ4YzBjMiJ9\">\n        \n        <div class=\"twbb_item_image_section\">\n          <div class=\"e-gallery-image elementor-gallery-item__image\" data-thumbnail=\"https:\/\/dumont.ee\/wp-content\/uploads\/2025\/03\/Ubiquiti-UniFi-Protect-UVC-AI-BULLET.jpg\" data-width=\"300\" data-height=\"300\" alt=\"\" ><\/div>\n                      <div class=\"elementor-gallery-item__overlay\"><\/div>\n                  <\/div>\n               <\/a>\n      \t\t\t\t<a\n                class=\"e-gallery-item elementor-gallery-item twbb-flex-end-item elementor-animated-content\" href=\"https:\/\/dumont.ee\/wp-content\/uploads\/2025\/03\/Ubiquiti-Uag2Pro-Unifi-Access-Reader-G2-Pro-White.jpg\" data-elementor-open-lightbox=\"yes\" data-elementor-lightbox-slideshow=\"all-148c0c2\" data-e-action-hash=\"#elementor-action%3Aaction%3Dlightbox%26settings%3DeyJpZCI6MzgwMSwidXJsIjoiaHR0cHM6XC9cL2R1bW9udC5lZVwvd3AtY29udGVudFwvdXBsb2Fkc1wvMjAyNVwvMDNcL1ViaXF1aXRpLVVhZzJQcm8tVW5pZmktQWNjZXNzLVJlYWRlci1HMi1Qcm8tV2hpdGUuanBnIiwic2xpZGVzaG93IjoiYWxsLTE0OGMwYzIifQ%3D%3D\">\n        \n        <div class=\"twbb_item_image_section\">\n          <div class=\"e-gallery-image elementor-gallery-item__image\" data-thumbnail=\"https:\/\/dumont.ee\/wp-content\/uploads\/2025\/03\/Ubiquiti-Uag2Pro-Unifi-Access-Reader-G2-Pro-White.jpg\" data-width=\"600\" data-height=\"600\" alt=\"\" ><\/div>\n                      <div class=\"elementor-gallery-item__overlay\"><\/div>\n                  <\/div>\n               <\/a>\n      \t\t\t\t<a\n                class=\"e-gallery-item elementor-gallery-item twbb-flex-end-item elementor-animated-content\" href=\"https:\/\/dumont.ee\/wp-content\/uploads\/2025\/03\/Smart-Security-Mobile-App.jpg\" data-elementor-open-lightbox=\"yes\" data-elementor-lightbox-slideshow=\"all-148c0c2\" data-e-action-hash=\"#elementor-action%3Aaction%3Dlightbox%26settings%3DeyJpZCI6MzgwMCwidXJsIjoiaHR0cHM6XC9cL2R1bW9udC5lZVwvd3AtY29udGVudFwvdXBsb2Fkc1wvMjAyNVwvMDNcL1NtYXJ0LVNlY3VyaXR5LU1vYmlsZS1BcHAuanBnIiwic2xpZGVzaG93IjoiYWxsLTE0OGMwYzIifQ%3D%3D\">\n        \n        <div class=\"twbb_item_image_section\">\n          <div class=\"e-gallery-image elementor-gallery-item__image\" data-thumbnail=\"https:\/\/dumont.ee\/wp-content\/uploads\/2025\/03\/Smart-Security-Mobile-App.jpg\" data-width=\"640\" data-height=\"480\" alt=\"\" ><\/div>\n                      <div class=\"elementor-gallery-item__overlay\"><\/div>\n                  <\/div>\n               <\/a>\n      \t\t\t\t<a\n                class=\"e-gallery-item elementor-gallery-item twbb-flex-end-item elementor-animated-content\" href=\"https:\/\/dumont.ee\/wp-content\/uploads\/2025\/03\/Interior-design-@theinteriorsofintsa-\u2022-Instagram-photos-and-videos.jpg\" data-elementor-open-lightbox=\"yes\" data-elementor-lightbox-slideshow=\"all-148c0c2\" data-e-action-hash=\"#elementor-action%3Aaction%3Dlightbox%26settings%3DeyJpZCI6Mzc5OSwidXJsIjoiaHR0cHM6XC9cL2R1bW9udC5lZVwvd3AtY29udGVudFwvdXBsb2Fkc1wvMjAyNVwvMDNcL0ludGVyaW9yLWRlc2lnbi1AdGhlaW50ZXJpb3Jzb2ZpbnRzYS1cdTIwMjItSW5zdGFncmFtLXBob3Rvcy1hbmQtdmlkZW9zLmpwZyIsInNsaWRlc2hvdyI6ImFsbC0xNDhjMGMyIn0%3D\">\n        \n        <div class=\"twbb_item_image_section\">\n          <div class=\"e-gallery-image elementor-gallery-item__image\" data-thumbnail=\"https:\/\/dumont.ee\/wp-content\/uploads\/2025\/03\/Interior-design-@theinteriorsofintsa-\u2022-Instagram-photos-and-videos.jpg\" data-width=\"640\" data-height=\"797\" alt=\"\" ><\/div>\n                      <div class=\"elementor-gallery-item__overlay\"><\/div>\n                  <\/div>\n               <\/a>\n      \t\t\t\t<a\n                class=\"e-gallery-item elementor-gallery-item twbb-flex-end-item elementor-animated-content\" href=\"https:\/\/dumont.ee\/wp-content\/uploads\/2025\/03\/Hikvision-Door-Intercom-Station.jpg\" data-elementor-open-lightbox=\"yes\" data-elementor-lightbox-slideshow=\"all-148c0c2\" data-e-action-hash=\"#elementor-action%3Aaction%3Dlightbox%26settings%3DeyJpZCI6Mzc5OCwidXJsIjoiaHR0cHM6XC9cL2R1bW9udC5lZVwvd3AtY29udGVudFwvdXBsb2Fkc1wvMjAyNVwvMDNcL0hpa3Zpc2lvbi1Eb29yLUludGVyY29tLVN0YXRpb24uanBnIiwic2xpZGVzaG93IjoiYWxsLTE0OGMwYzIifQ%3D%3D\">\n        \n        <div class=\"twbb_item_image_section\">\n          <div class=\"e-gallery-image elementor-gallery-item__image\" data-thumbnail=\"https:\/\/dumont.ee\/wp-content\/uploads\/2025\/03\/Hikvision-Door-Intercom-Station.jpg\" data-width=\"640\" data-height=\"640\" alt=\"\" ><\/div>\n                      <div class=\"elementor-gallery-item__overlay\"><\/div>\n                  <\/div>\n               <\/a>\n      \t\t\t\t<a\n                class=\"e-gallery-item elementor-gallery-item twbb-flex-end-item elementor-animated-content\" href=\"https:\/\/dumont.ee\/wp-content\/uploads\/2025\/03\/F74AE23E-853D-40D7-8DC3-6627B2D7B548_1_105_c.jpeg\" data-elementor-open-lightbox=\"yes\" data-elementor-lightbox-slideshow=\"all-148c0c2\" data-e-action-hash=\"#elementor-action%3Aaction%3Dlightbox%26settings%3DeyJpZCI6Mzc5NywidXJsIjoiaHR0cHM6XC9cL2R1bW9udC5lZVwvd3AtY29udGVudFwvdXBsb2Fkc1wvMjAyNVwvMDNcL0Y3NEFFMjNFLTg1M0QtNDBENy04REMzLTY2MjdCMkQ3QjU0OF8xXzEwNV9jLmpwZWciLCJzbGlkZXNob3ciOiJhbGwtMTQ4YzBjMiJ9\">\n        \n        <div class=\"twbb_item_image_section\">\n          <div class=\"e-gallery-image elementor-gallery-item__image\" data-thumbnail=\"https:\/\/dumont.ee\/wp-content\/uploads\/2025\/03\/F74AE23E-853D-40D7-8DC3-6627B2D7B548_1_105_c-768x355.jpeg\" data-width=\"640\" data-height=\"296\" alt=\"\" ><\/div>\n                      <div class=\"elementor-gallery-item__overlay\"><\/div>\n                  <\/div>\n               <\/a>\n      \t\t\t\t<a\n                class=\"e-gallery-item elementor-gallery-item twbb-flex-end-item elementor-animated-content\" href=\"https:\/\/dumont.ee\/wp-content\/uploads\/2025\/03\/CCTV-Kits_-CCTV-Systems-Security-Cameras-from-Hikvision-Hilook-VALE-Ajax-Alarms.jpg\" data-elementor-open-lightbox=\"yes\" data-elementor-lightbox-slideshow=\"all-148c0c2\" data-e-action-hash=\"#elementor-action%3Aaction%3Dlightbox%26settings%3DeyJpZCI6Mzc5NiwidXJsIjoiaHR0cHM6XC9cL2R1bW9udC5lZVwvd3AtY29udGVudFwvdXBsb2Fkc1wvMjAyNVwvMDNcL0NDVFYtS2l0c18tQ0NUVi1TeXN0ZW1zLVNlY3VyaXR5LUNhbWVyYXMtZnJvbS1IaWt2aXNpb24tSGlsb29rLVZBTEUtQWpheC1BbGFybXMuanBnIiwic2xpZGVzaG93IjoiYWxsLTE0OGMwYzIifQ%3D%3D\">\n        \n        <div class=\"twbb_item_image_section\">\n          <div class=\"e-gallery-image elementor-gallery-item__image\" data-thumbnail=\"https:\/\/dumont.ee\/wp-content\/uploads\/2025\/03\/CCTV-Kits_-CCTV-Systems-Security-Cameras-from-Hikvision-Hilook-VALE-Ajax-Alarms.jpg\" data-width=\"640\" data-height=\"360\" alt=\"\" ><\/div>\n                      <div class=\"elementor-gallery-item__overlay\"><\/div>\n                  <\/div>\n               <\/a>\n      \t\t\t\t<a\n                class=\"e-gallery-item elementor-gallery-item twbb-flex-end-item elementor-animated-content\" href=\"https:\/\/dumont.ee\/wp-content\/uploads\/2025\/03\/Ajax-Systems-\u0432\u0438\u043f\u0443\u0441\u0442\u0438\u043b\u0430-\u043d\u043e\u0432\u0456-\u0434\u0440\u043e\u0442\u043e\u0432\u0456-\u043e\u0445\u043e\u0440\u043e\u043d\u043d\u0456-IP-\u043a\u0430\u043c\u0435\u0440\u0438.jpg\" data-elementor-open-lightbox=\"yes\" data-elementor-lightbox-slideshow=\"all-148c0c2\" data-e-action-hash=\"#elementor-action%3Aaction%3Dlightbox%26settings%3DeyJpZCI6Mzc5NSwidXJsIjoiaHR0cHM6XC9cL2R1bW9udC5lZVwvd3AtY29udGVudFwvdXBsb2Fkc1wvMjAyNVwvMDNcL0FqYXgtU3lzdGVtcy1cdTA0MzJcdTA0MzhcdTA0M2ZcdTA0NDNcdTA0NDFcdTA0NDJcdTA0MzhcdTA0M2JcdTA0MzAtXHUwNDNkXHUwNDNlXHUwNDMyXHUwNDU2LVx1MDQzNFx1MDQ0MFx1MDQzZVx1MDQ0Mlx1MDQzZVx1MDQzMlx1MDQ1Ni1cdTA0M2VcdTA0NDVcdTA0M2VcdTA0NDBcdTA0M2VcdTA0M2RcdTA0M2RcdTA0NTYtSVAtXHUwNDNhXHUwNDMwXHUwNDNjXHUwNDM1XHUwNDQwXHUwNDM4LmpwZyIsInNsaWRlc2hvdyI6ImFsbC0xNDhjMGMyIn0%3D\">\n        \n        <div class=\"twbb_item_image_section\">\n          <div class=\"e-gallery-image elementor-gallery-item__image\" data-thumbnail=\"https:\/\/dumont.ee\/wp-content\/uploads\/2025\/03\/Ajax-Systems-\u0432\u0438\u043f\u0443\u0441\u0442\u0438\u043b\u0430-\u043d\u043e\u0432\u0456-\u0434\u0440\u043e\u0442\u043e\u0432\u0456-\u043e\u0445\u043e\u0440\u043e\u043d\u043d\u0456-IP-\u043a\u0430\u043c\u0435\u0440\u0438.jpg\" data-width=\"640\" data-height=\"360\" alt=\"\" ><\/div>\n                      <div class=\"elementor-gallery-item__overlay\"><\/div>\n                  <\/div>\n               <\/a>\n      \t\t\t\t<a\n                class=\"e-gallery-item elementor-gallery-item twbb-flex-end-item elementor-animated-content\" href=\"https:\/\/dumont.ee\/wp-content\/uploads\/2025\/03\/Ajax-Security-\u2014-Alarms-Smart-Systems-Official-website.jpg\" data-elementor-open-lightbox=\"yes\" data-elementor-lightbox-slideshow=\"all-148c0c2\" data-e-action-hash=\"#elementor-action%3Aaction%3Dlightbox%26settings%3DeyJpZCI6Mzc5NCwidXJsIjoiaHR0cHM6XC9cL2R1bW9udC5lZVwvd3AtY29udGVudFwvdXBsb2Fkc1wvMjAyNVwvMDNcL0FqYXgtU2VjdXJpdHktXHUyMDE0LUFsYXJtcy1TbWFydC1TeXN0ZW1zLU9mZmljaWFsLXdlYnNpdGUuanBnIiwic2xpZGVzaG93IjoiYWxsLTE0OGMwYzIifQ%3D%3D\">\n        \n        <div class=\"twbb_item_image_section\">\n          <div class=\"e-gallery-image elementor-gallery-item__image\" data-thumbnail=\"https:\/\/dumont.ee\/wp-content\/uploads\/2025\/03\/Ajax-Security-\u2014-Alarms-Smart-Systems-Official-website.jpg\" data-width=\"640\" data-height=\"1091\" alt=\"\" ><\/div>\n                      <div class=\"elementor-gallery-item__overlay\"><\/div>\n                  <\/div>\n               <\/a>\n      \t\t\t\t<a\n                class=\"e-gallery-item elementor-gallery-item twbb-flex-end-item elementor-animated-content\" href=\"https:\/\/dumont.ee\/wp-content\/uploads\/2025\/03\/AB805929-C36A-47EE-A689-833B660F7857_1_105_c.jpeg\" data-elementor-open-lightbox=\"yes\" data-elementor-lightbox-slideshow=\"all-148c0c2\" data-e-action-hash=\"#elementor-action%3Aaction%3Dlightbox%26settings%3DeyJpZCI6Mzc5MywidXJsIjoiaHR0cHM6XC9cL2R1bW9udC5lZVwvd3AtY29udGVudFwvdXBsb2Fkc1wvMjAyNVwvMDNcL0FCODA1OTI5LUMzNkEtNDdFRS1BNjg5LTgzM0I2NjBGNzg1N18xXzEwNV9jLmpwZWciLCJzbGlkZXNob3ciOiJhbGwtMTQ4YzBjMiJ9\">\n        \n        <div class=\"twbb_item_image_section\">\n          <div class=\"e-gallery-image elementor-gallery-item__image\" data-thumbnail=\"https:\/\/dumont.ee\/wp-content\/uploads\/2025\/03\/AB805929-C36A-47EE-A689-833B660F7857_1_105_c.jpeg\" data-width=\"640\" data-height=\"853\" alt=\"\" ><\/div>\n                      <div class=\"elementor-gallery-item__overlay\"><\/div>\n                  <\/div>\n               <\/a>\n      \t\t\t\t<a\n                class=\"e-gallery-item elementor-gallery-item twbb-flex-end-item elementor-animated-content\" href=\"https:\/\/dumont.ee\/wp-content\/uploads\/2025\/03\/2024-09-04_11-49_Kosemetsa-12-Tallinn-scaled.jpg\" data-elementor-open-lightbox=\"yes\" data-elementor-lightbox-slideshow=\"all-148c0c2\" data-e-action-hash=\"#elementor-action%3Aaction%3Dlightbox%26settings%3DeyJpZCI6Mzc5MiwidXJsIjoiaHR0cHM6XC9cL2R1bW9udC5lZVwvd3AtY29udGVudFwvdXBsb2Fkc1wvMjAyNVwvMDNcLzIwMjQtMDktMDRfMTEtNDlfS29zZW1ldHNhLTEyLVRhbGxpbm4tc2NhbGVkLmpwZyIsInNsaWRlc2hvdyI6ImFsbC0xNDhjMGMyIn0%3D\">\n        \n        <div class=\"twbb_item_image_section\">\n          <div class=\"e-gallery-image elementor-gallery-item__image\" data-thumbnail=\"https:\/\/dumont.ee\/wp-content\/uploads\/2025\/03\/2024-09-04_11-49_Kosemetsa-12-Tallinn-768x1024.jpg\" data-width=\"640\" data-height=\"853\" alt=\"\" ><\/div>\n                      <div class=\"elementor-gallery-item__overlay\"><\/div>\n                  <\/div>\n               <\/a>\n      \t\t\t\t<a\n                class=\"e-gallery-item elementor-gallery-item twbb-flex-end-item elementor-animated-content\" href=\"https:\/\/dumont.ee\/wp-content\/uploads\/2025\/03\/2021-10-\u0422\u0430\u0440\u0433\u0435\u0442-\u2014-\u042f\u043d\u0434\u0435\u043a\u0441_\u0414\u0438\u0441\u043a.jpg\" data-elementor-open-lightbox=\"yes\" data-elementor-lightbox-slideshow=\"all-148c0c2\" data-e-action-hash=\"#elementor-action%3Aaction%3Dlightbox%26settings%3DeyJpZCI6Mzc5MSwidXJsIjoiaHR0cHM6XC9cL2R1bW9udC5lZVwvd3AtY29udGVudFwvdXBsb2Fkc1wvMjAyNVwvMDNcLzIwMjEtMTAtXHUwNDIyXHUwNDMwXHUwNDQwXHUwNDMzXHUwNDM1XHUwNDQyLVx1MjAxNC1cdTA0MmZcdTA0M2RcdTA0MzRcdTA0MzVcdTA0M2FcdTA0NDFfXHUwNDE0XHUwNDM4XHUwNDQxXHUwNDNhLmpwZyIsInNsaWRlc2hvdyI6ImFsbC0xNDhjMGMyIn0%3D\">\n        \n        <div class=\"twbb_item_image_section\">\n          <div class=\"e-gallery-image elementor-gallery-item__image\" data-thumbnail=\"https:\/\/dumont.ee\/wp-content\/uploads\/2025\/03\/2021-10-\u0422\u0430\u0440\u0433\u0435\u0442-\u2014-\u042f\u043d\u0434\u0435\u043a\u0441_\u0414\u0438\u0441\u043a.jpg\" data-width=\"640\" data-height=\"640\" alt=\"\" ><\/div>\n                      <div class=\"elementor-gallery-item__overlay\"><\/div>\n                  <\/div>\n               <\/a>\n      \t\t\t\t<a\n                class=\"e-gallery-item elementor-gallery-item twbb-flex-end-item elementor-animated-content\" href=\"https:\/\/dumont.ee\/wp-content\/uploads\/2025\/03\/8-2.jpg\" data-elementor-open-lightbox=\"yes\" data-elementor-lightbox-slideshow=\"all-148c0c2\" data-e-action-hash=\"#elementor-action%3Aaction%3Dlightbox%26settings%3DeyJpZCI6Mzc5MCwidXJsIjoiaHR0cHM6XC9cL2R1bW9udC5lZVwvd3AtY29udGVudFwvdXBsb2Fkc1wvMjAyNVwvMDNcLzgtMi5qcGciLCJzbGlkZXNob3ciOiJhbGwtMTQ4YzBjMiJ9\">\n        \n        <div class=\"twbb_item_image_section\">\n          <div class=\"e-gallery-image elementor-gallery-item__image\" data-thumbnail=\"https:\/\/dumont.ee\/wp-content\/uploads\/2025\/03\/8-2.jpg\" data-width=\"477\" data-height=\"753\" alt=\"\" ><\/div>\n                      <div class=\"elementor-gallery-item__overlay\"><\/div>\n                  <\/div>\n               <\/a>\n      \t\t\t\t<a\n                class=\"e-gallery-item elementor-gallery-item twbb-flex-end-item elementor-animated-content\" href=\"https:\/\/dumont.ee\/wp-content\/uploads\/2025\/03\/7.jpg\" data-elementor-open-lightbox=\"yes\" data-elementor-lightbox-slideshow=\"all-148c0c2\" data-e-action-hash=\"#elementor-action%3Aaction%3Dlightbox%26settings%3DeyJpZCI6Mzc4OSwidXJsIjoiaHR0cHM6XC9cL2R1bW9udC5lZVwvd3AtY29udGVudFwvdXBsb2Fkc1wvMjAyNVwvMDNcLzcuanBnIiwic2xpZGVzaG93IjoiYWxsLTE0OGMwYzIifQ%3D%3D\">\n        \n        <div class=\"twbb_item_image_section\">\n          <div class=\"e-gallery-image elementor-gallery-item__image\" data-thumbnail=\"https:\/\/dumont.ee\/wp-content\/uploads\/2025\/03\/7.jpg\" data-width=\"640\" data-height=\"853\" alt=\"\" ><\/div>\n                      <div class=\"elementor-gallery-item__overlay\"><\/div>\n                  <\/div>\n               <\/a>\n      \t\t\t\t<a\n                class=\"e-gallery-item elementor-gallery-item twbb-flex-end-item elementor-animated-content\" href=\"https:\/\/dumont.ee\/wp-content\/uploads\/2025\/02\/Pylon-Several-Cctv-Cameras-Living-Future-Stock-Illustration-1338733832-Shutterstock.jpg\" data-elementor-open-lightbox=\"yes\" data-elementor-lightbox-slideshow=\"all-148c0c2\" data-e-action-hash=\"#elementor-action%3Aaction%3Dlightbox%26settings%3DeyJpZCI6MzA4OSwidXJsIjoiaHR0cHM6XC9cL2R1bW9udC5lZVwvd3AtY29udGVudFwvdXBsb2Fkc1wvMjAyNVwvMDJcL1B5bG9uLVNldmVyYWwtQ2N0di1DYW1lcmFzLUxpdmluZy1GdXR1cmUtU3RvY2stSWxsdXN0cmF0aW9uLTEzMzg3MzM4MzItU2h1dHRlcnN0b2NrLmpwZyIsInNsaWRlc2hvdyI6ImFsbC0xNDhjMGMyIn0%3D\">\n        \n        <div class=\"twbb_item_image_section\">\n          <div class=\"e-gallery-image elementor-gallery-item__image\" data-thumbnail=\"https:\/\/dumont.ee\/wp-content\/uploads\/2025\/02\/Pylon-Several-Cctv-Cameras-Living-Future-Stock-Illustration-1338733832-Shutterstock.jpg\" data-width=\"564\" data-height=\"846\" alt=\"\" ><\/div>\n                      <div class=\"elementor-gallery-item__overlay\"><\/div>\n                  <\/div>\n               <\/a>\n      \t\t\t\t<a\n                class=\"e-gallery-item elementor-gallery-item twbb-flex-end-item elementor-animated-content\" href=\"https:\/\/dumont.ee\/wp-content\/uploads\/2025\/02\/Unknown-2.jpg\" data-elementor-open-lightbox=\"yes\" data-elementor-lightbox-slideshow=\"all-148c0c2\" data-e-action-hash=\"#elementor-action%3Aaction%3Dlightbox%26settings%3DeyJpZCI6MzA5MCwidXJsIjoiaHR0cHM6XC9cL2R1bW9udC5lZVwvd3AtY29udGVudFwvdXBsb2Fkc1wvMjAyNVwvMDJcL1Vua25vd24tMi5qcGciLCJzbGlkZXNob3ciOiJhbGwtMTQ4YzBjMiJ9\">\n        \n        <div class=\"twbb_item_image_section\">\n          <div class=\"e-gallery-image elementor-gallery-item__image\" data-thumbnail=\"https:\/\/dumont.ee\/wp-content\/uploads\/2025\/02\/Unknown-2.jpg\" data-width=\"640\" data-height=\"853\" alt=\"\" ><\/div>\n                      <div class=\"elementor-gallery-item__overlay\"><\/div>\n                  <\/div>\n               <\/a>\n      \t\t\t\t<a\n                class=\"e-gallery-item elementor-gallery-item twbb-flex-end-item elementor-animated-content\" href=\"https:\/\/dumont.ee\/wp-content\/uploads\/2025\/02\/360-surveillance.jpg\" data-elementor-open-lightbox=\"yes\" data-elementor-lightbox-slideshow=\"all-148c0c2\" data-e-action-hash=\"#elementor-action%3Aaction%3Dlightbox%26settings%3DeyJpZCI6MzA4NywidXJsIjoiaHR0cHM6XC9cL2R1bW9udC5lZVwvd3AtY29udGVudFwvdXBsb2Fkc1wvMjAyNVwvMDJcLzM2MC1zdXJ2ZWlsbGFuY2UuanBnIiwic2xpZGVzaG93IjoiYWxsLTE0OGMwYzIifQ%3D%3D\">\n        \n        <div class=\"twbb_item_image_section\">\n          <div class=\"e-gallery-image elementor-gallery-item__image\" data-thumbnail=\"https:\/\/dumont.ee\/wp-content\/uploads\/2025\/02\/360-surveillance.jpg\" data-width=\"632\" data-height=\"632\" alt=\"\" ><\/div>\n                      <div class=\"elementor-gallery-item__overlay\"><\/div>\n                  <\/div>\n               <\/a>\n      \t\t\t\t<a\n                class=\"e-gallery-item elementor-gallery-item twbb-flex-end-item elementor-animated-content\" href=\"https:\/\/dumont.ee\/wp-content\/uploads\/2023\/07\/IMG_0511.jpeg\" data-elementor-open-lightbox=\"yes\" data-elementor-lightbox-slideshow=\"all-148c0c2\" data-e-action-hash=\"#elementor-action%3Aaction%3Dlightbox%26settings%3DeyJpZCI6MjUzNSwidXJsIjoiaHR0cHM6XC9cL2R1bW9udC5lZVwvd3AtY29udGVudFwvdXBsb2Fkc1wvMjAyM1wvMDdcL0lNR18wNTExLmpwZWciLCJzbGlkZXNob3ciOiJhbGwtMTQ4YzBjMiJ9\">\n        \n        <div class=\"twbb_item_image_section\">\n          <div class=\"e-gallery-image elementor-gallery-item__image\" data-thumbnail=\"https:\/\/dumont.ee\/wp-content\/uploads\/2023\/07\/IMG_0511.jpeg\" data-width=\"640\" data-height=\"336\" alt=\"\" ><\/div>\n                      <div class=\"elementor-gallery-item__overlay\"><\/div>\n                  <\/div>\n               <\/a>\n            <\/div>\n\n      \t\t\t\t<\/div>\n\t\t\t\t<\/div>\n\t\t\t\t\t<\/div>\n\t\t\t\t<\/div>\n\t\t\t\t<\/div>","protected":false},"excerpt":{"rendered":"<p>Videovalve, valves\u00fcsteemid ja l\u00e4bip\u00e4\u00e4sukontroll Turvalahendused, mis t\u00f6\u00f6tavad kindlalt ja m\u00e4rkamatult taustal Turvaline kodu v\u00f5i \u00e4ripind algab h\u00e4sti l\u00e4bim\u00f5eldud s\u00fcsteemist. Videovalve, valves\u00fcsteemid ja l\u00e4bip\u00e4\u00e4sukontroll aitavad hoida objektil silma peal, piirata ligip\u00e4\u00e4su ning reageerida kiiresti siis, kui olukord seda vajab. Siit lehelt leiad n\u00e4iteid Dumont O\u00dc paigaldatud turvalahendustest, kus oleme \u00fchendanud videovalve, l\u00e4bip\u00e4\u00e4sukontrolli, valves\u00fcsteemid ja erinevad ohutusandurid [&hellip;]<\/p>\n","protected":false},"author":3,"featured_media":0,"parent":0,"menu_order":0,"comment_status":"closed","ping_status":"closed","template":"","meta":{"two_page_speed":[],"footnotes":""},"class_list":["post-3783","page","type-page","status-publish","hentry"],"_links":{"self":[{"href":"https:\/\/dumont.ee\/fr\/wp-json\/wp\/v2\/pages\/3783","targetHints":{"allow":["GET"]}}],"collection":[{"href":"https:\/\/dumont.ee\/fr\/wp-json\/wp\/v2\/pages"}],"about":[{"href":"https:\/\/dumont.ee\/fr\/wp-json\/wp\/v2\/types\/page"}],"author":[{"embeddable":true,"href":"https:\/\/dumont.ee\/fr\/wp-json\/wp\/v2\/users\/3"}],"replies":[{"embeddable":true,"href":"https:\/\/dumont.ee\/fr\/wp-json\/wp\/v2\/comments?post=3783"}],"version-history":[{"count":10,"href":"https:\/\/dumont.ee\/fr\/wp-json\/wp\/v2\/pages\/3783\/revisions"}],"predecessor-version":[{"id":4459,"href":"https:\/\/dumont.ee\/fr\/wp-json\/wp\/v2\/pages\/3783\/revisions\/4459"}],"wp:attachment":[{"href":"https:\/\/dumont.ee\/fr\/wp-json\/wp\/v2\/media?parent=3783"}],"curies":[{"name":"wp","href":"https:\/\/api.w.org\/{rel}","templated":true}]}}