{"id":3755,"date":"2025-03-23T15:54:11","date_gmt":"2025-03-23T13:54:11","guid":{"rendered":"https:\/\/dumont.ee\/?page_id=3755\/"},"modified":"2026-04-10T11:07:14","modified_gmt":"2026-04-10T09:07:14","slug":"pistikupesad-lulitid","status":"publish","type":"page","link":"https:\/\/dumont.ee\/fr\/pistikupesad-lulitid\/","title":{"rendered":"Pistikupesad &#038; l\u00fclitid t\u00f6\u00f6d"},"content":{"rendered":"<div data-elementor-type=\"wp-page\" data-elementor-id=\"3755\" class=\"elementor elementor-3755\">\n\t\t\t\t<div class=\"elementor-element elementor-element-56f1256d e-flex e-con-boxed e-con e-parent\" data-id=\"56f1256d\" data-element_type=\"container\" data-e-type=\"container\" data-settings=\"{&quot;background_background&quot;:&quot;classic&quot;}\">\n\t\t\t\t\t<div class=\"e-con-inner\">\n\t\t\t\t<div class=\"elementor-element elementor-element-3604764 elementor-widget elementor-widget-heading\" data-id=\"3604764\" data-element_type=\"widget\" data-e-type=\"widget\" data-widget_type=\"heading.default\">\n\t\t\t\t\t<h1 class=\"elementor-heading-title elementor-size-default\">Prises et interrupteurs<\/h1>\t\t\t\t<\/div>\n\t\t\t\t\t<\/div>\n\t\t\t\t<\/div>\n\t\t<div class=\"elementor-element elementor-element-62832adc e-flex e-con-boxed e-con e-parent\" data-id=\"62832adc\" data-element_type=\"container\" data-e-type=\"container\" data-settings=\"{&quot;background_background&quot;:&quot;classic&quot;}\">\n\t\t\t\t\t<div class=\"e-con-inner\">\n\t\t\t\t<div class=\"elementor-element elementor-element-16d12d15 elementor-widget elementor-widget-heading\" data-id=\"16d12d15\" data-element_type=\"widget\" data-e-type=\"widget\" data-widget_type=\"heading.default\">\n\t\t\t\t\t<h2 class=\"elementor-heading-title elementor-size-default\">Des d\u00e9tails qui cr\u00e9ent une vie quotidienne s\u00fbre et confortable<\/h2>\t\t\t\t<\/div>\n\t\t\t\t<div class=\"elementor-element elementor-element-6e560dd8 elementor-widget elementor-widget-text-editor\" data-id=\"6e560dd8\" data-element_type=\"widget\" data-e-type=\"widget\" data-widget_type=\"text-editor.default\">\n\t\t\t\t\t\t\t\t\t<p data-start=\"105\" data-end=\"385\">Les prises et les interrupteurs sont de petits \u00e9l\u00e9ments d'usage quotidien, mais leur qualit\u00e9 a un impact important sur la s\u00e9curit\u00e9, la fiabilit\u00e9 et la facilit\u00e9 d'utilisation. Une solution bien choisie et correctement install\u00e9e durera, s'int\u00e9grera \u00e0 la pi\u00e8ce et contribuera au fonctionnement g\u00e9n\u00e9ral du syst\u00e8me \u00e9lectrique.<\/p><p data-start=\"387\" data-end=\"632\" data-is-last-node=\"\" data-is-only-node=\"\">Vous trouverez sur cette page des exemples de prises de courant et d'interrupteurs install\u00e9s par Dumont O\u00dc. Chaque s\u00e9lection est bas\u00e9e sur les besoins de l'objet, la nature de l'espace et la facilit\u00e9 d'utilisation souhait\u00e9e, afin que le r\u00e9sultat soit s\u00fbr, esth\u00e9tique et fiable \u00e0 long terme.<\/p>\t\t\t\t\t\t\t\t<\/div>\n\t\t\t\t\t<\/div>\n\t\t\t\t<\/div>\n\t\t<div class=\"elementor-element elementor-element-6e54fdb e-flex e-con-boxed e-con e-parent\" data-id=\"6e54fdb\" data-element_type=\"container\" data-e-type=\"container\" data-settings=\"{&quot;background_background&quot;:&quot;classic&quot;}\">\n\t\t\t\t\t<div class=\"e-con-inner\">\n\t\t\t\t<div class=\"elementor-element elementor-element-c7e91bb elementor-widget elementor-widget-twbb_gallery\" data-id=\"c7e91bb\" data-element_type=\"widget\" data-e-type=\"widget\" data-settings=\"{&quot;gallery_layout&quot;:&quot;masonry&quot;,&quot;lazyload&quot;:&quot;yes&quot;,&quot;columns&quot;:4,&quot;columns_tablet&quot;:2,&quot;columns_mobile&quot;:1,&quot;gap&quot;:{&quot;unit&quot;:&quot;px&quot;,&quot;size&quot;:10,&quot;sizes&quot;:[]},&quot;gap_tablet&quot;:{&quot;unit&quot;:&quot;px&quot;,&quot;size&quot;:10,&quot;sizes&quot;:[]},&quot;gap_mobile&quot;:{&quot;unit&quot;:&quot;px&quot;,&quot;size&quot;:10,&quot;sizes&quot;:[]},&quot;hgap&quot;:{&quot;unit&quot;:&quot;px&quot;,&quot;size&quot;:10,&quot;sizes&quot;:[]},&quot;hgap_tablet&quot;:{&quot;unit&quot;:&quot;px&quot;,&quot;size&quot;:10,&quot;sizes&quot;:[]},&quot;hgap_mobile&quot;:{&quot;unit&quot;:&quot;px&quot;,&quot;size&quot;:10,&quot;sizes&quot;:[]},&quot;link_to&quot;:&quot;file&quot;,&quot;overlay_background&quot;:&quot;yes&quot;,&quot;content_hover_animation&quot;:&quot;fade-in&quot;}\" data-widget_type=\"twbb_gallery.default\">\n\t\t\t\t<div class=\"elementor-widget-container\">\n\t\t\t\t\t        <div class=\"elementor-single-gallery-title-description-wrapper elementor-field-group elementor-column elementor-col-100 elementor-widget-wrap elementor-widget-heading\">\n          <div class=\"elementor-single-gallery-title elementor-element elementor-heading-title\"><\/div>        <\/div>\n        \t\t<div class=\"elementor-gallery__container\">\n\t\t\t\t\t\t\t<a\n                class=\"e-gallery-item elementor-gallery-item twbb-flex-end-item elementor-animated-content\" href=\"https:\/\/dumont.ee\/wp-content\/uploads\/2025\/03\/\u0420\u043e\u0437\u0435\u0442\u043a\u0438.jpg\" data-elementor-open-lightbox=\"yes\" data-elementor-lightbox-slideshow=\"all-c7e91bb\" data-e-action-hash=\"#elementor-action%3Aaction%3Dlightbox%26settings%3DeyJpZCI6Mzc3MywidXJsIjoiaHR0cHM6XC9cL2R1bW9udC5lZVwvd3AtY29udGVudFwvdXBsb2Fkc1wvMjAyNVwvMDNcL1x1MDQyMFx1MDQzZVx1MDQzN1x1MDQzNVx1MDQ0Mlx1MDQzYVx1MDQzOC5qcGciLCJzbGlkZXNob3ciOiJhbGwtYzdlOTFiYiJ9\">\n        \n        <div class=\"twbb_item_image_section\">\n          <div class=\"e-gallery-image elementor-gallery-item__image\" data-thumbnail=\"https:\/\/dumont.ee\/wp-content\/uploads\/2025\/03\/\u0420\u043e\u0437\u0435\u0442\u043a\u0438.jpg\" data-width=\"640\" data-height=\"373\" alt=\"\" ><\/div>\n                      <div class=\"elementor-gallery-item__overlay\"><\/div>\n                  <\/div>\n               <\/a>\n      \t\t\t\t<a\n                class=\"e-gallery-item elementor-gallery-item twbb-flex-end-item elementor-animated-content\" href=\"https:\/\/dumont.ee\/wp-content\/uploads\/2025\/03\/Soft-Touch-lichtschakelaars-en-wandcontactdozen-in-natuurlijk-design.jpg\" data-elementor-open-lightbox=\"yes\" data-elementor-lightbox-slideshow=\"all-c7e91bb\" data-e-action-hash=\"#elementor-action%3Aaction%3Dlightbox%26settings%3DeyJpZCI6Mzc3MiwidXJsIjoiaHR0cHM6XC9cL2R1bW9udC5lZVwvd3AtY29udGVudFwvdXBsb2Fkc1wvMjAyNVwvMDNcL1NvZnQtVG91Y2gtbGljaHRzY2hha2VsYWFycy1lbi13YW5kY29udGFjdGRvemVuLWluLW5hdHV1cmxpamstZGVzaWduLmpwZyIsInNsaWRlc2hvdyI6ImFsbC1jN2U5MWJiIn0%3D\">\n        \n        <div class=\"twbb_item_image_section\">\n          <div class=\"e-gallery-image elementor-gallery-item__image\" data-thumbnail=\"https:\/\/dumont.ee\/wp-content\/uploads\/2025\/03\/Soft-Touch-lichtschakelaars-en-wandcontactdozen-in-natuurlijk-design.jpg\" data-width=\"444\" data-height=\"453\" alt=\"\" ><\/div>\n                      <div class=\"elementor-gallery-item__overlay\"><\/div>\n                  <\/div>\n               <\/a>\n      \t\t\t\t<a\n                class=\"e-gallery-item elementor-gallery-item twbb-flex-end-item elementor-animated-content\" href=\"https:\/\/dumont.ee\/wp-content\/uploads\/2025\/03\/Karlik-Electrical-Supplies-and-Accessories.jpg\" data-elementor-open-lightbox=\"yes\" data-elementor-lightbox-slideshow=\"all-c7e91bb\" data-e-action-hash=\"#elementor-action%3Aaction%3Dlightbox%26settings%3DeyJpZCI6Mzc3MSwidXJsIjoiaHR0cHM6XC9cL2R1bW9udC5lZVwvd3AtY29udGVudFwvdXBsb2Fkc1wvMjAyNVwvMDNcL0thcmxpay1FbGVjdHJpY2FsLVN1cHBsaWVzLWFuZC1BY2Nlc3Nvcmllcy5qcGciLCJzbGlkZXNob3ciOiJhbGwtYzdlOTFiYiJ9\">\n        \n        <div class=\"twbb_item_image_section\">\n          <div class=\"e-gallery-image elementor-gallery-item__image\" data-thumbnail=\"https:\/\/dumont.ee\/wp-content\/uploads\/2025\/03\/Karlik-Electrical-Supplies-and-Accessories.jpg\" data-width=\"640\" data-height=\"640\" alt=\"\" ><\/div>\n                      <div class=\"elementor-gallery-item__overlay\"><\/div>\n                  <\/div>\n               <\/a>\n      \t\t\t\t<a\n                class=\"e-gallery-item elementor-gallery-item twbb-flex-end-item elementor-animated-content\" href=\"https:\/\/dumont.ee\/wp-content\/uploads\/2025\/03\/Home-tablet.jpg\" data-elementor-open-lightbox=\"yes\" data-elementor-lightbox-slideshow=\"all-c7e91bb\" data-e-action-hash=\"#elementor-action%3Aaction%3Dlightbox%26settings%3DeyJpZCI6Mzc3MCwidXJsIjoiaHR0cHM6XC9cL2R1bW9udC5lZVwvd3AtY29udGVudFwvdXBsb2Fkc1wvMjAyNVwvMDNcL0hvbWUtdGFibGV0LmpwZyIsInNsaWRlc2hvdyI6ImFsbC1jN2U5MWJiIn0%3D\">\n        \n        <div class=\"twbb_item_image_section\">\n          <div class=\"e-gallery-image elementor-gallery-item__image\" data-thumbnail=\"https:\/\/dumont.ee\/wp-content\/uploads\/2025\/03\/Home-tablet.jpg\" data-width=\"640\" data-height=\"960\" alt=\"\" ><\/div>\n                      <div class=\"elementor-gallery-item__overlay\"><\/div>\n                  <\/div>\n               <\/a>\n      \t\t\t\t<a\n                class=\"e-gallery-item elementor-gallery-item twbb-flex-end-item elementor-animated-content\" href=\"https:\/\/dumont.ee\/wp-content\/uploads\/2025\/03\/Gira-E3.jpg\" data-elementor-open-lightbox=\"yes\" data-elementor-lightbox-slideshow=\"all-c7e91bb\" data-e-action-hash=\"#elementor-action%3Aaction%3Dlightbox%26settings%3DeyJpZCI6Mzc2OSwidXJsIjoiaHR0cHM6XC9cL2R1bW9udC5lZVwvd3AtY29udGVudFwvdXBsb2Fkc1wvMjAyNVwvMDNcL0dpcmEtRTMuanBnIiwic2xpZGVzaG93IjoiYWxsLWM3ZTkxYmIifQ%3D%3D\">\n        \n        <div class=\"twbb_item_image_section\">\n          <div class=\"e-gallery-image elementor-gallery-item__image\" data-thumbnail=\"https:\/\/dumont.ee\/wp-content\/uploads\/2025\/03\/Gira-E3.jpg\" data-width=\"478\" data-height=\"850\" alt=\"\" ><\/div>\n                      <div class=\"elementor-gallery-item__overlay\"><\/div>\n                  <\/div>\n               <\/a>\n      \t\t\t\t<a\n                class=\"e-gallery-item elementor-gallery-item twbb-flex-end-item elementor-animated-content\" href=\"https:\/\/dumont.ee\/wp-content\/uploads\/2025\/03\/Feel-the-difference-of-MATT-\ud83e\udee0-\ud83d\udc49-LS-ZERO-in-matt-graphite-black-\ud83d\udcf8-Ligita-Brege-\ud83c\udfe0-@\u200cbr_ook_interior_architecture-\u200c-lszero-mattgraphiteblack-jungswitches-sockets-allback-interior-blackkitchen-interiordesign.jpg\" data-elementor-open-lightbox=\"yes\" data-elementor-lightbox-slideshow=\"all-c7e91bb\" data-e-action-hash=\"#elementor-action%3Aaction%3Dlightbox%26settings%3DeyJpZCI6Mzc2OCwidXJsIjoiaHR0cHM6XC9cL2R1bW9udC5lZVwvd3AtY29udGVudFwvdXBsb2Fkc1wvMjAyNVwvMDNcL0ZlZWwtdGhlLWRpZmZlcmVuY2Utb2YtTUFUVC1cdWQ4M2VcdWRlZTAtXHVkODNkXHVkYzQ5LUxTLVpFUk8taW4tbWF0dC1ncmFwaGl0ZS1ibGFjay1cdWQ4M2RcdWRjZjgtTGlnaXRhLUJyZWdlLVx1ZDgzY1x1ZGZlMC1AXHUyMDBjYnJfb29rX2ludGVyaW9yX2FyY2hpdGVjdHVyZS1cdTIwMGMtbHN6ZXJvLW1hdHRncmFwaGl0ZWJsYWNrLWp1bmdzd2l0Y2hlcy1zb2NrZXRzLWFsbGJhY2staW50ZXJpb3ItYmxhY2traXRjaGVuLWludGVyaW9yZGVzaWduLmpwZyIsInNsaWRlc2hvdyI6ImFsbC1jN2U5MWJiIn0%3D\">\n        \n        <div class=\"twbb_item_image_section\">\n          <div class=\"e-gallery-image elementor-gallery-item__image\" data-thumbnail=\"https:\/\/dumont.ee\/wp-content\/uploads\/2025\/03\/Feel-the-difference-of-MATT-\ud83e\udee0-\ud83d\udc49-LS-ZERO-in-matt-graphite-black-\ud83d\udcf8-Ligita-Brege-\ud83c\udfe0-@\u200cbr_ook_interior_architecture-\u200c-lszero-mattgraphiteblack-jungswitches-sockets-allback-interior-blackkitchen-interiordesign.jpg\" data-width=\"640\" data-height=\"853\" alt=\"\" ><\/div>\n                      <div class=\"elementor-gallery-item__overlay\"><\/div>\n                  <\/div>\n               <\/a>\n      \t\t\t\t<a\n                class=\"e-gallery-item elementor-gallery-item twbb-flex-end-item elementor-animated-content\" href=\"https:\/\/dumont.ee\/wp-content\/uploads\/2025\/03\/Esprit-switches-and-sockets-by-Gira.jpg\" data-elementor-open-lightbox=\"yes\" data-elementor-lightbox-slideshow=\"all-c7e91bb\" data-e-action-hash=\"#elementor-action%3Aaction%3Dlightbox%26settings%3DeyJpZCI6Mzc2NywidXJsIjoiaHR0cHM6XC9cL2R1bW9udC5lZVwvd3AtY29udGVudFwvdXBsb2Fkc1wvMjAyNVwvMDNcL0VzcHJpdC1zd2l0Y2hlcy1hbmQtc29ja2V0cy1ieS1HaXJhLmpwZyIsInNsaWRlc2hvdyI6ImFsbC1jN2U5MWJiIn0%3D\">\n        \n        <div class=\"twbb_item_image_section\">\n          <div class=\"e-gallery-image elementor-gallery-item__image\" data-thumbnail=\"https:\/\/dumont.ee\/wp-content\/uploads\/2025\/03\/Esprit-switches-and-sockets-by-Gira.jpg\" data-width=\"640\" data-height=\"640\" alt=\"\" ><\/div>\n                      <div class=\"elementor-gallery-item__overlay\"><\/div>\n                  <\/div>\n               <\/a>\n      \t\t\t\t<a\n                class=\"e-gallery-item elementor-gallery-item twbb-flex-end-item elementor-animated-content\" href=\"https:\/\/dumont.ee\/wp-content\/uploads\/2025\/03\/Black-smart-home-elements.jpg\" data-elementor-open-lightbox=\"yes\" data-elementor-lightbox-slideshow=\"all-c7e91bb\" data-e-action-hash=\"#elementor-action%3Aaction%3Dlightbox%26settings%3DeyJpZCI6Mzc2NiwidXJsIjoiaHR0cHM6XC9cL2R1bW9udC5lZVwvd3AtY29udGVudFwvdXBsb2Fkc1wvMjAyNVwvMDNcL0JsYWNrLXNtYXJ0LWhvbWUtZWxlbWVudHMuanBnIiwic2xpZGVzaG93IjoiYWxsLWM3ZTkxYmIifQ%3D%3D\">\n        \n        <div class=\"twbb_item_image_section\">\n          <div class=\"e-gallery-image elementor-gallery-item__image\" data-thumbnail=\"https:\/\/dumont.ee\/wp-content\/uploads\/2025\/03\/Black-smart-home-elements.jpg\" data-width=\"640\" data-height=\"960\" alt=\"\" ><\/div>\n                      <div class=\"elementor-gallery-item__overlay\"><\/div>\n                  <\/div>\n               <\/a>\n      \t\t\t\t<a\n                class=\"e-gallery-item elementor-gallery-item twbb-flex-end-item elementor-animated-content\" href=\"https:\/\/dumont.ee\/wp-content\/uploads\/2025\/03\/Berker-R_8-strombrytare.jpg\" data-elementor-open-lightbox=\"yes\" data-elementor-lightbox-slideshow=\"all-c7e91bb\" data-e-action-hash=\"#elementor-action%3Aaction%3Dlightbox%26settings%3DeyJpZCI6Mzc2NSwidXJsIjoiaHR0cHM6XC9cL2R1bW9udC5lZVwvd3AtY29udGVudFwvdXBsb2Fkc1wvMjAyNVwvMDNcL0Jlcmtlci1SXzgtc3Ryb21icnl0YXJlLmpwZyIsInNsaWRlc2hvdyI6ImFsbC1jN2U5MWJiIn0%3D\">\n        \n        <div class=\"twbb_item_image_section\">\n          <div class=\"e-gallery-image elementor-gallery-item__image\" data-thumbnail=\"https:\/\/dumont.ee\/wp-content\/uploads\/2025\/03\/Berker-R_8-strombrytare.jpg\" data-width=\"640\" data-height=\"908\" alt=\"\" ><\/div>\n                      <div class=\"elementor-gallery-item__overlay\"><\/div>\n                  <\/div>\n               <\/a>\n      \t\t\t\t<a\n                class=\"e-gallery-item elementor-gallery-item twbb-flex-end-item elementor-animated-content\" href=\"https:\/\/dumont.ee\/wp-content\/uploads\/2025\/03\/2024-10-18_10-54_Leerimae-tee-12C_Seadmete-uhendamine-scaled.jpg\" data-elementor-open-lightbox=\"yes\" data-elementor-lightbox-slideshow=\"all-c7e91bb\" data-e-action-hash=\"#elementor-action%3Aaction%3Dlightbox%26settings%3DeyJpZCI6Mzc2NCwidXJsIjoiaHR0cHM6XC9cL2R1bW9udC5lZVwvd3AtY29udGVudFwvdXBsb2Fkc1wvMjAyNVwvMDNcLzIwMjQtMTAtMThfMTAtNTRfTGVlcmltYWUtdGVlLTEyQ19TZWFkbWV0ZS11aGVuZGFtaW5lLXNjYWxlZC5qcGciLCJzbGlkZXNob3ciOiJhbGwtYzdlOTFiYiJ9\">\n        \n        <div class=\"twbb_item_image_section\">\n          <div class=\"e-gallery-image elementor-gallery-item__image\" data-thumbnail=\"https:\/\/dumont.ee\/wp-content\/uploads\/2025\/03\/2024-10-18_10-54_Leerimae-tee-12C_Seadmete-uhendamine-768x1024.jpg\" data-width=\"640\" data-height=\"853\" alt=\"\" ><\/div>\n                      <div class=\"elementor-gallery-item__overlay\"><\/div>\n                  <\/div>\n               <\/a>\n      \t\t\t\t<a\n                class=\"e-gallery-item elementor-gallery-item twbb-flex-end-item elementor-animated-content\" href=\"https:\/\/dumont.ee\/wp-content\/uploads\/2025\/03\/840C7427-5E4B-4F04-A19A-5A125AF26269_1_105_c.jpeg\" data-elementor-open-lightbox=\"yes\" data-elementor-lightbox-slideshow=\"all-c7e91bb\" data-e-action-hash=\"#elementor-action%3Aaction%3Dlightbox%26settings%3DeyJpZCI6Mzc2MywidXJsIjoiaHR0cHM6XC9cL2R1bW9udC5lZVwvd3AtY29udGVudFwvdXBsb2Fkc1wvMjAyNVwvMDNcLzg0MEM3NDI3LTVFNEItNEYwNC1BMTlBLTVBMTI1QUYyNjI2OV8xXzEwNV9jLmpwZWciLCJzbGlkZXNob3ciOiJhbGwtYzdlOTFiYiJ9\">\n        \n        <div class=\"twbb_item_image_section\">\n          <div class=\"e-gallery-image elementor-gallery-item__image\" data-thumbnail=\"https:\/\/dumont.ee\/wp-content\/uploads\/2025\/03\/840C7427-5E4B-4F04-A19A-5A125AF26269_1_105_c-768x576.jpeg\" data-width=\"640\" data-height=\"480\" alt=\"\" ><\/div>\n                      <div class=\"elementor-gallery-item__overlay\"><\/div>\n                  <\/div>\n               <\/a>\n      \t\t\t\t<a\n                class=\"e-gallery-item elementor-gallery-item twbb-flex-end-item elementor-animated-content\" href=\"https:\/\/dumont.ee\/wp-content\/uploads\/2025\/03\/7CA57E98-486B-4C53-A552-0449504C6759_1_105_c.jpeg\" data-elementor-open-lightbox=\"yes\" data-elementor-lightbox-slideshow=\"all-c7e91bb\" data-e-action-hash=\"#elementor-action%3Aaction%3Dlightbox%26settings%3DeyJpZCI6Mzc2MiwidXJsIjoiaHR0cHM6XC9cL2R1bW9udC5lZVwvd3AtY29udGVudFwvdXBsb2Fkc1wvMjAyNVwvMDNcLzdDQTU3RTk4LTQ4NkItNEM1My1BNTUyLTA0NDk1MDRDNjc1OV8xXzEwNV9jLmpwZWciLCJzbGlkZXNob3ciOiJhbGwtYzdlOTFiYiJ9\">\n        \n        <div class=\"twbb_item_image_section\">\n          <div class=\"e-gallery-image elementor-gallery-item__image\" data-thumbnail=\"https:\/\/dumont.ee\/wp-content\/uploads\/2025\/03\/7CA57E98-486B-4C53-A552-0449504C6759_1_105_c.jpeg\" data-width=\"640\" data-height=\"853\" alt=\"\" ><\/div>\n                      <div class=\"elementor-gallery-item__overlay\"><\/div>\n                  <\/div>\n               <\/a>\n      \t\t\t\t<a\n                class=\"e-gallery-item elementor-gallery-item twbb-flex-end-item elementor-animated-content\" href=\"https:\/\/dumont.ee\/wp-content\/uploads\/2025\/03\/1D8208B9-F143-4ECA-9106-788A970E9783_1_105_c.jpeg\" data-elementor-open-lightbox=\"yes\" data-elementor-lightbox-slideshow=\"all-c7e91bb\" data-e-action-hash=\"#elementor-action%3Aaction%3Dlightbox%26settings%3DeyJpZCI6Mzc2MSwidXJsIjoiaHR0cHM6XC9cL2R1bW9udC5lZVwvd3AtY29udGVudFwvdXBsb2Fkc1wvMjAyNVwvMDNcLzFEODIwOEI5LUYxNDMtNEVDQS05MTA2LTc4OEE5NzBFOTc4M18xXzEwNV9jLmpwZWciLCJzbGlkZXNob3ciOiJhbGwtYzdlOTFiYiJ9\">\n        \n        <div class=\"twbb_item_image_section\">\n          <div class=\"e-gallery-image elementor-gallery-item__image\" data-thumbnail=\"https:\/\/dumont.ee\/wp-content\/uploads\/2025\/03\/1D8208B9-F143-4ECA-9106-788A970E9783_1_105_c.jpeg\" data-width=\"640\" data-height=\"853\" alt=\"\" ><\/div>\n                      <div class=\"elementor-gallery-item__overlay\"><\/div>\n                  <\/div>\n               <\/a>\n      \t\t\t\t<a\n                class=\"e-gallery-item elementor-gallery-item twbb-flex-end-item elementor-animated-content\" href=\"https:\/\/dumont.ee\/wp-content\/uploads\/2025\/03\/12-1.jpg\" data-elementor-open-lightbox=\"yes\" data-elementor-lightbox-slideshow=\"all-c7e91bb\" data-e-action-hash=\"#elementor-action%3Aaction%3Dlightbox%26settings%3DeyJpZCI6Mzc2MCwidXJsIjoiaHR0cHM6XC9cL2R1bW9udC5lZVwvd3AtY29udGVudFwvdXBsb2Fkc1wvMjAyNVwvMDNcLzEyLTEuanBnIiwic2xpZGVzaG93IjoiYWxsLWM3ZTkxYmIifQ%3D%3D\">\n        \n        <div class=\"twbb_item_image_section\">\n          <div class=\"e-gallery-image elementor-gallery-item__image\" data-thumbnail=\"https:\/\/dumont.ee\/wp-content\/uploads\/2025\/03\/12-1.jpg\" data-width=\"400\" data-height=\"400\" alt=\"\" ><\/div>\n                      <div class=\"elementor-gallery-item__overlay\"><\/div>\n                  <\/div>\n               <\/a>\n      \t\t\t\t<a\n                class=\"e-gallery-item elementor-gallery-item twbb-flex-end-item elementor-animated-content\" href=\"https:\/\/dumont.ee\/wp-content\/uploads\/2025\/03\/11-1.jpg\" data-elementor-open-lightbox=\"yes\" data-elementor-lightbox-slideshow=\"all-c7e91bb\" data-e-action-hash=\"#elementor-action%3Aaction%3Dlightbox%26settings%3DeyJpZCI6Mzc1OSwidXJsIjoiaHR0cHM6XC9cL2R1bW9udC5lZVwvd3AtY29udGVudFwvdXBsb2Fkc1wvMjAyNVwvMDNcLzExLTEuanBnIiwic2xpZGVzaG93IjoiYWxsLWM3ZTkxYmIifQ%3D%3D\">\n        \n        <div class=\"twbb_item_image_section\">\n          <div class=\"e-gallery-image elementor-gallery-item__image\" data-thumbnail=\"https:\/\/dumont.ee\/wp-content\/uploads\/2025\/03\/11-1.jpg\" data-width=\"563\" data-height=\"752\" alt=\"\" ><\/div>\n                      <div class=\"elementor-gallery-item__overlay\"><\/div>\n                  <\/div>\n               <\/a>\n      \t\t\t\t<a\n                class=\"e-gallery-item elementor-gallery-item twbb-flex-end-item elementor-animated-content\" href=\"https:\/\/dumont.ee\/wp-content\/uploads\/2025\/03\/10-1.jpg\" data-elementor-open-lightbox=\"yes\" data-elementor-lightbox-slideshow=\"all-c7e91bb\" data-e-action-hash=\"#elementor-action%3Aaction%3Dlightbox%26settings%3DeyJpZCI6Mzc1OCwidXJsIjoiaHR0cHM6XC9cL2R1bW9udC5lZVwvd3AtY29udGVudFwvdXBsb2Fkc1wvMjAyNVwvMDNcLzEwLTEuanBnIiwic2xpZGVzaG93IjoiYWxsLWM3ZTkxYmIifQ%3D%3D\">\n        \n        <div class=\"twbb_item_image_section\">\n          <div class=\"e-gallery-image elementor-gallery-item__image\" data-thumbnail=\"https:\/\/dumont.ee\/wp-content\/uploads\/2025\/03\/10-1.jpg\" data-width=\"640\" data-height=\"426\" alt=\"\" ><\/div>\n                      <div class=\"elementor-gallery-item__overlay\"><\/div>\n                  <\/div>\n               <\/a>\n      \t\t\t\t<a\n                class=\"e-gallery-item elementor-gallery-item twbb-flex-end-item elementor-animated-content\" href=\"https:\/\/dumont.ee\/wp-content\/uploads\/2025\/03\/9-1.jpg\" data-elementor-open-lightbox=\"yes\" data-elementor-lightbox-slideshow=\"all-c7e91bb\" data-e-action-hash=\"#elementor-action%3Aaction%3Dlightbox%26settings%3DeyJpZCI6Mzc1NywidXJsIjoiaHR0cHM6XC9cL2R1bW9udC5lZVwvd3AtY29udGVudFwvdXBsb2Fkc1wvMjAyNVwvMDNcLzktMS5qcGciLCJzbGlkZXNob3ciOiJhbGwtYzdlOTFiYiJ9\">\n        \n        <div class=\"twbb_item_image_section\">\n          <div class=\"e-gallery-image elementor-gallery-item__image\" data-thumbnail=\"https:\/\/dumont.ee\/wp-content\/uploads\/2025\/03\/9-1.jpg\" data-width=\"640\" data-height=\"991\" alt=\"\" ><\/div>\n                      <div class=\"elementor-gallery-item__overlay\"><\/div>\n                  <\/div>\n               <\/a>\n      \t\t\t\t<a\n                class=\"e-gallery-item elementor-gallery-item twbb-flex-end-item elementor-animated-content\" href=\"https:\/\/dumont.ee\/wp-content\/uploads\/2025\/03\/8-1.jpg\" data-elementor-open-lightbox=\"yes\" data-elementor-lightbox-slideshow=\"all-c7e91bb\" data-e-action-hash=\"#elementor-action%3Aaction%3Dlightbox%26settings%3DeyJpZCI6Mzc1NiwidXJsIjoiaHR0cHM6XC9cL2R1bW9udC5lZVwvd3AtY29udGVudFwvdXBsb2Fkc1wvMjAyNVwvMDNcLzgtMS5qcGciLCJzbGlkZXNob3ciOiJhbGwtYzdlOTFiYiJ9\">\n        \n        <div class=\"twbb_item_image_section\">\n          <div class=\"e-gallery-image elementor-gallery-item__image\" data-thumbnail=\"https:\/\/dumont.ee\/wp-content\/uploads\/2025\/03\/8-1.jpg\" data-width=\"640\" data-height=\"960\" alt=\"\" ><\/div>\n                      <div class=\"elementor-gallery-item__overlay\"><\/div>\n                  <\/div>\n               <\/a>\n            <\/div>\n\n      \t\t\t\t<\/div>\n\t\t\t\t<\/div>\n\t\t\t\t\t<\/div>\n\t\t\t\t<\/div>\n\t\t\t\t<\/div>","protected":false},"excerpt":{"rendered":"<p>Pistikupesad ja l\u00fclitid Detailid, mis loovad turvalise ja mugava igap\u00e4eva Pistikupesad ja l\u00fclitid on igap\u00e4evases kasutuses v\u00e4ikesed detailid, kuid nende kvaliteedil on suur m\u00f5ju nii ohutusele, t\u00f6\u00f6kindlusele kui ka kasutusmugavusele. H\u00e4sti valitud ja korrektselt paigaldatud lahendus peab vastu, sobitub ruumiga ning toetab kogu elektris\u00fcsteemi toimimist. Siit lehelt leiad n\u00e4iteid Dumont O\u00dc paigaldatud pistikupesade ja l\u00fclitite [&hellip;]<\/p>\n","protected":false},"author":3,"featured_media":0,"parent":0,"menu_order":0,"comment_status":"closed","ping_status":"closed","template":"","meta":{"two_page_speed":[],"footnotes":""},"class_list":["post-3755","page","type-page","status-publish","hentry"],"_links":{"self":[{"href":"https:\/\/dumont.ee\/fr\/wp-json\/wp\/v2\/pages\/3755","targetHints":{"allow":["GET"]}}],"collection":[{"href":"https:\/\/dumont.ee\/fr\/wp-json\/wp\/v2\/pages"}],"about":[{"href":"https:\/\/dumont.ee\/fr\/wp-json\/wp\/v2\/types\/page"}],"author":[{"embeddable":true,"href":"https:\/\/dumont.ee\/fr\/wp-json\/wp\/v2\/users\/3"}],"replies":[{"embeddable":true,"href":"https:\/\/dumont.ee\/fr\/wp-json\/wp\/v2\/comments?post=3755"}],"version-history":[{"count":7,"href":"https:\/\/dumont.ee\/fr\/wp-json\/wp\/v2\/pages\/3755\/revisions"}],"predecessor-version":[{"id":4456,"href":"https:\/\/dumont.ee\/fr\/wp-json\/wp\/v2\/pages\/3755\/revisions\/4456"}],"wp:attachment":[{"href":"https:\/\/dumont.ee\/fr\/wp-json\/wp\/v2\/media?parent=3755"}],"curies":[{"name":"wp","href":"https:\/\/api.w.org\/{rel}","templated":true}]}}