{"id":2871,"date":"2025-02-23T10:53:32","date_gmt":"2025-02-23T07:53:32","guid":{"rendered":"https:\/\/dumont.ee\/contact\/"},"modified":"2026-04-10T10:54:10","modified_gmt":"2026-04-10T08:54:10","slug":"kontakt","status":"publish","type":"page","link":"https:\/\/dumont.ee\/fr\/kontakt\/","title":{"rendered":"Contact"},"content":{"rendered":"\t\t<div data-elementor-type=\"wp-page\" data-elementor-id=\"2871\" class=\"elementor elementor-2871\">\n\t\t\t\t<div class=\"elementor-element elementor-element-6445f29f e-flex e-con-boxed e-con e-parent\" data-id=\"6445f29f\" data-element_type=\"container\" data-e-type=\"container\" data-settings=\"{&quot;background_background&quot;:&quot;classic&quot;}\">\n\t\t\t\t\t<div class=\"e-con-inner\">\n\t\t\t\t<div class=\"elementor-element elementor-element-15e6bcdc elementor-widget elementor-widget-heading\" data-id=\"15e6bcdc\" data-element_type=\"widget\" data-e-type=\"widget\" data-widget_type=\"heading.default\">\n\t\t\t\t\t<h1 class=\"elementor-heading-title elementor-size-default\">V\u00f5ta meiega \u00fchendust<\/h1>\t\t\t\t<\/div>\n\t\t\t\t<div class=\"elementor-element elementor-element-7c5650 elementor-widget elementor-widget-text-editor\" data-id=\"7c5650\" data-element_type=\"widget\" data-e-type=\"widget\" data-widget_type=\"text-editor.default\">\n\t\t\t\t\t\t\t\t\t<p class=\"p1\">Kui vajad usaldusv\u00e4\u00e4rset elektri-, turva-, automaatika- v\u00f5i v\u00f5rgulahendust, kirjuta v\u00f5i helista meile. R\u00e4\u00e4gime sinu vajadused l\u00e4bi ja leiame objektile sobiva lahenduse.<\/p>\t\t\t\t\t\t\t\t<\/div>\n\t\t\t\t\t<\/div>\n\t\t\t\t<\/div>\n\t\t<div class=\"elementor-element elementor-element-s2ulpt8q twbb_section e-flex e-con-boxed e-con e-parent\" data-id=\"s2ulpt8q\" data-element_type=\"container\" data-e-type=\"container\" id=\"contact-dumont-ou\" data-settings=\"{&quot;background_background&quot;:&quot;classic&quot;}\">\n\t\t\t\t\t<div class=\"e-con-inner\">\n\t\t\t\t<div class=\"elementor-element elementor-element-99a434f elementor-widget elementor-widget-heading\" data-id=\"99a434f\" data-element_type=\"widget\" data-e-type=\"widget\" data-widget_type=\"heading.default\">\n\t\t\t\t\t<h2 class=\"elementor-heading-title elementor-size-default\">Oleme valmis aitama<\/h2>\t\t\t\t<\/div>\n\t\t<div class=\"elementor-element elementor-element-av02e6ew e-con-full e-flex e-con e-child\" data-id=\"av02e6ew\" data-element_type=\"container\" data-e-type=\"container\">\n\t\t<div class=\"elementor-element elementor-element-1qf3jvcq e-con-full e-flex e-con e-child\" data-id=\"1qf3jvcq\" data-element_type=\"container\" data-e-type=\"container\">\n\t\t\t\t<div class=\"elementor-element elementor-element-2299df8 elementor-widget__width-initial elementor-widget-mobile__width-inherit elementor-widget-tablet__width-initial elementor-mobile-button-align-stretch elementor-button-align-center elementor-invisible elementor-widget elementor-widget-twbb_form\" data-id=\"2299df8\" data-element_type=\"widget\" data-e-type=\"widget\" data-settings=\"{&quot;_animation&quot;:&quot;fadeInUp&quot;,&quot;step_next_label&quot;:&quot;Next&quot;,&quot;step_previous_label&quot;:&quot;Previous&quot;,&quot;button_width&quot;:&quot;100&quot;,&quot;step_type&quot;:&quot;number_text&quot;,&quot;step_icon_shape&quot;:&quot;circle&quot;}\" data-widget_type=\"twbb_form.default\">\n\t\t\t\t<div class=\"elementor-widget-container\">\n\t\t\t\t\t\t\t<form class=\"elementor-form\" method=\"post\" name=\"Saada oma p\u00e4ring\">\n\t\t\t<input type=\"hidden\" name=\"post_id\" value=\"2871\"\/>\n\t\t\t<input type=\"hidden\" name=\"form_id\" value=\"2299df8\"\/>\n\t\t\t<input type=\"hidden\" name=\"referer_title\" value=\"\" \/>\n\n\t\t\t\n\t\t\t<div class=\"elementor-form-fields-wrapper elementor-labels-above\">\n\t\t\t\t          <div class=\"elementor-form-title-description-wrapper elementor-field-group elementor-column elementor-col-100 elementor-widget-wrap elementor-widget-heading\">\n            <h3 class=\"elementor-form-title elementor-element elementor-heading-title elementor-size-large\">Saada oma p\u00e4ring<\/h3>    <div class=\"elementor-text-editor elementor-clearfix elementor-element\"><\/div>\n              <\/div>\n          \t\t\t\t<div class=\"elementor-field-type-text elementor-field-group elementor-column elementor-field-group-name elementor-col-100 elementor-field-required elementor-mark-required\">\n\t\t\t\t\t\t\t\t\t\t\t\t<label for=\"form-field-name\" class=\"elementor-field-label\">\n\t\t\t\t\t\t\t\tNimi\t\t\t\t\t\t\t<\/label>\n\t\t\t\t\t\t\t\t\t\t\t\t\t\t<input size=\"1\" type=\"text\" name=\"form_fields[name]\" id=\"form-field-name\" class=\"elementor-field elementor-size-sm  elementor-field-textual\" placeholder=\"Sisesta oma nimi\" required=\"required\" aria-required=\"true\">\n\t\t\t\t\t\t\t\t\t\t\t<\/div>\n\t\t\t\t\t\t\t\t<div class=\"elementor-field-type-email elementor-field-group elementor-column elementor-field-group-email elementor-col-100 elementor-field-required elementor-mark-required\">\n\t\t\t\t\t\t\t\t\t\t\t\t<label for=\"form-field-email\" class=\"elementor-field-label\">\n\t\t\t\t\t\t\t\tE-post\t\t\t\t\t\t\t<\/label>\n\t\t\t\t\t\t\t\t\t\t\t\t\t\t<input size=\"1\" type=\"email\" name=\"form_fields[email]\" id=\"form-field-email\" class=\"elementor-field elementor-size-sm  elementor-field-textual\" placeholder=\"Sisesta oma e-post\" required=\"required\" aria-required=\"true\">\n\t\t\t\t\t\t\t\t\t\t\t<\/div>\n\t\t\t\t\t\t\t\t<div class=\"elementor-field-type-textarea elementor-field-group elementor-column elementor-field-group-message elementor-col-100 elementor-field-required elementor-mark-required\">\n\t\t\t\t\t\t\t\t\t\t\t\t<label for=\"form-field-message\" class=\"elementor-field-label\">\n\t\t\t\t\t\t\t\tP\u00e4ring\t\t\t\t\t\t\t<\/label>\n\t\t\t\t\t\t<textarea class=\"elementor-field-textual elementor-field  elementor-size-sm\" name=\"form_fields[message]\" id=\"form-field-message\" rows=\"4\" placeholder=\"Kirjuta oma s\u00f5num\" required=\"required\" aria-required=\"true\"><\/textarea>\t\t\t\t<\/div>\n\t\t\t\t\t\t\t\t<div class=\"elementor-field-type-acceptance elementor-field-group elementor-column elementor-field-group-acceptance elementor-col-100 elementor-field-required elementor-mark-required\">\n\t\t\t\t\t\t\t<div class=\"elementor-field-subgroup\">\n\t\t\t<span class=\"elementor-field-option\">\n\t\t\t\t<input type=\"checkbox\" name=\"form_fields[acceptance]\" id=\"form-field-acceptance\" class=\"elementor-field elementor-size-sm  elementor-acceptance-field\" required=\"required\" aria-required=\"true\">\n\t\t\t\t<label for=\"form-field-acceptance\"><a href=\"https:\/\/dumont.ee\/privaatsuspoliitika\/\" target=\"_blank\" rel=\"nofollow\">N\u00f5ustun tingimustega<\/a><\/label>\t\t\t<\/span>\n\t\t<\/div>\n\t\t\t\t\t\t<\/div>\n\t\t\t\t\t\t\t\t<div class=\"elementor-field-type-recaptcha_v3 elementor-field-group elementor-column elementor-field-group-field_1b28b5e elementor-col-100 recaptcha_v3-bottomright\">\n\t\t\t\t\t<div class=\"elementor-field\" id=\"form-field-field_1b28b5e\"><div class=\"elementor-g-recaptcha\" data-sitekey=\"6Lc2wawsAAAAAHUsvBu5v5F9OFd6p164N8If4AYA\" data-type=\"v3\" data-action=\"Form\" data-badge=\"bottomright\" data-size=\"invisible\"><\/div><\/div>\t\t\t\t<\/div>\n\t\t\t\t\t\t\t\t<div class=\"elementor-field-group elementor-column elementor-field-type-submit elementor-col-100 e-form__buttons\">\n\t\t\t\t\t<button type=\"submit\" class=\"elementor-button\">\n\t\t\t\t\t\t<span >\n\t\t\t\t\t\t\t\t\t\t\t\t\t\t\t<span class=\" elementor-button-icon\">\n\t\t\t\t\t\t\t\t\t\t\t\t\t\t\t\t\t\t\t\t\t\t\t\t\t\t<\/span>\n\t\t\t\t\t\t\t\t\t\t\t\t\t\t\t\t\t\t\t\t\t\t<span class=\"elementor-button-text\">Saada<\/span>\n\t\t\t\t\t\t\t\t\t\t\t\t\t<\/span>\n\t\t\t\t\t<\/button>\n          <button type=\"reset\" class=\"elementor-button elementor-hidden\">\n\t\t\t\t\t\t<span >\n\t\t\t\t\t\t\t              \t\t\t\t\t\t<\/span>\n          <\/button>\n\t\t\t\t<\/div>\n            \t\t\t<\/div>\n\t\t<\/form>\n\t\t\t\t\t\t<\/div>\n\t\t\t\t<\/div>\n\t\t\t\t<\/div>\n\t\t<div class=\"elementor-element elementor-element-xzqt25nf e-con-full e-flex e-con e-child\" data-id=\"xzqt25nf\" data-element_type=\"container\" data-e-type=\"container\">\n\t\t\t\t<div class=\"elementor-element elementor-element-6godgj0r elementor-widget__width-initial elementor-widget-mobile__width-inherit elementor-widget-tablet__width-initial elementor-invisible elementor-widget elementor-widget-heading\" data-id=\"6godgj0r\" data-element_type=\"widget\" data-e-type=\"widget\" data-settings=\"{&quot;_animation&quot;:&quot;fadeInUp&quot;}\" data-widget_type=\"heading.default\">\n\t\t\t\t\t<h3 class=\"elementor-heading-title elementor-size-default\">Kontaktandmed<\/h3>\t\t\t\t<\/div>\n\t\t\t\t<div class=\"elementor-element elementor-element-gyj1rq73 elementor-widget__width-initial elementor-widget-mobile__width-inherit elementor-widget-tablet__width-initial elementor-invisible elementor-widget elementor-widget-text-editor\" data-id=\"gyj1rq73\" data-element_type=\"widget\" data-e-type=\"widget\" data-settings=\"{&quot;_animation&quot;:&quot;fadeInUp&quot;}\" data-widget_type=\"text-editor.default\">\n\t\t\t\t\t\t\t\t\t<p style=\"font-style: normal;\"><b>Ettev\u00f5tte nimi:<\/b>\u00a0DUMONT O\u00dc<\/p><p style=\"font-style: normal;\"><b>Registrikood:<\/b>\u00a012383360<\/p><p style=\"font-style: normal;\"><b>KMKR nr:<\/b>\u00a0EE101847036<\/p><p style=\"font-style: normal;\"><b>Aadress:<\/b>\u00a0\u00dclej\u00f5e tee 2b, Keila, Harjumaa<\/p><p style=\"font-style: normal;\"><b>Telefon:<\/b>\u00a0<a href=\"tel:+37258867518\" target=\"_blank\" rel=\"noopener\">+372 5886 7518<\/a><\/p><p style=\"font-style: normal;\"><b>Telefon:<\/b>\u00a0<a href=\"tel:+3725109170\" target=\"_blank\" rel=\"noopener\">+372 51 09 170<\/a><\/p><p style=\"font-style: normal;\"><b>E-post:\u00a0<\/b><a href=\"mailto:info@dumont.ee\" target=\"_blank\" rel=\"noopener\">info@dumont.ee<\/a><\/p>\t\t\t\t\t\t\t\t<\/div>\n\t\t\t\t<\/div>\n\t\t\t\t<\/div>\n\t\t\t\t<div class=\"elementor-element elementor-element-kkxdh1r4 elementor-widget__width-initial elementor-widget-mobile__width-inherit elementor-widget-tablet__width-initial elementor-widget elementor-widget-google_maps\" data-id=\"kkxdh1r4\" data-element_type=\"widget\" data-e-type=\"widget\" data-widget_type=\"google_maps.default\">\n\t\t\t\t\t\t\t<div class=\"elementor-custom-embed\">\n\t\t\t<iframe loading=\"lazy\"\n\t\t\t\t\tsrc=\"https:\/\/maps.google.com\/maps?q=dumont%20o%C3%BC&#038;t=m&#038;z=15&#038;output=embed&#038;iwloc=near\"\n\t\t\t\t\ttitle=\"dumont o\u00fc\"\n\t\t\t\t\taria-label=\"dumont o\u00fc\"\n\t\t\t><\/iframe>\n\t\t<\/div>\n\t\t\t\t\t\t<\/div>\n\t\t\t\t\t<\/div>\n\t\t\t\t<\/div>\n\t\t<div class=\"elementor-element elementor-element-6bc637a7 e-flex e-con-boxed e-con e-parent\" data-id=\"6bc637a7\" data-element_type=\"container\" data-e-type=\"container\" data-settings=\"{&quot;background_background&quot;:&quot;classic&quot;}\">\n\t\t\t\t\t<div class=\"e-con-inner\">\n\t\t\t\t<div class=\"elementor-element elementor-element-39654340 elementor-widget elementor-widget-heading\" data-id=\"39654340\" data-element_type=\"widget\" data-e-type=\"widget\" data-widget_type=\"heading.default\">\n\t\t\t\t\t<h2 class=\"elementor-heading-title elementor-size-default\">Meie partnerid<\/h2>\t\t\t\t<\/div>\n\t\t\t\t<div class=\"elementor-element elementor-element-17cd2a9f twbb-logos-animation-speed-slow elementor-widget elementor-widget-twbb_logos\" data-id=\"17cd2a9f\" data-element_type=\"widget\" data-e-type=\"widget\" data-widget_type=\"twbb_logos.default\">\n\t\t\t\t<div class=\"elementor-widget-container\">\n\t\t\t\t\t        <div class=\"twbb-main-logos-slider-container\">\n            <div class=\"twbb-logos-slider-container\">\n                <div class=\"twbb-logos\">\n                    <img decoding=\"async\" class=\"twbb-logos__item\" src=\"https:\/\/dumont.ee\/wp-content\/uploads\/2022\/01\/Riigikogu.jpg\" alt=\"Logo\"><img decoding=\"async\" class=\"twbb-logos__item\" src=\"https:\/\/dumont.ee\/wp-content\/uploads\/2022\/01\/SIEMENS.jpg\" alt=\"Logo\"><img decoding=\"async\" class=\"twbb-logos__item\" src=\"https:\/\/dumont.ee\/wp-content\/uploads\/2023\/07\/image003.png\" alt=\"Logo\"><img decoding=\"async\" class=\"twbb-logos__item\" src=\"https:\/\/dumont.ee\/wp-content\/uploads\/2022\/01\/Harju-Elekter.jpg\" alt=\"Logo\"><img decoding=\"async\" class=\"twbb-logos__item\" src=\"https:\/\/dumont.ee\/wp-content\/uploads\/2020\/02\/sporto-medica.png\" alt=\"Logo\"><img decoding=\"async\" class=\"twbb-logos__item\" src=\"https:\/\/dumont.ee\/wp-content\/uploads\/2020\/02\/sos-lastekula.png\" alt=\"Logo\"><img decoding=\"async\" class=\"twbb-logos__item\" src=\"https:\/\/dumont.ee\/wp-content\/uploads\/2020\/02\/jalgpalliliit.png\" alt=\"Logo\"><img decoding=\"async\" class=\"twbb-logos__item\" src=\"https:\/\/dumont.ee\/wp-content\/uploads\/2020\/02\/energia-konsult.png\" alt=\"Logo\"><img decoding=\"async\" class=\"twbb-logos__item\" src=\"https:\/\/dumont.ee\/wp-content\/uploads\/2020\/02\/scandinavian-group.png\" alt=\"Logo\"><img decoding=\"async\" class=\"twbb-logos__item\" src=\"https:\/\/dumont.ee\/wp-content\/uploads\/2025\/02\/layout_set_logo.png\" alt=\"Logo\"><img decoding=\"async\" class=\"twbb-logos__item\" src=\"https:\/\/dumont.ee\/wp-content\/uploads\/2025\/02\/Helifors-hall-jpg-1024x722-1.jpg\" alt=\"Logo\"><img decoding=\"async\" class=\"twbb-logos__item\" src=\"https:\/\/dumont.ee\/wp-content\/uploads\/2025\/02\/Messiehitus-logo-web-ORIG-120H2.png\" alt=\"Logo\"><img decoding=\"async\" class=\"twbb-logos__item\" src=\"https:\/\/dumont.ee\/wp-content\/uploads\/2025\/02\/8648dfb1-0e8b-4f01-80c2-993774358314-rk.jpg\" alt=\"Logo\"><img decoding=\"async\" class=\"twbb-logos__item\" src=\"https:\/\/dumont.ee\/wp-content\/uploads\/2026\/01\/logo-knx-2000x1125-1.jpg\" alt=\"Logo\"><img decoding=\"async\" class=\"twbb-logos__item\" src=\"https:\/\/dumont.ee\/wp-content\/uploads\/2026\/01\/unifi-logo.png\" alt=\"Logo\"><img decoding=\"async\" class=\"twbb-logos__item\" src=\"https:\/\/dumont.ee\/wp-content\/uploads\/2026\/01\/AJAX_hub_intruder_alarms_leicester.png\" alt=\"Logo\"><img decoding=\"async\" class=\"twbb-logos__item\" src=\"https:\/\/dumont.ee\/wp-content\/uploads\/2026\/01\/Hikvision-Eesti-1.jpg\" alt=\"Logo\"><img decoding=\"async\" class=\"twbb-logos__item\" src=\"https:\/\/dumont.ee\/wp-content\/uploads\/2026\/01\/hager_web.webp\" alt=\"Logo\"><img decoding=\"async\" class=\"twbb-logos__item\" src=\"https:\/\/dumont.ee\/wp-content\/uploads\/2026\/01\/BK-Eesti-Logo_2025-06-11.webp\" alt=\"Logo\">                <\/div>\n            <\/div>\n        <\/div>\n        \t\t\t\t<\/div>\n\t\t\t\t<\/div>\n\t\t\t\t\t<\/div>\n\t\t\t\t<\/div>\n\t\t\t\t<\/div>\n\t\t","protected":false},"excerpt":{"rendered":"<p>V\u00f5ta meiega \u00fchendust Kui vajad usaldusv\u00e4\u00e4rset elektri-, turva-, automaatika- v\u00f5i v\u00f5rgulahendust, kirjuta v\u00f5i helista meile. R\u00e4\u00e4gime sinu vajadused l\u00e4bi ja leiame objektile sobiva lahenduse. Oleme valmis aitama Kontaktandmed Ettev\u00f5tte nimi:\u00a0DUMONT O\u00dc Registrikood:\u00a012383360 KMKR nr:\u00a0EE101847036 Aadress:\u00a0\u00dclej\u00f5e tee 2b, Keila, Harjumaa Telefon:\u00a0+372 5886 7518 Telefon:\u00a0+372 51 09 170 E-post:\u00a0info@dumont.ee Meie partnerid<\/p>","protected":false},"author":1,"featured_media":0,"parent":0,"menu_order":0,"comment_status":"closed","ping_status":"closed","template":"","meta":{"two_page_speed":[],"footnotes":""},"class_list":["post-2871","page","type-page","status-publish","hentry"],"_links":{"self":[{"href":"https:\/\/dumont.ee\/fr\/wp-json\/wp\/v2\/pages\/2871","targetHints":{"allow":["GET"]}}],"collection":[{"href":"https:\/\/dumont.ee\/fr\/wp-json\/wp\/v2\/pages"}],"about":[{"href":"https:\/\/dumont.ee\/fr\/wp-json\/wp\/v2\/types\/page"}],"author":[{"embeddable":true,"href":"https:\/\/dumont.ee\/fr\/wp-json\/wp\/v2\/users\/1"}],"replies":[{"embeddable":true,"href":"https:\/\/dumont.ee\/fr\/wp-json\/wp\/v2\/comments?post=2871"}],"version-history":[{"count":21,"href":"https:\/\/dumont.ee\/fr\/wp-json\/wp\/v2\/pages\/2871\/revisions"}],"predecessor-version":[{"id":4442,"href":"https:\/\/dumont.ee\/fr\/wp-json\/wp\/v2\/pages\/2871\/revisions\/4442"}],"wp:attachment":[{"href":"https:\/\/dumont.ee\/fr\/wp-json\/wp\/v2\/media?parent=2871"}],"curies":[{"name":"wp","href":"https:\/\/api.w.org\/{rel}","templated":true}]}}