{"id":12,"date":"2014-08-25T12:39:08","date_gmt":"2014-08-25T09:39:08","guid":{"rendered":"http:\/\/plethorathemes.com\/dev\/cleanstart\/?page_id=12"},"modified":"2026-04-10T12:51:58","modified_gmt":"2026-04-10T10:51:58","slug":"meist","status":"publish","type":"page","link":"https:\/\/dumont.ee\/fr\/meist\/","title":{"rendered":"Meist"},"content":{"rendered":"<div data-elementor-type=\"wp-page\" data-elementor-id=\"12\" class=\"elementor elementor-12\">\n\t\t\t\t<div class=\"elementor-element elementor-element-7a70266a e-flex e-con-boxed e-con e-parent\" data-id=\"7a70266a\" data-element_type=\"container\" data-e-type=\"container\" data-settings=\"{&quot;background_background&quot;:&quot;classic&quot;}\">\n\t\t\t\t\t<div class=\"e-con-inner\">\n\t\t\t\t<div class=\"elementor-element elementor-element-3647aeb2 elementor-widget elementor-widget-heading\" data-id=\"3647aeb2\" data-element_type=\"widget\" data-e-type=\"widget\" data-widget_type=\"heading.default\">\n\t\t\t\t\t<h1 class=\"elementor-heading-title elementor-size-default\">Dumont O\u00dc - un partenaire fiable pour les solutions \u00e9lectriques, de s\u00e9curit\u00e9 et intelligentes<\/h1>\t\t\t\t<\/div>\n\t\t\t\t<div class=\"elementor-element elementor-element-77f77dff elementor-widget elementor-widget-text-editor\" data-id=\"77f77dff\" data-element_type=\"widget\" data-e-type=\"widget\" data-widget_type=\"text-editor.default\">\n\t\t\t\t\t\t\t\t\t<p class=\"p1\">Depuis 2012, nous aidons les propri\u00e9taires et les entreprises \u00e0 cr\u00e9er des solutions fiables en mati\u00e8re d'\u00e9lectricit\u00e9, de s\u00e9curit\u00e9, d'automatisation et de r\u00e9seau. Nos points forts sont une int\u00e9gration r\u00e9fl\u00e9chie, une ex\u00e9cution correcte et des solutions qui r\u00e9pondent aux besoins r\u00e9els du site.<\/p>\t\t\t\t\t\t\t\t<\/div>\n\t\t\t\t\t<\/div>\n\t\t\t\t<\/div>\n\t\t<div class=\"elementor-element elementor-element-6bc4563 e-flex e-con-boxed e-con e-parent\" data-id=\"6bc4563\" data-element_type=\"container\" data-e-type=\"container\">\n\t\t\t\t\t<div class=\"e-con-inner\">\n\t\t\t\t<div class=\"elementor-element elementor-element-6f2d43b elementor-widget elementor-widget-heading\" data-id=\"6f2d43b\" data-element_type=\"widget\" data-e-type=\"widget\" data-widget_type=\"heading.default\">\n\t\t\t\t\t<h2 class=\"elementor-heading-title elementor-size-default\">Notre histoire<\/h2>\t\t\t\t<\/div>\n\t\t\t\t<div class=\"elementor-element elementor-element-0446345 elementor-widget elementor-widget-text-editor\" data-id=\"0446345\" data-element_type=\"widget\" data-e-type=\"widget\" data-widget_type=\"text-editor.default\">\n\t\t\t\t\t\t\t\t\t<p data-start=\"139\" data-end=\"463\">Dumont O\u00dc existe depuis 2012 et fournit des solutions \u00e9lectriques, de s\u00e9curit\u00e9, d'automatisation et de mise en r\u00e9seau pour les particuliers et les entreprises. Au fil des ans, nous avons mis en \u0153uvre des projets d'envergure variable, mais notre approche est rest\u00e9e la m\u00eame : chaque solution doit \u00eatre bien pens\u00e9e, fiable et r\u00e9pondre aux besoins du site.<\/p><p data-start=\"465\" data-end=\"714\">Pour nous, il ne s'agit pas seulement de l'installation, mais de l'ensemble. Un bon r\u00e9sultat est obtenu lorsque la solution technique est clairement planifi\u00e9e, correctement ex\u00e9cut\u00e9e et con\u00e7ue pour une utilisation \u00e0 long terme. C'est ce principe qui sous-tend notre travail quotidien.<\/p>\t\t\t\t\t\t\t\t<\/div>\n\t\t\t\t\t<\/div>\n\t\t\t\t<\/div>\n\t\t<div class=\"elementor-element elementor-element-ac3d66c e-flex e-con-boxed e-con e-parent\" data-id=\"ac3d66c\" data-element_type=\"container\" data-e-type=\"container\" data-settings=\"{&quot;background_background&quot;:&quot;classic&quot;}\">\n\t\t\t\t\t<div class=\"e-con-inner\">\n\t\t\t\t<div class=\"elementor-element elementor-element-0ca3af7 elementor-widget elementor-widget-heading\" data-id=\"0ca3af7\" data-element_type=\"widget\" data-e-type=\"widget\" data-widget_type=\"heading.default\">\n\t\t\t\t\t<h2 class=\"elementor-heading-title elementor-size-default\">Pourquoi les clients nous choisissent-ils ?<\/h2>\t\t\t\t<\/div>\n\t\t<div class=\"elementor-element elementor-element-7eaa3ad e-grid e-con-full e-con e-child\" data-id=\"7eaa3ad\" data-element_type=\"container\" data-e-type=\"container\">\n\t\t<div class=\"elementor-element elementor-element-6007440 e-con-full e-flex e-con e-child\" data-id=\"6007440\" data-element_type=\"container\" data-e-type=\"container\">\n\t\t\t\t<div class=\"elementor-element elementor-element-820706a elementor-widget elementor-widget-heading\" data-id=\"820706a\" data-element_type=\"widget\" data-e-type=\"widget\" data-widget_type=\"heading.default\">\n\t\t\t\t\t<h3 class=\"elementor-heading-title elementor-size-default\">Exp\u00e9rience depuis 2012<\/h3>\t\t\t\t<\/div>\n\t\t\t\t<div class=\"elementor-element elementor-element-1925808 elementor-widget elementor-widget-text-editor\" data-id=\"1925808\" data-element_type=\"widget\" data-e-type=\"widget\" data-widget_type=\"text-editor.default\">\n\t\t\t\t\t\t\t\t\t<p>Nous travaillons depuis des ann\u00e9es avec des solutions \u00e9lectriques, de s\u00e9curit\u00e9, d'automatisation et de r\u00e9seau, et nous savons \u00e0 quel point il est important de garantir la fiabilit\u00e9 du syst\u00e8me \u00e0 long terme.<\/p>\t\t\t\t\t\t\t\t<\/div>\n\t\t\t\t<\/div>\n\t\t<div class=\"elementor-element elementor-element-9e2a105 e-con-full e-flex e-con e-child\" data-id=\"9e2a105\" data-element_type=\"container\" data-e-type=\"container\">\n\t\t\t\t<div class=\"elementor-element elementor-element-e899fea elementor-widget elementor-widget-heading\" data-id=\"e899fea\" data-element_type=\"widget\" data-e-type=\"widget\" data-widget_type=\"heading.default\">\n\t\t\t\t\t<h3 class=\"elementor-heading-title elementor-size-default\">Des solutions int\u00e9gr\u00e9es et r\u00e9fl\u00e9chies<\/h3>\t\t\t\t<\/div>\n\t\t\t\t<div class=\"elementor-element elementor-element-f3a8554 elementor-widget elementor-widget-text-editor\" data-id=\"f3a8554\" data-element_type=\"widget\" data-e-type=\"widget\" data-widget_type=\"text-editor.default\">\n\t\t\t\t\t\t\t\t\t<p>Nous ne nous concentrons pas sur un seul \u00e9quipement ou une seule \u00e9tape de l'op\u00e9ration, mais sur le fonctionnement de l'ensemble du syst\u00e8me. Il en r\u00e9sulte une solution logique, s\u00fbre et g\u00e9rable.<\/p>\t\t\t\t\t\t\t\t<\/div>\n\t\t\t\t<\/div>\n\t\t<div class=\"elementor-element elementor-element-aea6a87 e-con-full e-flex e-con e-child\" data-id=\"aea6a87\" data-element_type=\"container\" data-e-type=\"container\">\n\t\t\t\t<div class=\"elementor-element elementor-element-4c6cd95 elementor-widget elementor-widget-heading\" data-id=\"4c6cd95\" data-element_type=\"widget\" data-e-type=\"widget\" data-widget_type=\"heading.default\">\n\t\t\t\t\t<h3 class=\"elementor-heading-title elementor-size-default\">Ex\u00e9cution correcte<\/h3>\t\t\t\t<\/div>\n\t\t\t\t<div class=\"elementor-element elementor-element-bec2c2c elementor-widget elementor-widget-text-editor\" data-id=\"bec2c2c\" data-element_type=\"widget\" data-e-type=\"widget\" data-widget_type=\"text-editor.default\">\n\t\t\t\t\t\t\t\t\t<p>La pr\u00e9cision, la qualit\u00e9 et un r\u00e9sultat final ordonn\u00e9 sont importants pour nous. Un travail bien fait doit fonctionner de mani\u00e8re fiable aujourd'hui et pour les ann\u00e9es \u00e0 venir.<\/p>\t\t\t\t\t\t\t\t<\/div>\n\t\t\t\t<\/div>\n\t\t<div class=\"elementor-element elementor-element-5567011 e-con-full e-flex e-con e-child\" data-id=\"5567011\" data-element_type=\"container\" data-e-type=\"container\">\n\t\t\t\t<div class=\"elementor-element elementor-element-7ba7d08 elementor-widget elementor-widget-heading\" data-id=\"7ba7d08\" data-element_type=\"widget\" data-e-type=\"widget\" data-widget_type=\"heading.default\">\n\t\t\t\t\t<h3 class=\"elementor-heading-title elementor-size-default\">Solutions en fonction de l'objet<\/h3>\t\t\t\t<\/div>\n\t\t\t\t<div class=\"elementor-element elementor-element-17cb021 elementor-widget elementor-widget-text-editor\" data-id=\"17cb021\" data-element_type=\"widget\" data-e-type=\"widget\" data-widget_type=\"text-editor.default\">\n\t\t\t\t\t\t\t\t\t<p>Chaque objet et chaque besoin sont diff\u00e9rents. Nous trouverons une solution adapt\u00e9e au b\u00e2timent, \u00e0 l'utilisation et aux attentes du client.<\/p>\t\t\t\t\t\t\t\t<\/div>\n\t\t\t\t<\/div>\n\t\t\t\t<\/div>\n\t\t\t\t\t<\/div>\n\t\t\t\t<\/div>\n\t\t<div class=\"elementor-element elementor-element-6684d21 e-flex e-con-boxed e-con e-parent\" data-id=\"6684d21\" data-element_type=\"container\" data-e-type=\"container\" data-settings=\"{&quot;background_background&quot;:&quot;classic&quot;}\">\n\t\t\t\t\t<div class=\"e-con-inner\">\n\t\t\t\t<div class=\"elementor-element elementor-element-e137f74 elementor-invisible elementor-widget elementor-widget-text-editor\" data-id=\"e137f74\" data-element_type=\"widget\" data-e-type=\"widget\" data-settings=\"{&quot;_animation&quot;:&quot;fadeInUp&quot;}\" data-widget_type=\"text-editor.default\">\n\t\t\t\t\t\t\t\t\t<p>Qualit\u00e9 - Fiabilit\u00e9 - S\u00e9curit\u00e9 - Performance \u00e0 long terme<\/p>\t\t\t\t\t\t\t\t<\/div>\n\t\t\t\t\t<\/div>\n\t\t\t\t<\/div>\n\t\t<div class=\"elementor-element elementor-element-7f251dc e-flex e-con-boxed e-con e-parent\" data-id=\"7f251dc\" data-element_type=\"container\" data-e-type=\"container\">\n\t\t\t\t\t<div class=\"e-con-inner\">\n\t\t\t\t<div class=\"elementor-element elementor-element-efc2a17 elementor-widget elementor-widget-heading\" data-id=\"efc2a17\" data-element_type=\"widget\" data-e-type=\"widget\" data-widget_type=\"heading.default\">\n\t\t\t\t\t<h2 class=\"elementor-heading-title elementor-size-default\">Solutions pour les particuliers et les entreprises<\/h2>\t\t\t\t<\/div>\n\t\t\t\t<div class=\"elementor-element elementor-element-d4072bb elementor-widget elementor-widget-text-editor\" data-id=\"d4072bb\" data-element_type=\"widget\" data-e-type=\"widget\" data-widget_type=\"text-editor.default\">\n\t\t\t\t\t\t\t\t\t<p data-start=\"1719\" data-end=\"1912\">Nous travaillons avec des particuliers et des entreprises qui attendent de leurs solutions techniques plus que de simples performances. Nos clients appr\u00e9cient la qualit\u00e9, la clart\u00e9 et les syst\u00e8mes qui sont construits pour durer.<\/p><p data-start=\"1914\" data-end=\"2062\">Nous cr\u00e9ons des solutions pour les maisons priv\u00e9es, les immeubles d'habitation, les locaux commerciaux et d'autres installations o\u00f9 la fiabilit\u00e9, la s\u00e9curit\u00e9 et un ensemble bien con\u00e7u sont essentiels.<\/p>\t\t\t\t\t\t\t\t<\/div>\n\t\t\t\t\t<\/div>\n\t\t\t\t<\/div>\n\t\t<div class=\"elementor-element elementor-element-67d5cc5 e-flex e-con-boxed e-con e-parent\" data-id=\"67d5cc5\" data-element_type=\"container\" data-e-type=\"container\">\n\t\t\t\t\t<div class=\"e-con-inner\">\n\t\t\t\t<div class=\"elementor-element elementor-element-97df8af elementor-widget elementor-widget-heading\" data-id=\"97df8af\" data-element_type=\"widget\" data-e-type=\"widget\" data-widget_type=\"heading.default\">\n\t\t\t\t\t<h2 class=\"elementor-heading-title elementor-size-default\">Certificats et citations<\/h2>\t\t\t\t<\/div>\n\t\t\t\t<div class=\"elementor-element elementor-element-8589a5f elementor-arrows-position-inside elementor-pagination-position-outside elementor-widget elementor-widget-image-carousel\" data-id=\"8589a5f\" data-element_type=\"widget\" data-e-type=\"widget\" data-settings=\"{&quot;navigation&quot;:&quot;both&quot;,&quot;autoplay&quot;:&quot;yes&quot;,&quot;pause_on_hover&quot;:&quot;yes&quot;,&quot;pause_on_interaction&quot;:&quot;yes&quot;,&quot;autoplay_speed&quot;:5000,&quot;infinite&quot;:&quot;yes&quot;,&quot;speed&quot;:500}\" data-widget_type=\"image-carousel.default\">\n\t\t\t\t\t\t\t<div class=\"elementor-image-carousel-wrapper swiper\" role=\"region\" aria-roledescription=\"carousel\" aria-label=\"Carrousel d&#039;images\" dir=\"ltr\">\n\t\t\t<div class=\"elementor-image-carousel swiper-wrapper swiper-image-stretch\" aria-live=\"off\">\n\t\t\t\t\t\t\t\t<div class=\"swiper-slide\" role=\"group\" aria-roledescription=\"slide\" aria-label=\"1 sur 21\"><figure class=\"swiper-slide-inner\"><img decoding=\"async\" class=\"swiper-slide-image\" src=\"https:\/\/dumont.ee\/wp-content\/uploads\/2020\/12\/Gasell_12383360.jpg\" alt=\"Gasell_12383360\" \/><\/figure><\/div><div class=\"swiper-slide\" role=\"group\" aria-roledescription=\"slide\" aria-label=\"2 sur 21\"><figure class=\"swiper-slide-inner\"><img decoding=\"async\" class=\"swiper-slide-image\" src=\"https:\/\/dumont.ee\/wp-content\/uploads\/2025\/03\/dumont-ou-est-730x1024.jpg\" alt=\"dumont-ou est\" \/><\/figure><\/div><div class=\"swiper-slide\" role=\"group\" aria-roledescription=\"slide\" aria-label=\"3 sur 21\"><figure class=\"swiper-slide-inner\"><img decoding=\"async\" class=\"swiper-slide-image\" src=\"https:\/\/dumont.ee\/wp-content\/uploads\/2025\/03\/EEET2024_digi_12383360.jpg\" alt=\"EEET2024_digi_12383360\" \/><\/figure><\/div><div class=\"swiper-slide\" role=\"group\" aria-roledescription=\"slide\" aria-label=\"4 sur 21\"><figure class=\"swiper-slide-inner\"><img decoding=\"async\" class=\"swiper-slide-image\" src=\"https:\/\/dumont.ee\/wp-content\/uploads\/2025\/03\/Usaldusvaarne-2024.jpg\" alt=\"Usaldusv\u00e4\u00e4rne 2024\" \/><\/figure><\/div><div class=\"swiper-slide\" role=\"group\" aria-roledescription=\"slide\" aria-label=\"5 sur 21\"><figure class=\"swiper-slide-inner\"><img decoding=\"async\" class=\"swiper-slide-image\" src=\"https:\/\/dumont.ee\/wp-content\/uploads\/2025\/03\/Financial-Excellence-tutvusta-v-tekst-veebilehele_HOBE.jpg\" alt=\"Financial Excellence tutvusta v tekst veebilehele_H\u00d5BE\" \/><\/figure><\/div><div class=\"swiper-slide\" role=\"group\" aria-roledescription=\"slide\" aria-label=\"6 sur 21\"><figure class=\"swiper-slide-inner\"><img decoding=\"async\" class=\"swiper-slide-image\" src=\"https:\/\/dumont.ee\/wp-content\/uploads\/2025\/03\/AA-2024-EST.jpg\" alt=\"AA 2024 (EST)\" \/><\/figure><\/div><div class=\"swiper-slide\" role=\"group\" aria-roledescription=\"slide\" aria-label=\"7 sur 21\"><figure class=\"swiper-slide-inner\"><img decoding=\"async\" class=\"swiper-slide-image\" src=\"https:\/\/dumont.ee\/wp-content\/uploads\/2025\/03\/Usaldusvaarne-2023.jpg\" alt=\"Usaldusv\u00e4\u00e4rne 2023\" \/><\/figure><\/div><div class=\"swiper-slide\" role=\"group\" aria-roledescription=\"slide\" aria-label=\"8 sur 21\"><figure class=\"swiper-slide-inner\"><img decoding=\"async\" class=\"swiper-slide-image\" src=\"https:\/\/dumont.ee\/wp-content\/uploads\/2025\/03\/12383360-DUMONT_OU-EVUL_est.jpg\" alt=\"12383360-DUMONT_O\u00dc-EVUL_est\" \/><\/figure><\/div><div class=\"swiper-slide\" role=\"group\" aria-roledescription=\"slide\" aria-label=\"9 sur 21\"><figure class=\"swiper-slide-inner\"><img decoding=\"async\" class=\"swiper-slide-image\" src=\"https:\/\/dumont.ee\/wp-content\/uploads\/2025\/03\/AA-2023-EST.jpg\" alt=\"AA 2023 (EST)\" \/><\/figure><\/div><div class=\"swiper-slide\" role=\"group\" aria-roledescription=\"slide\" aria-label=\"10 sur 21\"><figure class=\"swiper-slide-inner\"><img decoding=\"async\" class=\"swiper-slide-image\" src=\"https:\/\/dumont.ee\/wp-content\/uploads\/2025\/03\/Dumont-OU-EKTL-722x1024.jpg\" alt=\"Dumont O\u00dc EKTL\" \/><\/figure><\/div><div class=\"swiper-slide\" role=\"group\" aria-roledescription=\"slide\" aria-label=\"11 sur 21\"><figure class=\"swiper-slide-inner\"><img decoding=\"async\" class=\"swiper-slide-image\" src=\"https:\/\/dumont.ee\/wp-content\/uploads\/2025\/03\/Eeskujulik-2021.png\" alt=\"Eeskujulik 2021\" \/><\/figure><\/div><div class=\"swiper-slide\" role=\"group\" aria-roledescription=\"slide\" aria-label=\"12 sur 21\"><figure class=\"swiper-slide-inner\"><img decoding=\"async\" class=\"swiper-slide-image\" src=\"https:\/\/dumont.ee\/wp-content\/uploads\/2025\/03\/AAA-2021-EST.jpg\" alt=\"AAA 2021 (EST)\" \/><\/figure><\/div><div class=\"swiper-slide\" role=\"group\" aria-roledescription=\"slide\" aria-label=\"13 sur 21\"><figure class=\"swiper-slide-inner\"><img decoding=\"async\" class=\"swiper-slide-image\" src=\"https:\/\/dumont.ee\/wp-content\/uploads\/2019\/08\/AAA-2020-EST.jpg\" alt=\"AAA 2020 (EST)\" \/><\/figure><\/div><div class=\"swiper-slide\" role=\"group\" aria-roledescription=\"slide\" aria-label=\"14 sur 21\"><figure class=\"swiper-slide-inner\"><img decoding=\"async\" class=\"swiper-slide-image\" src=\"https:\/\/dumont.ee\/wp-content\/uploads\/2019\/08\/Scan2020-04-07_085041.jpg\" alt=\"Scan2020-04-07_085041\" \/><\/figure><\/div><div class=\"swiper-slide\" role=\"group\" aria-roledescription=\"slide\" aria-label=\"15 sur 21\"><figure class=\"swiper-slide-inner\"><img decoding=\"async\" class=\"swiper-slide-image\" src=\"https:\/\/dumont.ee\/wp-content\/uploads\/2019\/08\/EEET2020_digi_12383360.jpg\" alt=\"EEET2020_digi_12383360\" \/><\/figure><\/div><div class=\"swiper-slide\" role=\"group\" aria-roledescription=\"slide\" aria-label=\"16 sur 21\"><figure class=\"swiper-slide-inner\"><img decoding=\"async\" class=\"swiper-slide-image\" src=\"https:\/\/dumont.ee\/wp-content\/uploads\/2025\/03\/EEET2019_digi_12383360.jpg\" alt=\"EEET2019_digi_12383360\" \/><\/figure><\/div><div class=\"swiper-slide\" role=\"group\" aria-roledescription=\"slide\" aria-label=\"17 sur 21\"><figure class=\"swiper-slide-inner\"><img decoding=\"async\" class=\"swiper-slide-image\" src=\"https:\/\/dumont.ee\/wp-content\/uploads\/2025\/03\/Eeskujulik-2019-722x1024.jpg\" alt=\"Eeskujulik 2019\" \/><\/figure><\/div><div class=\"swiper-slide\" role=\"group\" aria-roledescription=\"slide\" aria-label=\"18 sur 21\"><figure class=\"swiper-slide-inner\"><img decoding=\"async\" class=\"swiper-slide-image\" src=\"https:\/\/dumont.ee\/wp-content\/uploads\/2019\/08\/AAA-2019-EST.jpg\" alt=\"AAA 2019 (EST)\" \/><\/figure><\/div><div class=\"swiper-slide\" role=\"group\" aria-roledescription=\"slide\" aria-label=\"19 sur 21\"><figure class=\"swiper-slide-inner\"><img decoding=\"async\" class=\"swiper-slide-image\" src=\"https:\/\/dumont.ee\/wp-content\/uploads\/2019\/08\/CCF02122018.jpg\" alt=\"CCF02122018\" \/><\/figure><\/div><div class=\"swiper-slide\" role=\"group\" aria-roledescription=\"slide\" aria-label=\"20 sur 21\"><figure class=\"swiper-slide-inner\"><img decoding=\"async\" class=\"swiper-slide-image\" src=\"https:\/\/dumont.ee\/wp-content\/uploads\/2025\/03\/AAA-2019-EST-724x1024.jpg\" alt=\"AAA 2019 (EST)\" \/><\/figure><\/div><div class=\"swiper-slide\" role=\"group\" aria-roledescription=\"slide\" aria-label=\"21 sur 21\"><figure class=\"swiper-slide-inner\"><img decoding=\"async\" class=\"swiper-slide-image\" src=\"https:\/\/dumont.ee\/wp-content\/uploads\/2025\/03\/CCI15042019_2-722x1024.jpg\" alt=\"CCI15042019_2\" \/><\/figure><\/div>\t\t\t<\/div>\n\t\t\t\t\t\t\t\t\t\t\t\t<div class=\"elementor-swiper-button elementor-swiper-button-prev\" role=\"button\" tabindex=\"0\">\n\t\t\t\t\t\t<svg aria-hidden=\"true\" class=\"e-font-icon-svg e-eicon-chevron-left\" viewbox=\"0 0 1000 1000\" xmlns=\"http:\/\/www.w3.org\/2000\/svg\"><path d=\"M646 125C629 125 613 133 604 142L308 442C296 454 292 471 292 487 292 504 296 521 308 533L604 854C617 867 629 875 646 875 663 875 679 871 692 858 704 846 713 829 713 812 713 796 708 779 692 767L438 487 692 225C700 217 708 204 708 187 708 171 704 154 692 142 675 129 663 125 646 125Z\"><\/path><\/svg>\t\t\t\t\t<\/div>\n\t\t\t\t\t<div class=\"elementor-swiper-button elementor-swiper-button-next\" role=\"button\" tabindex=\"0\">\n\t\t\t\t\t\t<svg aria-hidden=\"true\" class=\"e-font-icon-svg e-eicon-chevron-right\" viewbox=\"0 0 1000 1000\" xmlns=\"http:\/\/www.w3.org\/2000\/svg\"><path d=\"M696 533C708 521 713 504 713 487 713 471 708 454 696 446L400 146C388 133 375 125 354 125 338 125 325 129 313 142 300 154 292 171 292 187 292 204 296 221 308 233L563 492 304 771C292 783 288 800 288 817 288 833 296 850 308 863 321 871 338 875 354 875 371 875 388 867 400 854L696 533Z\"><\/path><\/svg>\t\t\t\t\t<\/div>\n\t\t\t\t\n\t\t\t\t\t\t\t\t\t<div class=\"swiper-pagination\"><\/div>\n\t\t\t\t\t\t\t\t\t<\/div>\n\t\t\t\t\t\t<\/div>\n\t\t\t\t\t<\/div>\n\t\t\t\t<\/div>\n\t\t<div class=\"elementor-element elementor-element-75d81f8c e-flex e-con-boxed e-con e-parent\" data-id=\"75d81f8c\" data-element_type=\"container\" data-e-type=\"container\" data-settings=\"{&quot;background_background&quot;:&quot;classic&quot;}\">\n\t\t\t\t\t<div class=\"e-con-inner\">\n\t\t\t\t<div class=\"elementor-element elementor-element-72a0c8cd elementor-widget elementor-widget-heading\" data-id=\"72a0c8cd\" data-element_type=\"widget\" data-e-type=\"widget\" data-widget_type=\"heading.default\">\n\t\t\t\t\t<h2 class=\"elementor-heading-title elementor-size-default\">Nos partenaires<\/h2>\t\t\t\t<\/div>\n\t\t\t\t<div class=\"elementor-element elementor-element-27fb753d twbb-logos-animation-speed-slow elementor-widget elementor-widget-twbb_logos\" data-id=\"27fb753d\" data-element_type=\"widget\" data-e-type=\"widget\" data-widget_type=\"twbb_logos.default\">\n\t\t\t\t<div class=\"elementor-widget-container\">\n\t\t\t\t\t        <div class=\"twbb-main-logos-slider-container\">\n            <div class=\"twbb-logos-slider-container\">\n                <div class=\"twbb-logos\">\n                    <img decoding=\"async\" class=\"twbb-logos__item\" src=\"https:\/\/dumont.ee\/wp-content\/uploads\/2022\/01\/Riigikogu.jpg\" alt=\"Logo\"><img decoding=\"async\" class=\"twbb-logos__item\" src=\"https:\/\/dumont.ee\/wp-content\/uploads\/2022\/01\/SIEMENS.jpg\" alt=\"Logo\"><img decoding=\"async\" class=\"twbb-logos__item\" src=\"https:\/\/dumont.ee\/wp-content\/uploads\/2023\/07\/image003.png\" alt=\"Logo\"><img decoding=\"async\" class=\"twbb-logos__item\" src=\"https:\/\/dumont.ee\/wp-content\/uploads\/2022\/01\/Harju-Elekter.jpg\" alt=\"Logo\"><img decoding=\"async\" class=\"twbb-logos__item\" src=\"https:\/\/dumont.ee\/wp-content\/uploads\/2020\/02\/sporto-medica.png\" alt=\"Logo\"><img decoding=\"async\" class=\"twbb-logos__item\" src=\"https:\/\/dumont.ee\/wp-content\/uploads\/2020\/02\/sos-lastekula.png\" alt=\"Logo\"><img decoding=\"async\" class=\"twbb-logos__item\" src=\"https:\/\/dumont.ee\/wp-content\/uploads\/2020\/02\/jalgpalliliit.png\" alt=\"Logo\"><img decoding=\"async\" class=\"twbb-logos__item\" src=\"https:\/\/dumont.ee\/wp-content\/uploads\/2020\/02\/energia-konsult.png\" alt=\"Logo\"><img decoding=\"async\" class=\"twbb-logos__item\" src=\"https:\/\/dumont.ee\/wp-content\/uploads\/2020\/02\/scandinavian-group.png\" alt=\"Logo\"><img decoding=\"async\" class=\"twbb-logos__item\" src=\"https:\/\/dumont.ee\/wp-content\/uploads\/2025\/02\/layout_set_logo.png\" alt=\"Logo\"><img decoding=\"async\" class=\"twbb-logos__item\" src=\"https:\/\/dumont.ee\/wp-content\/uploads\/2025\/02\/Helifors-hall-jpg-1024x722-1.jpg\" alt=\"Logo\"><img decoding=\"async\" class=\"twbb-logos__item\" src=\"https:\/\/dumont.ee\/wp-content\/uploads\/2025\/02\/Messiehitus-logo-web-ORIG-120H2.png\" alt=\"Logo\"><img decoding=\"async\" class=\"twbb-logos__item\" src=\"https:\/\/dumont.ee\/wp-content\/uploads\/2025\/02\/8648dfb1-0e8b-4f01-80c2-993774358314-rk.jpg\" alt=\"Logo\"><img decoding=\"async\" class=\"twbb-logos__item\" src=\"https:\/\/dumont.ee\/wp-content\/uploads\/2026\/01\/logo-knx-2000x1125-1.jpg\" alt=\"Logo\"><img decoding=\"async\" class=\"twbb-logos__item\" src=\"https:\/\/dumont.ee\/wp-content\/uploads\/2026\/01\/unifi-logo.png\" alt=\"Logo\"><img decoding=\"async\" class=\"twbb-logos__item\" src=\"https:\/\/dumont.ee\/wp-content\/uploads\/2026\/01\/AJAX_hub_intruder_alarms_leicester.png\" alt=\"Logo\"><img decoding=\"async\" class=\"twbb-logos__item\" src=\"https:\/\/dumont.ee\/wp-content\/uploads\/2026\/01\/Hikvision-Eesti-1.jpg\" alt=\"Logo\"><img decoding=\"async\" class=\"twbb-logos__item\" src=\"https:\/\/dumont.ee\/wp-content\/uploads\/2026\/01\/hager_web.webp\" alt=\"Logo\"><img decoding=\"async\" class=\"twbb-logos__item\" src=\"https:\/\/dumont.ee\/wp-content\/uploads\/2026\/01\/BK-Eesti-Logo_2025-06-11.webp\" alt=\"Logo\">                <\/div>\n            <\/div>\n        <\/div>\n        \t\t\t\t<\/div>\n\t\t\t\t<\/div>\n\t\t\t\t\t<\/div>\n\t\t\t\t<\/div>\n\t\t\t\t<\/div>","protected":false},"excerpt":{"rendered":"<p>Dumont O\u00dc \u2013 usaldusv\u00e4\u00e4rne partner elektri-, turva- ja nutikates lahendustes Oleme alates 2012. aastast aidanud koduomanikel ja ettev\u00f5tetel luua t\u00f6\u00f6kindlaid elektri-, turva-, automaatika- ja v\u00f5rgulahendusi. Meie tugevus on l\u00e4bim\u00f5eldud tervik, korrektne teostus ja lahendused, mis vastavad objekti tegelikele vajadustele Meie lugu Dumont O\u00dc on tegutsenud alates 2012. aastast, pakkudes elektri-, turva-, automaatika- ja v\u00f5rgulahendusi nii [&hellip;]<\/p>\n","protected":false},"author":1,"featured_media":0,"parent":0,"menu_order":2,"comment_status":"closed","ping_status":"closed","template":"","meta":{"two_page_speed":[],"footnotes":""},"class_list":["post-12","page","type-page","status-publish","hentry"],"_links":{"self":[{"href":"https:\/\/dumont.ee\/fr\/wp-json\/wp\/v2\/pages\/12","targetHints":{"allow":["GET"]}}],"collection":[{"href":"https:\/\/dumont.ee\/fr\/wp-json\/wp\/v2\/pages"}],"about":[{"href":"https:\/\/dumont.ee\/fr\/wp-json\/wp\/v2\/types\/page"}],"author":[{"embeddable":true,"href":"https:\/\/dumont.ee\/fr\/wp-json\/wp\/v2\/users\/1"}],"replies":[{"embeddable":true,"href":"https:\/\/dumont.ee\/fr\/wp-json\/wp\/v2\/comments?post=12"}],"version-history":[{"count":18,"href":"https:\/\/dumont.ee\/fr\/wp-json\/wp\/v2\/pages\/12\/revisions"}],"predecessor-version":[{"id":4439,"href":"https:\/\/dumont.ee\/fr\/wp-json\/wp\/v2\/pages\/12\/revisions\/4439"}],"wp:attachment":[{"href":"https:\/\/dumont.ee\/fr\/wp-json\/wp\/v2\/media?parent=12"}],"curies":[{"name":"wp","href":"https:\/\/api.w.org\/{rel}","templated":true}]}}