{"id":3903,"date":"2025-03-23T20:42:35","date_gmt":"2025-03-23T18:42:35","guid":{"rendered":"https:\/\/dumont.ee\/?page_id=3903\/"},"modified":"2026-04-10T11:17:49","modified_gmt":"2026-04-10T09:17:49","slug":"internet","status":"publish","type":"page","link":"https:\/\/dumont.ee\/en\/internet\/","title":{"rendered":"Interneti t\u00f6\u00f6d"},"content":{"rendered":"<div data-elementor-type=\"wp-page\" data-elementor-id=\"3903\" class=\"elementor elementor-3903\">\n\t\t\t\t<div class=\"elementor-element elementor-element-310a98eb e-flex e-con-boxed e-con e-parent\" data-id=\"310a98eb\" data-element_type=\"container\" data-e-type=\"container\" data-settings=\"{&quot;background_background&quot;:&quot;classic&quot;}\">\n\t\t\t\t\t<div class=\"e-con-inner\">\n\t\t\t\t<div class=\"elementor-element elementor-element-46959ebe elementor-widget elementor-widget-heading\" data-id=\"46959ebe\" data-element_type=\"widget\" data-e-type=\"widget\" data-widget_type=\"heading.default\">\n\t\t\t\t\t<h1 class=\"elementor-heading-title elementor-size-default\">WiFi and internet solutions<\/h1>\t\t\t\t<\/div>\n\t\t\t\t\t<\/div>\n\t\t\t\t<\/div>\n\t\t<div class=\"elementor-element elementor-element-31134209 e-flex e-con-boxed e-con e-parent\" data-id=\"31134209\" data-element_type=\"container\" data-e-type=\"container\" data-settings=\"{&quot;background_background&quot;:&quot;classic&quot;}\">\n\t\t\t\t\t<div class=\"e-con-inner\">\n\t\t\t\t<div class=\"elementor-element elementor-element-6dec4d2e elementor-widget elementor-widget-heading\" data-id=\"6dec4d2e\" data-element_type=\"widget\" data-e-type=\"widget\" data-widget_type=\"heading.default\">\n\t\t\t\t\t<h2 class=\"elementor-heading-title elementor-size-default\">A strong and stable connection in every room, even in more challenging locations<\/h2>\t\t\t\t<\/div>\n\t\t\t\t<div class=\"elementor-element elementor-element-3f016ee1 elementor-widget elementor-widget-text-editor\" data-id=\"3f016ee1\" data-element_type=\"widget\" data-e-type=\"widget\" data-widget_type=\"text-editor.default\">\n\t\t\t\t\t\t\t\t\t<p data-start=\"133\" data-end=\"339\">A reliable internet and network solution is essential today, both at home and in business. A well-planned system ensures a strong WiFi coverage, a stable connection, and smooth operation for all devices throughout the building.<\/p><p data-start=\"341\" data-end=\"651\" data-is-last-node=\"\" data-is-only-node=\"\">On this page, you will find examples of network and internet solutions implemented by Dumont O\u00dc, where we have combined internal networks, WiFi coverage, and internet connectivity into one functioning whole. Each solution is developed according to the specifics of the site and its usage needs, ensuring that the result is fast, easily manageable, and reliably functional on a daily basis.<\/p>\t\t\t\t\t\t\t\t<\/div>\n\t\t\t\t\t<\/div>\n\t\t\t\t<\/div>\n\t\t<div class=\"elementor-element elementor-element-8abcfe4 e-flex e-con-boxed e-con e-parent\" data-id=\"8abcfe4\" data-element_type=\"container\" data-e-type=\"container\" data-settings=\"{&quot;background_background&quot;:&quot;classic&quot;}\">\n\t\t\t\t\t<div class=\"e-con-inner\">\n\t\t\t\t<div class=\"elementor-element elementor-element-fef7509 elementor-widget elementor-widget-twbb_gallery\" data-id=\"fef7509\" data-element_type=\"widget\" data-e-type=\"widget\" data-settings=\"{&quot;gallery_layout&quot;:&quot;masonry&quot;,&quot;lazyload&quot;:&quot;yes&quot;,&quot;columns&quot;:4,&quot;columns_tablet&quot;:2,&quot;columns_mobile&quot;:1,&quot;gap&quot;:{&quot;unit&quot;:&quot;px&quot;,&quot;size&quot;:10,&quot;sizes&quot;:[]},&quot;gap_tablet&quot;:{&quot;unit&quot;:&quot;px&quot;,&quot;size&quot;:10,&quot;sizes&quot;:[]},&quot;gap_mobile&quot;:{&quot;unit&quot;:&quot;px&quot;,&quot;size&quot;:10,&quot;sizes&quot;:[]},&quot;hgap&quot;:{&quot;unit&quot;:&quot;px&quot;,&quot;size&quot;:10,&quot;sizes&quot;:[]},&quot;hgap_tablet&quot;:{&quot;unit&quot;:&quot;px&quot;,&quot;size&quot;:10,&quot;sizes&quot;:[]},&quot;hgap_mobile&quot;:{&quot;unit&quot;:&quot;px&quot;,&quot;size&quot;:10,&quot;sizes&quot;:[]},&quot;link_to&quot;:&quot;file&quot;,&quot;overlay_background&quot;:&quot;yes&quot;,&quot;content_hover_animation&quot;:&quot;fade-in&quot;}\" data-widget_type=\"twbb_gallery.default\">\n\t\t\t\t<div class=\"elementor-widget-container\">\n\t\t\t\t\t        <div class=\"elementor-single-gallery-title-description-wrapper elementor-field-group elementor-column elementor-col-100 elementor-widget-wrap elementor-widget-heading\">\n          <div class=\"elementor-single-gallery-title elementor-element elementor-heading-title\"><\/div>        <\/div>\n        \t\t<div class=\"elementor-gallery__container\">\n\t\t\t\t\t\t\t<a\n                class=\"e-gallery-item elementor-gallery-item twbb-flex-end-item elementor-animated-content\" href=\"https:\/\/dumont.ee\/wp-content\/uploads\/2025\/03\/14-mai-2021-11-05_-scaled.jpg\" data-elementor-open-lightbox=\"yes\" data-elementor-lightbox-slideshow=\"all-fef7509\" data-e-action-hash=\"#elementor-action%3Aaction%3Dlightbox%26settings%3DeyJpZCI6MzkwNSwidXJsIjoiaHR0cHM6XC9cL2R1bW9udC5lZVwvd3AtY29udGVudFwvdXBsb2Fkc1wvMjAyNVwvMDNcLzE0LW1haS0yMDIxLTExLTA1Xy1zY2FsZWQuanBnIiwic2xpZGVzaG93IjoiYWxsLWZlZjc1MDkifQ%3D%3D\">\n        \n        <div class=\"twbb_item_image_section\">\n          <div class=\"e-gallery-image elementor-gallery-item__image\" data-thumbnail=\"https:\/\/dumont.ee\/wp-content\/uploads\/2025\/03\/14-mai-2021-11-05_-768x394.jpg\" data-width=\"640\" data-height=\"328\" alt=\"\" ><\/div>\n                      <div class=\"elementor-gallery-item__overlay\"><\/div>\n                  <\/div>\n               <\/a>\n      \t\t\t\t<a\n                class=\"e-gallery-item elementor-gallery-item twbb-flex-end-item elementor-animated-content\" href=\"https:\/\/dumont.ee\/wp-content\/uploads\/2025\/03\/E0ACDCFE-35E8-48F4-A582-DA0CAD705611_1_105_c.jpeg\" data-elementor-open-lightbox=\"yes\" data-elementor-lightbox-slideshow=\"all-fef7509\" data-e-action-hash=\"#elementor-action%3Aaction%3Dlightbox%26settings%3DeyJpZCI6MzkxMCwidXJsIjoiaHR0cHM6XC9cL2R1bW9udC5lZVwvd3AtY29udGVudFwvdXBsb2Fkc1wvMjAyNVwvMDNcL0UwQUNEQ0ZFLTM1RTgtNDhGNC1BNTgyLURBMENBRDcwNTYxMV8xXzEwNV9jLmpwZWciLCJzbGlkZXNob3ciOiJhbGwtZmVmNzUwOSJ9\">\n        \n        <div class=\"twbb_item_image_section\">\n          <div class=\"e-gallery-image elementor-gallery-item__image\" data-thumbnail=\"https:\/\/dumont.ee\/wp-content\/uploads\/2025\/03\/E0ACDCFE-35E8-48F4-A582-DA0CAD705611_1_105_c.jpeg\" data-width=\"640\" data-height=\"853\" alt=\"\" ><\/div>\n                      <div class=\"elementor-gallery-item__overlay\"><\/div>\n                  <\/div>\n               <\/a>\n      \t\t\t\t<a\n                class=\"e-gallery-item elementor-gallery-item twbb-flex-end-item elementor-animated-content\" href=\"https:\/\/dumont.ee\/wp-content\/uploads\/2025\/03\/BE16E18D-81CF-4F01-B67F-5E1F97CB8C4F_1_105_c.jpeg\" data-elementor-open-lightbox=\"yes\" data-elementor-lightbox-slideshow=\"all-fef7509\" data-e-action-hash=\"#elementor-action%3Aaction%3Dlightbox%26settings%3DeyJpZCI6MzkwOSwidXJsIjoiaHR0cHM6XC9cL2R1bW9udC5lZVwvd3AtY29udGVudFwvdXBsb2Fkc1wvMjAyNVwvMDNcL0JFMTZFMThELTgxQ0YtNEYwMS1CNjdGLTVFMUY5N0NCOEM0Rl8xXzEwNV9jLmpwZWciLCJzbGlkZXNob3ciOiJhbGwtZmVmNzUwOSJ9\">\n        \n        <div class=\"twbb_item_image_section\">\n          <div class=\"e-gallery-image elementor-gallery-item__image\" data-thumbnail=\"https:\/\/dumont.ee\/wp-content\/uploads\/2025\/03\/BE16E18D-81CF-4F01-B67F-5E1F97CB8C4F_1_105_c.jpeg\" data-width=\"640\" data-height=\"853\" alt=\"\" ><\/div>\n                      <div class=\"elementor-gallery-item__overlay\"><\/div>\n                  <\/div>\n               <\/a>\n      \t\t\t\t<a\n                class=\"e-gallery-item elementor-gallery-item twbb-flex-end-item elementor-animated-content\" href=\"https:\/\/dumont.ee\/wp-content\/uploads\/2025\/03\/2025-03-11_15-40_Rahnu-poik-7-Lohusalu_Pistikupesad-scaled.jpg\" data-elementor-open-lightbox=\"yes\" data-elementor-lightbox-slideshow=\"all-fef7509\" data-e-action-hash=\"#elementor-action%3Aaction%3Dlightbox%26settings%3DeyJpZCI6MzkwOCwidXJsIjoiaHR0cHM6XC9cL2R1bW9udC5lZVwvd3AtY29udGVudFwvdXBsb2Fkc1wvMjAyNVwvMDNcLzIwMjUtMDMtMTFfMTUtNDBfUmFobnUtcG9pay03LUxvaHVzYWx1X1Bpc3Rpa3VwZXNhZC1zY2FsZWQuanBnIiwic2xpZGVzaG93IjoiYWxsLWZlZjc1MDkifQ%3D%3D\">\n        \n        <div class=\"twbb_item_image_section\">\n          <div class=\"e-gallery-image elementor-gallery-item__image\" data-thumbnail=\"https:\/\/dumont.ee\/wp-content\/uploads\/2025\/03\/2025-03-11_15-40_Rahnu-poik-7-Lohusalu_Pistikupesad-768x576.jpg\" data-width=\"640\" data-height=\"480\" alt=\"\" ><\/div>\n                      <div class=\"elementor-gallery-item__overlay\"><\/div>\n                  <\/div>\n               <\/a>\n      \t\t\t\t<a\n                class=\"e-gallery-item elementor-gallery-item twbb-flex-end-item elementor-animated-content\" href=\"https:\/\/dumont.ee\/wp-content\/uploads\/2025\/03\/2024-10-18_10-54_Leerimae-tee-12C_Seadmete-uhendamine-1-scaled.jpg\" data-elementor-open-lightbox=\"yes\" data-elementor-lightbox-slideshow=\"all-fef7509\" data-e-action-hash=\"#elementor-action%3Aaction%3Dlightbox%26settings%3DeyJpZCI6MzkwNywidXJsIjoiaHR0cHM6XC9cL2R1bW9udC5lZVwvd3AtY29udGVudFwvdXBsb2Fkc1wvMjAyNVwvMDNcLzIwMjQtMTAtMThfMTAtNTRfTGVlcmltYWUtdGVlLTEyQ19TZWFkbWV0ZS11aGVuZGFtaW5lLTEtc2NhbGVkLmpwZyIsInNsaWRlc2hvdyI6ImFsbC1mZWY3NTA5In0%3D\">\n        \n        <div class=\"twbb_item_image_section\">\n          <div class=\"e-gallery-image elementor-gallery-item__image\" data-thumbnail=\"https:\/\/dumont.ee\/wp-content\/uploads\/2025\/03\/2024-10-18_10-54_Leerimae-tee-12C_Seadmete-uhendamine-1-768x1024.jpg\" data-width=\"640\" data-height=\"853\" alt=\"\" ><\/div>\n                      <div class=\"elementor-gallery-item__overlay\"><\/div>\n                  <\/div>\n               <\/a>\n      \t\t\t\t<a\n                class=\"e-gallery-item elementor-gallery-item twbb-flex-end-item elementor-animated-content\" href=\"https:\/\/dumont.ee\/wp-content\/uploads\/2025\/03\/2024-01-15_15-55_Leerimae-tee-12C_Norkvoolu-kapp-scaled.jpg\" data-elementor-open-lightbox=\"yes\" data-elementor-lightbox-slideshow=\"all-fef7509\" data-e-action-hash=\"#elementor-action%3Aaction%3Dlightbox%26settings%3DeyJpZCI6MzkwNiwidXJsIjoiaHR0cHM6XC9cL2R1bW9udC5lZVwvd3AtY29udGVudFwvdXBsb2Fkc1wvMjAyNVwvMDNcLzIwMjQtMDEtMTVfMTUtNTVfTGVlcmltYWUtdGVlLTEyQ19Ob3Jrdm9vbHUta2FwcC1zY2FsZWQuanBnIiwic2xpZGVzaG93IjoiYWxsLWZlZjc1MDkifQ%3D%3D\">\n        \n        <div class=\"twbb_item_image_section\">\n          <div class=\"e-gallery-image elementor-gallery-item__image\" data-thumbnail=\"https:\/\/dumont.ee\/wp-content\/uploads\/2025\/03\/2024-01-15_15-55_Leerimae-tee-12C_Norkvoolu-kapp-768x432.jpg\" data-width=\"640\" data-height=\"360\" alt=\"\" ><\/div>\n                      <div class=\"elementor-gallery-item__overlay\"><\/div>\n                  <\/div>\n               <\/a>\n      \t\t\t\t<a\n                class=\"e-gallery-item elementor-gallery-item twbb-flex-end-item elementor-animated-content\" href=\"https:\/\/dumont.ee\/wp-content\/uploads\/2025\/03\/0DEC5E87-009E-4C9B-A388-97743BC9BB1F_1_105_c.jpeg\" data-elementor-open-lightbox=\"yes\" data-elementor-lightbox-slideshow=\"all-fef7509\" data-e-action-hash=\"#elementor-action%3Aaction%3Dlightbox%26settings%3DeyJpZCI6MzkwNCwidXJsIjoiaHR0cHM6XC9cL2R1bW9udC5lZVwvd3AtY29udGVudFwvdXBsb2Fkc1wvMjAyNVwvMDNcLzBERUM1RTg3LTAwOUUtNEM5Qi1BMzg4LTk3NzQzQkM5QkIxRl8xXzEwNV9jLmpwZWciLCJzbGlkZXNob3ciOiJhbGwtZmVmNzUwOSJ9\">\n        \n        <div class=\"twbb_item_image_section\">\n          <div class=\"e-gallery-image elementor-gallery-item__image\" data-thumbnail=\"https:\/\/dumont.ee\/wp-content\/uploads\/2025\/03\/0DEC5E87-009E-4C9B-A388-97743BC9BB1F_1_105_c.jpeg\" data-width=\"640\" data-height=\"853\" alt=\"\" ><\/div>\n                      <div class=\"elementor-gallery-item__overlay\"><\/div>\n                  <\/div>\n               <\/a>\n            <\/div>\n\n      \t\t\t\t<\/div>\n\t\t\t\t<\/div>\n\t\t\t\t\t<\/div>\n\t\t\t\t<\/div>\n\t\t\t\t<\/div>","protected":false},"excerpt":{"rendered":"<p>WiFi ja internetilahendused Tugev ja stabiilne \u00fchendus igas ruumis ning ka keerulisemates asukohtades T\u00f6\u00f6kindel interneti- ja v\u00f5rgulahendus on t\u00e4nap\u00e4eval oluline nii kodus kui ka ettev\u00f5ttes. H\u00e4sti planeeritud s\u00fcsteem tagab tugeva WiFi leviala, stabiilse \u00fchenduse ja sujuva t\u00f6\u00f6 k\u00f5igile seadmetele kogu hoones. Siit lehelt leiad n\u00e4iteid Dumont O\u00dc teostatud v\u00f5rgu- ja internetilahendustest, kus oleme \u00fchendanud sisev\u00f5rgu, [&hellip;]<\/p>\n","protected":false},"author":3,"featured_media":0,"parent":0,"menu_order":0,"comment_status":"closed","ping_status":"closed","template":"","meta":{"two_page_speed":[],"footnotes":""},"class_list":["post-3903","page","type-page","status-publish","hentry"],"_links":{"self":[{"href":"https:\/\/dumont.ee\/en\/wp-json\/wp\/v2\/pages\/3903","targetHints":{"allow":["GET"]}}],"collection":[{"href":"https:\/\/dumont.ee\/en\/wp-json\/wp\/v2\/pages"}],"about":[{"href":"https:\/\/dumont.ee\/en\/wp-json\/wp\/v2\/types\/page"}],"author":[{"embeddable":true,"href":"https:\/\/dumont.ee\/en\/wp-json\/wp\/v2\/users\/3"}],"replies":[{"embeddable":true,"href":"https:\/\/dumont.ee\/en\/wp-json\/wp\/v2\/comments?post=3903"}],"version-history":[{"count":7,"href":"https:\/\/dumont.ee\/en\/wp-json\/wp\/v2\/pages\/3903\/revisions"}],"predecessor-version":[{"id":4469,"href":"https:\/\/dumont.ee\/en\/wp-json\/wp\/v2\/pages\/3903\/revisions\/4469"}],"wp:attachment":[{"href":"https:\/\/dumont.ee\/en\/wp-json\/wp\/v2\/media?parent=3903"}],"curies":[{"name":"wp","href":"https:\/\/api.w.org\/{rel}","templated":true}]}}