{"id":2873,"date":"2025-02-23T10:53:32","date_gmt":"2025-02-23T07:53:32","guid":{"rendered":"https:\/\/dumont.ee\/privacy-policy\/"},"modified":"2026-04-10T11:33:33","modified_gmt":"2026-04-10T09:33:33","slug":"privaatsuspoliitika","status":"publish","type":"page","link":"https:\/\/dumont.ee\/en\/privaatsuspoliitika\/","title":{"rendered":"Privacy Policy"},"content":{"rendered":"<div data-elementor-type=\"wp-page\" data-elementor-id=\"2873\" class=\"elementor elementor-2873\">\n\t\t\t\t<div class=\"elementor-element elementor-element-53b08e3e e-flex e-con-boxed e-con e-parent\" data-id=\"53b08e3e\" data-element_type=\"container\" data-e-type=\"container\" data-settings=\"{&quot;background_background&quot;:&quot;classic&quot;}\">\n\t\t\t\t\t<div class=\"e-con-inner\">\n\t\t\t\t<div class=\"elementor-element elementor-element-3cf33ce0 elementor-widget elementor-widget-heading\" data-id=\"3cf33ce0\" data-element_type=\"widget\" data-e-type=\"widget\" data-widget_type=\"heading.default\">\n\t\t\t\t\t<h1 class=\"elementor-heading-title elementor-size-default\">Privacy Policy<\/h1>\t\t\t\t<\/div>\n\t\t\t\t\t<\/div>\n\t\t\t\t<\/div>\n\t\t<div class=\"elementor-element elementor-element-6af4dff e-flex e-con-boxed e-con e-parent\" data-id=\"6af4dff\" data-element_type=\"container\" data-e-type=\"container\">\n\t\t\t\t\t<div class=\"e-con-inner\">\n\t\t\t\t<div class=\"elementor-element elementor-element-bd08b04 elementor-widget elementor-widget-text-editor\" data-id=\"bd08b04\" data-element_type=\"widget\" data-e-type=\"widget\" data-widget_type=\"text-editor.default\">\n\t\t\t\t\t\t\t\t\t<p data-start=\"519\" data-end=\"552\"><span style=\"color: #0b173d;\"><strong data-start=\"519\" data-end=\"552\">Last updated: 10\/04\/2026<\/strong><\/span><\/p><p data-start=\"554\" data-end=\"1090\"><span style=\"color: #0b173d;\">Dumont O\u00dc respects your privacy and processes personal data in compliance with the EU General Data Protection Regulation (GDPR) and applicable Estonian legislation. This privacy policy explains what data we collect, how we use it, how long we retain it, and what your rights are. Data protection terms must be presented in a clear and understandable manner and must include, among other things, the purposes of processing, the legal basis, the retention period, possible recipients, and the rights of the data subject.<\/span><\/p><h2 data-section-id=\"1ay880u\" data-start=\"1092\" data-end=\"1115\"><span style=\"color: #0b173d;\">1. Controller<\/span><\/h2><p data-start=\"1117\" data-end=\"1201\"><span style=\"color: #0b173d;\"><strong data-start=\"1117\" data-end=\"1130\">Dumont O\u00dc<\/strong><\/span><br data-start=\"1130\" data-end=\"1133\" \/><span style=\"color: #0b173d;\">Address: \u00dclej\u00f5e tee 2b, Keila, Harju County<\/span><br data-start=\"1172\" data-end=\"1175\" \/><span style=\"color: #0b173d;\">Email: <strong data-start=\"1183\" data-end=\"1201\"><a class=\"decorated-link cursor-pointer\" style=\"color: #0b173d;\" href=\"mailto:info@dumont.ee\" target=\"_blank\" rel=\"noopener\" data-start=\"1185\" data-end=\"1199\">info@dumont.ee<\/a><\/strong><\/span><\/p><p data-start=\"1203\" data-end=\"1344\"><span style=\"color: #0b173d;\">If you have any questions regarding the processing of personal data or wish to exercise your data protection rights, please contact us by email.<\/span><\/p><h2 data-section-id=\"6zehwa\" data-start=\"1346\" data-end=\"1384\"><span style=\"color: #0b173d;\">2. What personal data do we collect<\/span><\/h2><p data-start=\"1386\" data-end=\"1416\"><span style=\"color: #0b173d;\">We may collect the following data:<\/span><\/p><ul data-start=\"1418\" data-end=\"1769\"><li data-section-id=\"1tcb4ua\" data-start=\"1418\" data-end=\"1442\"><span style=\"color: #0b173d;\">First and last name;<\/span><\/li><li data-section-id=\"c1cd6h\" data-start=\"1443\" data-end=\"1461\"><span style=\"color: #0b173d;\">email address;<\/span><\/li><li data-section-id=\"1wtme92\" data-start=\"1462\" data-end=\"1479\"><span style=\"color: #0b173d;\">Telephone number;<\/span><\/li><li data-section-id=\"1wvrvnb\" data-start=\"1480\" data-end=\"1564\"><span style=\"color: #0b173d;\">Company name and other details that you provide to us during your query or communication;<\/span><\/li><li data-section-id=\"phmjo8\" data-start=\"1565\" data-end=\"1618\"><span style=\"color: #0b173d;\">information conveyed about an object, service or project;<\/span><\/li><li data-section-id=\"lz4ik0\" data-start=\"1619\" data-end=\"1653\"><span style=\"color: #0b173d;\">correspondence and the content of inquiries;<\/span><\/li><li data-section-id=\"1xsu1ef\" data-start=\"1654\" data-end=\"1769\"><span style=\"color: #0b173d;\">Technical data on website usage, such as IP address, browser type, device technical information, and time of visit.<\/span><\/li><\/ul><p data-start=\"1771\" data-end=\"2004\"><span style=\"color: #0b173d;\">When using the website, technical data such as IP address, browser and operating system version, and time of visit may be collected to ensure the functioning, security, and development of the website.<\/span><\/p><h2 data-section-id=\"1sm9744\" data-start=\"2006\" data-end=\"2035\"><span style=\"color: #0b173d;\">3. How do we obtain data<\/span><\/h2><p data-start=\"2037\" data-end=\"2096\"><span style=\"color: #0b173d;\">We obtain personal data primarily directly from you, for example, when:<\/span><\/p><ul data-start=\"2098\" data-end=\"2238\"><li data-section-id=\"1ehichb\" data-start=\"2098\" data-end=\"2122\"><span style=\"color: #0b173d;\">Send us an email;<\/span><\/li><li data-section-id=\"19f70el\" data-start=\"2123\" data-end=\"2158\"><span style=\"color: #0b173d;\">you fill in the contact form on the website;<\/span><\/li><li data-section-id=\"53f6nf\" data-start=\"2159\" data-end=\"2210\"><span style=\"color: #0b173d;\">contact us or get in touch with us in any other way;<\/span><\/li><li data-section-id=\"14x2jgn\" data-start=\"2211\" data-end=\"2238\"><span style=\"color: #0b173d;\">You are using our website.<\/span><\/li><\/ul><p data-start=\"2240\" data-end=\"2434\"><span style=\"color: #0b173d;\">When data is collected directly from an individual, they must be provided with clear information regarding, but not limited to, the purpose of data use, the legal basis, the retention period, and their rights.<\/span><\/p><h2 data-section-id=\"1d8nrru\" data-start=\"2436\" data-end=\"2496\"><span style=\"color: #0b173d;\">4. Purposes and legal bases for processing personal data<\/span><\/h2><p data-start=\"2498\" data-end=\"2555\"><span style=\"color: #0b173d;\">We process personal data to achieve the following purposes:<\/span><\/p><p data-start=\"2557\" data-end=\"2754\"><span style=\"color: #0b173d;\"><strong data-start=\"2557\" data-end=\"2603\">Responding to queries and communicating with the customer<\/strong><\/span><br data-start=\"2603\" data-end=\"2606\" \/><span style=\"color: #0b173d;\">We process data to respond to enquires, generate quotes, arrange meetings and communicate with prospective or existing clients.<\/span><\/p><p data-start=\"2756\" data-end=\"2918\"><span style=\"color: #0b173d;\"><strong data-start=\"2756\" data-end=\"2798\">Provision of services and fulfilment of contract<\/strong><\/span><br data-start=\"2798\" data-end=\"2801\" \/><span style=\"color: #0b173d;\">If you order a service from us, we will process data for the preparation, conclusion, execution and aftercare of the contract.<\/span><\/p><p data-start=\"2920\" data-end=\"3088\"><span style=\"color: #0b173d;\"><strong data-start=\"2920\" data-end=\"2964\">Fulfilling statutory obligations<\/strong><\/span><br data-start=\"2964\" data-end=\"2967\" \/><span style=\"color: #0b173d;\">In certain cases, we need to process data to fulfil accounting, tax or other statutory obligations.<\/span><\/p><p data-start=\"3090\" data-end=\"3285\"><span style=\"color: #0b173d;\"><strong data-start=\"3090\" data-end=\"3139\">Website operation, security and development<\/strong><\/span><br data-start=\"3139\" data-end=\"3142\" \/><span style=\"color: #0b173d;\">We can process technical data to ensure website reliability, reduce security risks, resolve errors, and develop the website.<\/span><\/p><p data-start=\"3287\" data-end=\"3487\"><span style=\"color: #0b173d;\"><strong data-start=\"3287\" data-end=\"3306\">Legitimate interest<\/strong><\/span><br data-start=\"3306\" data-end=\"3309\" \/><span style=\"color: #0b173d;\">Where necessary, we process data on the basis of our legitimate interest, for example, to improve the quality of services, manage enquiries, protect claims or ensure IT security.<\/span><\/p><p data-start=\"3489\" data-end=\"3931\"><span style=\"color: #0b173d;\"><strong data-start=\"3489\" data-end=\"3501\">Consent<\/strong><\/span><br data-start=\"3501\" data-end=\"3504\" \/><span style=\"color: #0b173d;\">If we use non-essential cookies or send marketing messages, we will only do so with your consent, unless otherwise provided by law. The processing of personal data must always have a legal basis, such as the performance of a contract, compliance with a legal obligation, legitimate interest, or consent. Consent must be informed, voluntary, and it must be possible to withdraw it as easily as it was given.<\/span><\/p><h2 data-section-id=\"29jhpt\" data-start=\"3933\" data-end=\"3947\"><span style=\"color: #0b173d;\">5. Biscuits<\/span><\/h2><p data-start=\"3949\" data-end=\"4015\"><span style=\"color: #0b173d;\">Our website may use cookies and similar technologies.<\/span><\/p><p data-start=\"4017\" data-end=\"4137\"><span style=\"color: #0b173d;\"><strong data-start=\"4017\" data-end=\"4039\">Essential cookies<\/strong> may be used to ensure the main functions, security and technical operation of the website.<\/span><\/p><p data-start=\"4139\" data-end=\"4554\"><span style=\"color: #0b173d;\"><strong data-start=\"4139\" data-end=\"4200\">Analytical, preference or other non-essential cookies<\/strong> We can only install them if you have given your consent. If such cookies are used, the website visitor must be able to obtain information about the duration of the cookies, possible access by third parties, and the withdrawal of consent. Withdrawing consent must be as easy as giving it.<\/span><\/p><p data-start=\"4556\" data-end=\"4669\"><span style=\"color: #0b173d;\">If you wish, you can manage cookie usage through your browser settings or via the cookie consent displayed on the website.<\/span><\/p><h2 data-section-id=\"2dalgw\" data-start=\"4671\" data-end=\"4707\"><span style=\"color: #0b173d;\">6. To whom can we transfer data<\/span><\/h2><p data-start=\"4709\" data-end=\"4884\"><span style=\"color: #0b173d;\">We may transfer personal data only to the extent necessary for the provision of the service or for the fulfilment of obligations arising from legislation. Data recipients may include, for example:<\/span><\/p><ul data-start=\"4886\" data-end=\"5178\"><li data-section-id=\"xiwilz\" data-start=\"4886\" data-end=\"4926\"><span style=\"color: #0b173d;\">Web hosting and IT service providers;<\/span><\/li><li data-section-id=\"1w6pc2g\" data-start=\"4927\" data-end=\"4954\"><span style=\"color: #0b173d;\">email service providers;<\/span><\/li><li data-section-id=\"y5shw5\" data-start=\"4955\" data-end=\"5010\"><span style=\"color: #0b173d;\">Providers of accounting or legal advisory services;<\/span><\/li><li data-section-id=\"1sbcxcn\" data-start=\"5011\" data-end=\"5095\"><span style=\"color: #0b173d;\">partners or subcontractors, as may be necessary for the performance of a specific task;<\/span><\/li><li data-section-id=\"1q9khvr\" data-start=\"5096\" data-end=\"5178\"><span style=\"color: #0b173d;\">public authorities or supervisory authorities if the disclosure of data is required by law.<\/span><\/li><\/ul><p data-start=\"5180\" data-end=\"5409\"><span style=\"color: #0b173d;\">We do not sell your personal data to third parties. The data protection terms must clearly state who may receive a person's data, and whether data will be transferred outside the European Union.<\/span><\/p><p data-start=\"5411\" data-end=\"5603\"><span style=\"color: #0b173d;\">If any of our service providers are located outside the European Economic Area, we use appropriate safeguards when transferring data or avoid such transfers if there is no adequate basis for doing so.<\/span><\/p><h2 data-section-id=\"5o0cgl\" data-start=\"5605\" data-end=\"5640\"><span style=\"color: #0b173d;\">7. How long do we store data<\/span><\/h2><p data-start=\"5642\" data-end=\"5781\"><span style=\"color: #0b173d;\">Personal data will only be retained for as long as necessary to fulfil the purpose of collection or to comply with legal obligations.<\/span><\/p><p data-start=\"5783\" data-end=\"5825\"><span style=\"color: #0b173d;\">As a general rule, we proceed from the following principles:<\/span><\/p><ul data-start=\"5827\" data-end=\"6395\"><li data-section-id=\"dsj48p\" data-start=\"5827\" data-end=\"5993\"><span style=\"color: #0b173d;\">We retain data from queries and contact forms for as long as necessary to respond to the query and continue communication, generally for up to 24 months from the last contact.;<\/span><\/li><li data-section-id=\"gkxlcj\" data-start=\"5994\" data-end=\"6111\"><span style=\"color: #0b173d;\">We retain data relating to contracts, invoices and other accounting documents for the period required by law.;<\/span><\/li><li data-section-id=\"1sgbh5x\" data-start=\"6112\" data-end=\"6290\"><span style=\"color: #0b173d;\">We retain technical logs and security-related data for as long as is reasonably necessary for system protection, troubleshooting, or the safeguarding of legitimate interests.;<\/span><\/li><li data-section-id=\"1mf3d42\" data-start=\"6291\" data-end=\"6395\"><span style=\"color: #0b173d;\">We retain data collected on the basis of consent until consent is withdrawn or the purpose ceases to be relevant.<\/span><\/li><\/ul><p data-start=\"6397\" data-end=\"6575\"><span style=\"color: #0b173d;\">Under GDPR, individuals must also be informed about how long their data will be stored or on what criteria the storage period will be determined.<\/span><\/p><h2 data-section-id=\"r43k9e\" data-start=\"6577\" data-end=\"6595\"><span style=\"color: #0b173d;\">8. Your rights<\/span><\/h2><p data-start=\"6597\" data-end=\"6656\"><span style=\"color: #0b173d;\">You have the following rights concerning the processing of personal data:<\/span><\/p><ul data-start=\"6658\" data-end=\"7120\"><li data-section-id=\"1g35fxd\" data-start=\"6658\" data-end=\"6702\"><span style=\"color: #0b173d;\">Get information about the processing of your data;<\/span><\/li><li data-section-id=\"10i6ap\" data-start=\"6703\" data-end=\"6743\"><span style=\"color: #0b173d;\">request access to your personal data;<\/span><\/li><li data-section-id=\"zzilv9\" data-start=\"6744\" data-end=\"6800\"><span style=\"color: #0b173d;\">to demand the correction of inaccurate or incomplete data;<\/span><\/li><li data-section-id=\"1yuvn4\" data-start=\"6801\" data-end=\"6862\"><span style=\"color: #0b173d;\">request data deletion where there is a legal basis;<\/span><\/li><li data-section-id=\"1ta68cx\" data-start=\"6863\" data-end=\"6900\"><span style=\"color: #0b173d;\">to request the restriction of processing of personal data;<\/span><\/li><li data-section-id=\"6q5h8e\" data-start=\"6901\" data-end=\"6945\"><span style=\"color: #0b173d;\">object to data processing;<\/span><\/li><li data-section-id=\"funttk\" data-start=\"6946\" data-end=\"7014\"><span style=\"color: #0b173d;\">provide your data in a structured format, where applicable;<\/span><\/li><li data-section-id=\"a9ums1\" data-start=\"7015\" data-end=\"7074\"><span style=\"color: #0b173d;\">withdraw consent where processing is based on consent;<\/span><\/li><li data-section-id=\"1l6g70q\" data-start=\"7075\" data-end=\"7120\"><span style=\"color: #0b173d;\">a complaint lodged with the Data Protection Inspectorate.<\/span><\/li><\/ul><p data-start=\"7122\" data-end=\"7460\"><span style=\"color: #0b173d;\">Among other things, GDPR gives people the right to be informed, to access their data, to rectify inaccurate data, to request erasure, to restrict processing, to data portability, and to object. Individuals also have the right to lodge a complaint with a supervisory authority for data protection.<\/span><\/p><p data-start=\"7462\" data-end=\"7653\"><span style=\"color: #0b173d;\">If you wish to exercise any of your rights, please write to us at <strong data-start=\"7527\" data-end=\"7545\"><a class=\"decorated-link cursor-pointer\" style=\"color: #0b173d;\" href=\"mailto:info@dumont.ee\" target=\"_blank\" rel=\"noopener\" data-start=\"7529\" data-end=\"7543\">info@dumont.ee<\/a><\/strong>. We will respond to your request within a reasonable time and, if necessary, ask for additional information to identify you.<\/span><\/p><h2 data-section-id=\"ra75n8\" data-start=\"7655\" data-end=\"7679\"><span style=\"color: #0b173d;\">9. Data security<\/span><\/h2><p data-start=\"7681\" data-end=\"7931\"><span style=\"color: #0b173d;\">We implement reasonable technical and organisational security measures to protect personal data from unauthorised access, disclosure, alteration or destruction. Access to data is limited to those individuals who require it to perform their job duties.<\/span><\/p><h2 data-section-id=\"1c35g07\" data-start=\"7933\" data-end=\"7982\"><span style=\"color: #0b173d;\">10. Automated decision-making and profiling<\/span><\/h2><p data-start=\"7984\" data-end=\"8156\"><span style=\"color: #0b173d;\">We do not make automated decisions based on your personal data alone, nor do we use profiling in a way that would have significant legal or similarly significant consequences for you.<\/span><\/p><h2 data-section-id=\"1cu9se3\" data-start=\"8158\" data-end=\"8196\"><span style=\"color: #0b173d;\">11. Changes to the Privacy Policy<\/span><\/h2><p data-start=\"8198\" data-end=\"8418\"><span style=\"color: #0b173d;\">We may update this privacy policy from time to time to comply with legislation, our website's functionality or the development of our services. The updated version will be published on our website along with the date of last update.<\/span><\/p><h2 data-section-id=\"smb85k\" data-start=\"8420\" data-end=\"8434\"><span style=\"color: #0b173d;\">12. Contact<\/span><\/h2><p data-start=\"8436\" data-end=\"8548\"><span style=\"color: #0b173d;\">If you have questions about this privacy policy or wish to exercise your rights, please contact us:<\/span><\/p><p data-start=\"8550\" data-end=\"8592\"><span style=\"color: #0b173d;\"><strong data-start=\"8550\" data-end=\"8563\">Dumont O\u00dc<\/strong><\/span><br data-start=\"8563\" data-end=\"8566\" \/><span style=\"color: #0b173d;\"><strong data-start=\"8566\" data-end=\"8592\">Email: <a class=\"decorated-link cursor-pointer\" style=\"color: #0b173d;\" href=\"mailto:info@dumont.ee\" target=\"_blank\" rel=\"noopener\" data-start=\"8576\" data-end=\"8590\">info@dumont.ee<\/a><\/strong><\/span><\/p>\t\t\t\t\t\t\t\t<\/div>\n\t\t\t\t\t<\/div>\n\t\t\t\t<\/div>\n\t\t\t\t<\/div>","protected":false},"excerpt":{"rendered":"<p>Privaatsuspoliitika Viimati uuendatud: 10.04.2026 Dumont O\u00dc austab teie privaatsust ja t\u00f6\u00f6tleb isikuandmeid koosk\u00f5las Euroopa Liidu isikuandmete kaitse \u00fcldm\u00e4\u00e4ruse (GDPR) ning kohalduvate Eesti \u00f5igusaktidega. K\u00e4esolev privaatsuspoliitika selgitab, milliseid andmeid me kogume, milleks neid kasutame, kui kaua s\u00e4ilitame ning millised on teie \u00f5igused. Andmekaitsetingimused peavad olema esitatud selgel ja arusaadaval kujul ning sisaldama muu hulgas t\u00f6\u00f6tlemise eesm\u00e4rke, [&hellip;]<\/p>\n","protected":false},"author":3,"featured_media":0,"parent":0,"menu_order":0,"comment_status":"closed","ping_status":"closed","template":"","meta":{"two_page_speed":[],"footnotes":""},"class_list":["post-2873","page","type-page","status-publish","hentry"],"_links":{"self":[{"href":"https:\/\/dumont.ee\/en\/wp-json\/wp\/v2\/pages\/2873","targetHints":{"allow":["GET"]}}],"collection":[{"href":"https:\/\/dumont.ee\/en\/wp-json\/wp\/v2\/pages"}],"about":[{"href":"https:\/\/dumont.ee\/en\/wp-json\/wp\/v2\/types\/page"}],"author":[{"embeddable":true,"href":"https:\/\/dumont.ee\/en\/wp-json\/wp\/v2\/users\/3"}],"replies":[{"embeddable":true,"href":"https:\/\/dumont.ee\/en\/wp-json\/wp\/v2\/comments?post=2873"}],"version-history":[{"count":10,"href":"https:\/\/dumont.ee\/en\/wp-json\/wp\/v2\/pages\/2873\/revisions"}],"predecessor-version":[{"id":4484,"href":"https:\/\/dumont.ee\/en\/wp-json\/wp\/v2\/pages\/2873\/revisions\/4484"}],"wp:attachment":[{"href":"https:\/\/dumont.ee\/en\/wp-json\/wp\/v2\/media?parent=2873"}],"curies":[{"name":"wp","href":"https:\/\/api.w.org\/{rel}","templated":true}]}}